{"id":2987,"date":"2021-04-30T07:54:23","date_gmt":"2021-04-30T07:54:23","guid":{"rendered":"http:\/\/ludzie.fundacja-pih.pl\/?post_type=product&#038;p=2987"},"modified":"2025-05-16T14:20:09","modified_gmt":"2025-05-16T14:20:09","slug":"wanke-jakubowska-malgorzata","status":"publish","type":"product","link":"http:\/\/ludzie.fundacja-pih.pl\/index.php\/product\/wanke-jakubowska-malgorzata\/","title":{"rendered":"Wanke-Jakubowska Ma\u0142gorzata"},"content":{"rendered":"<p>Absolwentka Uniwersytetu Wroc\u0142awskiego, z wykszta\u0142cenia matematyk teoretyk, specjalista PR, przez 18 lat rzecznik prasowy Uniwersytetu Przyrodniczego we Wroc\u0142awiu. Wsp\u00f3\u0142tworzy\u0142a pierwszy \u201eRaport o stanie nauki w Polsce\u201d. Wsp\u00f3\u0142autorka pi\u0119ciu ksi\u0105\u017cek o bohaterach \u201eSolidarno\u015bci\u201d. Odznaczona Medalem \u201eNiez\u0142omni\u201d (2013) i Medalem \u201eZas\u0142u\u017cony dla Wroc\u0142awia \u2013 Merito de Wratislavia\u201d (2016).<\/p>\n<p>www.wszystkoconajwazniejsze.pl\/<\/p>\n","protected":false},"excerpt":{"rendered":"<p>Absolwentka Uniwersytetu Wroc\u0142awskiego, z wykszta\u0142cenia matematyk teoretyk, specjalista PR, przez 18 lat rzecznik prasowy Uniwersytetu Przyrodniczego we Wroc\u0142awiu. Wsp\u00f3\u0142tworzy\u0142a pierwszy \u201eRaport o stanie nauki w Polsce\u201d. Wsp\u00f3\u0142autorka pi\u0119ciu ksi\u0105\u017cek o bohaterach \u201eSolidarno\u015bci\u201d. Odznaczona Medalem \u201eNiez\u0142omni\u201d (2013) i Medalem \u201eZas\u0142u\u017cony dla Wroc\u0142awia \u2013 Merito de Wratislavia\u201d (2016). www.wszystkoconajwazniejsze.pl\/<\/p>\n","protected":false},"featured_media":2988,"template":"","meta":[],"_links":{"self":[{"href":"http:\/\/ludzie.fundacja-pih.pl\/index.php\/wp-json\/wp\/v2\/product\/2987"}],"collection":[{"href":"http:\/\/ludzie.fundacja-pih.pl\/index.php\/wp-json\/wp\/v2\/product"}],"about":[{"href":"http:\/\/ludzie.fundacja-pih.pl\/index.php\/wp-json\/wp\/v2\/types\/product"}],"wp:featuredmedia":[{"embeddable":true,"href":"http:\/\/ludzie.fundacja-pih.pl\/index.php\/wp-json\/wp\/v2\/media\/2988"}],"wp:attachment":[{"href":"http:\/\/ludzie.fundacja-pih.pl\/index.php\/wp-json\/wp\/v2\/media?parent=2987"}],"curies":[{"name":"wp","href":"https:\/\/api.w.org\/{rel}","templated":true}]}}