{"id":2991,"date":"2021-04-30T07:55:45","date_gmt":"2021-04-30T07:55:45","guid":{"rendered":"http:\/\/ludzie.fundacja-pih.pl\/?post_type=product&#038;p=2991"},"modified":"2025-05-16T14:20:10","modified_gmt":"2025-05-16T14:20:10","slug":"wiejacha-tomasz","status":"publish","type":"product","link":"http:\/\/ludzie.fundacja-pih.pl\/index.php\/product\/wiejacha-tomasz\/","title":{"rendered":"Wiejacha Tomasz"},"content":{"rendered":"<p>Urodzi\u0142 si\u0119 5 pa\u017adziernika 1970 roku w Krakowie. <\/p>\n<p>Po wprowadzeniu stanu wojennego zajmowa\u0142 si\u0119 kolporta\u017cem prasy podziemnej. W jego domu rodzinnym funkcjonowa\u0142a konspiracyjna drukarnia oraz tzw. skrzynka kontaktowa Porozumienia Prasowego \u201eSolidarno\u015b\u0107 Zwyci\u0119\u017cy\u201d, \u201eSolidarno\u015bci Walcz\u0105cej\u201d, Og\u00f3lnopolskiego Komitetu Oporu Rolnik\u00f3w. Odbywa\u0142y si\u0119 w nim r\u00f3wnie\u017c spotkania konspiracyjne, dostawa i odbi\u00f3r wydawnictw podziemnych, papieru, farby drukarskiej oraz pomocy humanitarnej rozdzielanej nast\u0119pnie po\u015br\u00f3d drukarzy, rodzin represjonowanych i wi\u0119zionych dzia\u0142aczy, w\u0142a\u015bcicieli mieszka\u0144 \u2013 skrzynek kontaktowych. Tomasz Wiejacha pomaga\u0142 w druku w podziemnej drukarni u pa\u0144stwa Fryderyki i Macieja \u0141azar\u00f3w w Krakowie \u2013 P\u0142aszowie. Nast\u0119pnie razem z Paw\u0142em Tarnawskim i Ann\u0105 Dresler zacz\u0119li wydawa\u0107 konspiracyjne pismo adresowane do m\u0142odzie\u017cy szk\u00f3\u0142 \u015brednich pt. \u201eNasz G\u0142os\u201d. Razem zajmowali si\u0119 jego rozprowadzaniem. W 2007 roku Tomasz Wiejacha zosta\u0142 odznaczony medalem okoliczno\u015bciowym \u201eNiez\u0142omnym w S\u0142owie\u201d.<\/p>\n","protected":false},"excerpt":{"rendered":"<p>Urodzi\u0142 si\u0119 5 pa\u017adziernika 1970 roku w Krakowie. Po wprowadzeniu stanu wojennego zajmowa\u0142 si\u0119 kolporta\u017cem prasy podziemnej. W jego domu rodzinnym funkcjonowa\u0142a konspiracyjna drukarnia oraz tzw. skrzynka kontaktowa Porozumienia Prasowego \u201eSolidarno\u015b\u0107 Zwyci\u0119\u017cy\u201d, \u201eSolidarno\u015bci Walcz\u0105cej\u201d, Og\u00f3lnopolskiego Komitetu Oporu Rolnik\u00f3w. Odbywa\u0142y si\u0119 w nim r\u00f3wnie\u017c spotkania konspiracyjne, dostawa i odbi\u00f3r wydawnictw podziemnych, papieru, farby drukarskiej oraz pomocy [&hellip;]<\/p>\n","protected":false},"featured_media":2992,"template":"","meta":[],"_links":{"self":[{"href":"http:\/\/ludzie.fundacja-pih.pl\/index.php\/wp-json\/wp\/v2\/product\/2991"}],"collection":[{"href":"http:\/\/ludzie.fundacja-pih.pl\/index.php\/wp-json\/wp\/v2\/product"}],"about":[{"href":"http:\/\/ludzie.fundacja-pih.pl\/index.php\/wp-json\/wp\/v2\/types\/product"}],"wp:featuredmedia":[{"embeddable":true,"href":"http:\/\/ludzie.fundacja-pih.pl\/index.php\/wp-json\/wp\/v2\/media\/2992"}],"wp:attachment":[{"href":"http:\/\/ludzie.fundacja-pih.pl\/index.php\/wp-json\/wp\/v2\/media?parent=2991"}],"curies":[{"name":"wp","href":"https:\/\/api.w.org\/{rel}","templated":true}]}}