{"id":2993,"date":"2021-04-30T07:57:55","date_gmt":"2021-04-30T07:57:55","guid":{"rendered":"http:\/\/ludzie.fundacja-pih.pl\/?post_type=product&#038;p=2993"},"modified":"2025-05-16T14:20:11","modified_gmt":"2025-05-16T14:20:11","slug":"wiszniewski-andrzej","status":"publish","type":"product","link":"http:\/\/ludzie.fundacja-pih.pl\/index.php\/product\/wiszniewski-andrzej\/","title":{"rendered":"Wiszniewski Andrzej"},"content":{"rendered":"<p>Urodzi\u0142 si\u0119 15 lutego 1935 roku w Warszawie.<\/p>\n<p>W 1952 roku uko\u0144czy\u0142 nauk\u0119 w III LO we Wroc\u0142awiu. W 1957 roku uko\u0144czy\u0142 studia na Wydziale Elektrycznym Politechniki Wroc\u0142awskiej. W 1961 roku uzyska\u0142 stopie\u0144 doktora, a w 1966 doktora habilitowanego. W 1972 roku otrzyma\u0142 tytu\u0142 profesora nauk technicznych. Zawodowo od pocz\u0105tku zwi\u0105zany z Politechnik\u0105 Wroc\u0142awsk\u0105. Od 1966 roku do 1991 roku, by\u0142 kierownikiem Zak\u0142adu Automatyki i Sterowania w Energetyce Instytutu Energoelektryki, w 1981 pe\u0142ni\u0142 funkcj\u0119 prorektora, a w latach 1990 \u2013 1996 sprawowa\u0142 urz\u0105d rektora Politechniki Wroc\u0142awskiej. Od 1951 roku do roku 1956 nale\u017ca\u0142 do Zwi\u0105zku M\u0142odzie\u017cy Polskiej. W 1980 roku wst\u0105pi\u0142 do NSZZ \u201eSolidarno\u015b\u0107\u201d. Po wprowadzeniu stanu wojennego organizowa\u0142 strajk okupacyjny na uczelni. Wkr\u00f3tce p\u00f3\u017aniej zosta\u0142 usuni\u0119ty z obj\u0119tego kilka miesi\u0119cy wcze\u015bniej stanowiska prorektora. Internowany, a w 1982 roku skazany na kar\u0119 dw\u00f3ch lat pozbawienia wolno\u015bci z warunkowym zawieszeniem jej wykonania. Po wyj\u015bciu na wolno\u015b\u0107 dzia\u0142a\u0142 w podziemiu, wsp\u00f3\u0142pracowa\u0142 z wydawnictwami niezale\u017cnymi i \u015brodowiskiem \u201eSolidarno\u015bci Walcz\u0105cej\u201d. Pod koniec lat dziewi\u0119\u0107dziesi\u0105tych XX wieku roku zosta\u0142<br \/>\nministrem-cz\u0142onkiem Rady Ministr\u00f3w i przewodnicz\u0105cym Komitetu Bada\u0144 Naukowych oraz sprawowa\u0142 urz\u0105d ministra nauki. W 1979 roku otrzyma\u0142 Krzy\u017c Kawalerski, w 2005 roku Krzy\u017c Oficerski, a w 2009 roku Krzy\u017c Komandorski Orderu Odrodzenia Polski. W 1999 roku otrzyma\u0142 peruwia\u0144ski Order Zas\u0142ugi za Wybitn\u0105 S\u0142u\u017cb\u0119. W 1993 roku zosta\u0142 r\u00f3wnie\u017c wyr\u00f3\u017cniony tytu\u0142em doctora honoris causa Central Connecticut State University, a w 2001 roku Politechniki Wroc\u0142awskiej. W 2010 roku zosta\u0142 odznaczony Krzy\u017cem Solidarno\u015bci Walcz\u0105cej.<\/p>\n","protected":false},"excerpt":{"rendered":"<p>Urodzi\u0142 si\u0119 15 lutego 1935 roku w Warszawie. W 1952 roku uko\u0144czy\u0142 nauk\u0119 w III LO we Wroc\u0142awiu. W 1957 roku uko\u0144czy\u0142 studia na Wydziale Elektrycznym Politechniki Wroc\u0142awskiej. W 1961 roku uzyska\u0142 stopie\u0144 doktora, a w 1966 doktora habilitowanego. W 1972 roku otrzyma\u0142 tytu\u0142 profesora nauk technicznych. Zawodowo od pocz\u0105tku zwi\u0105zany z Politechnik\u0105 Wroc\u0142awsk\u0105. Od [&hellip;]<\/p>\n","protected":false},"featured_media":2994,"template":"","meta":[],"_links":{"self":[{"href":"http:\/\/ludzie.fundacja-pih.pl\/index.php\/wp-json\/wp\/v2\/product\/2993"}],"collection":[{"href":"http:\/\/ludzie.fundacja-pih.pl\/index.php\/wp-json\/wp\/v2\/product"}],"about":[{"href":"http:\/\/ludzie.fundacja-pih.pl\/index.php\/wp-json\/wp\/v2\/types\/product"}],"wp:featuredmedia":[{"embeddable":true,"href":"http:\/\/ludzie.fundacja-pih.pl\/index.php\/wp-json\/wp\/v2\/media\/2994"}],"wp:attachment":[{"href":"http:\/\/ludzie.fundacja-pih.pl\/index.php\/wp-json\/wp\/v2\/media?parent=2993"}],"curies":[{"name":"wp","href":"https:\/\/api.w.org\/{rel}","templated":true}]}}