{"id":2999,"date":"2021-04-30T08:01:46","date_gmt":"2021-04-30T08:01:46","guid":{"rendered":"http:\/\/ludzie.fundacja-pih.pl\/?post_type=product&#038;p=2999"},"modified":"2025-05-16T14:20:13","modified_gmt":"2025-05-16T14:20:13","slug":"zaleski-roman","status":"publish","type":"product","link":"http:\/\/ludzie.fundacja-pih.pl\/index.php\/product\/zaleski-roman\/","title":{"rendered":"Zaleski Roman"},"content":{"rendered":"<p>W latach 1988\u20131992 dzia\u0142a\u0142 w \u201eSolidarno\u015bci Walcz\u0105cej\u201d. Udziela\u0142 znacz\u0105cej pomocy w zakresie sprz\u0119tu, materia\u0142\u00f3w, szkole\u0144 i informacji dzia\u0142aczom niepodleg\u0142o\u015bciowym Litwy, \u0141otwy, Estonii, Ukrainy, Bia\u0142orusi, a tak\u017ce Mo\u0142dawii, Gruzji, Kazachstanu, Armenii, Azerbejd\u017canu, Uzbekistanu i Rosji.<\/p>\n","protected":false},"excerpt":{"rendered":"<p>W latach 1988\u20131992 dzia\u0142a\u0142 w \u201eSolidarno\u015bci Walcz\u0105cej\u201d. Udziela\u0142 znacz\u0105cej pomocy w zakresie sprz\u0119tu, materia\u0142\u00f3w, szkole\u0144 i informacji dzia\u0142aczom niepodleg\u0142o\u015bciowym Litwy, \u0141otwy, Estonii, Ukrainy, Bia\u0142orusi, a tak\u017ce Mo\u0142dawii, Gruzji, Kazachstanu, Armenii, Azerbejd\u017canu, Uzbekistanu i Rosji.<\/p>\n","protected":false},"featured_media":3000,"template":"","meta":[],"_links":{"self":[{"href":"http:\/\/ludzie.fundacja-pih.pl\/index.php\/wp-json\/wp\/v2\/product\/2999"}],"collection":[{"href":"http:\/\/ludzie.fundacja-pih.pl\/index.php\/wp-json\/wp\/v2\/product"}],"about":[{"href":"http:\/\/ludzie.fundacja-pih.pl\/index.php\/wp-json\/wp\/v2\/types\/product"}],"wp:featuredmedia":[{"embeddable":true,"href":"http:\/\/ludzie.fundacja-pih.pl\/index.php\/wp-json\/wp\/v2\/media\/3000"}],"wp:attachment":[{"href":"http:\/\/ludzie.fundacja-pih.pl\/index.php\/wp-json\/wp\/v2\/media?parent=2999"}],"curies":[{"name":"wp","href":"https:\/\/api.w.org\/{rel}","templated":true}]}}