{"id":3001,"date":"2021-04-30T08:03:17","date_gmt":"2021-04-30T08:03:17","guid":{"rendered":"http:\/\/ludzie.fundacja-pih.pl\/?post_type=product&#038;p=3001"},"modified":"2025-05-16T14:20:14","modified_gmt":"2025-05-16T14:20:14","slug":"wojcik-tomasz","status":"publish","type":"product","link":"http:\/\/ludzie.fundacja-pih.pl\/index.php\/product\/wojcik-tomasz\/","title":{"rendered":"W\u00f3jcik Tomasz"},"content":{"rendered":"<p>Urodzi\u0142 si\u0119 18 maja 1945 roku w G\u0105dkowie Wielkim.<\/p>\n<p>W latach 1969 &#8211; 1990 by\u0142 pracownikiem technicznym, asystentem i nast\u0119pnie adiunktem na Politechnice Wroc\u0142awskiej. W latach 1963 \u2013 1968 pe\u0142ni\u0142 tak\u017ce funkcj\u0119 szefa Komisji Zwi\u0105zku Student\u00f3w Polskich. W marcu 1968 roku Tomasz W\u00f3jcik bra\u0142 czynny udzia\u0142 w strajku na Politechnice Wroc\u0142awskiej, za co zosta\u0142 w kwietniu zatrzymany i przetrzymywany w Areszcie \u015aledczym we Wroc\u0142awiu. W konsekwencji zosta\u0142 skazany przez S\u0105d Wojew\u00f3dzki we Wroc\u0142awiu na 8 miesi\u0119cy wi\u0119zienia. Zwolniono go w pa\u017adzierniku 1968 roku. Jeszcze jako student Politechniki Wroc\u0142awskiej zajmowa\u0142 si\u0119 produkcj\u0105 i kolporta\u017cem ulotek oraz przechowywa\u0142 w mieszkaniu literatur\u0119 bezdebitow\u0105. We wrze\u015bniu 1980 roku rozpocz\u0105\u0142 dzia\u0142alno\u015b\u0107 opozycyjn\u0105 w strukturach \u201eSolidarno\u015bci\u201d, by\u0142 tak\u017ce za\u0142o\u017cycielem i przewodnicz\u0105cym Komitetu Za\u0142o\u017cycielskiego, a nast\u0119pnie Komitetu Za\u0142o\u017cycielskiego \u201eSolidarno\u015b\u0107\u201d na Politechnice Wroc\u0142awskiej. W zwi\u0105zku z prowadzona dzia\u0142alno\u015bci\u0105, zosta\u0142 zatrzymany 8 marca 1982 roku. By\u0142 trzykrotnie internowany w o\u015brodkach odosobnienia w Nysie i Strzelinie. Od 1983 roku nale\u017ca\u0142 do Regionalnego Komitetu Strajkowego \u201eSolidarno\u015b\u0107\u201d we Wroc\u0142awiu (z ramienia uczelni wroc\u0142awskich), a w latach 1988 \u2013 1989 pe\u0142ni\u0142 tam funkcj\u0119 przewodnicz\u0105cego. W latach 1984 \u2013 1989 pisa\u0142 artyku\u0142y do podziemnego czasopisma Solidarno\u015bci Walcz\u0105cej \u201eZ Dnia na Dzie\u0144\u201d.<\/p>\n","protected":false},"excerpt":{"rendered":"<p>Urodzi\u0142 si\u0119 18 maja 1945 roku w G\u0105dkowie Wielkim. W latach 1969 &#8211; 1990 by\u0142 pracownikiem technicznym, asystentem i nast\u0119pnie adiunktem na Politechnice Wroc\u0142awskiej. W latach 1963 \u2013 1968 pe\u0142ni\u0142 tak\u017ce funkcj\u0119 szefa Komisji Zwi\u0105zku Student\u00f3w Polskich. W marcu 1968 roku Tomasz W\u00f3jcik bra\u0142 czynny udzia\u0142 w strajku na Politechnice Wroc\u0142awskiej, za co zosta\u0142 w [&hellip;]<\/p>\n","protected":false},"featured_media":3002,"template":"","meta":[],"_links":{"self":[{"href":"http:\/\/ludzie.fundacja-pih.pl\/index.php\/wp-json\/wp\/v2\/product\/3001"}],"collection":[{"href":"http:\/\/ludzie.fundacja-pih.pl\/index.php\/wp-json\/wp\/v2\/product"}],"about":[{"href":"http:\/\/ludzie.fundacja-pih.pl\/index.php\/wp-json\/wp\/v2\/types\/product"}],"wp:featuredmedia":[{"embeddable":true,"href":"http:\/\/ludzie.fundacja-pih.pl\/index.php\/wp-json\/wp\/v2\/media\/3002"}],"wp:attachment":[{"href":"http:\/\/ludzie.fundacja-pih.pl\/index.php\/wp-json\/wp\/v2\/media?parent=3001"}],"curies":[{"name":"wp","href":"https:\/\/api.w.org\/{rel}","templated":true}]}}