{"id":3005,"date":"2021-04-30T08:27:23","date_gmt":"2021-04-30T08:27:23","guid":{"rendered":"http:\/\/ludzie.fundacja-pih.pl\/?post_type=product&#038;p=3005"},"modified":"2025-05-16T14:20:14","modified_gmt":"2025-05-16T14:20:14","slug":"maciag-rafal","status":"publish","type":"product","link":"http:\/\/ludzie.fundacja-pih.pl\/index.php\/product\/maciag-rafal\/","title":{"rendered":"Maci\u0105g Rafa\u0142"},"content":{"rendered":"<p>Urodzi\u0142 si\u0119 4 lutego 1972 roku.<\/p>\n<p>By\u0142 uczniem Liceum Og\u00f3lnokszta\u0142c\u0105cego im. J. S\u0142owackiego w Ole\u015bnicy. Kolportowa\u0142 wydawnictwa podziemne, bra\u0142 udzia\u0142 w antyre\u017cimowych manifestacjach, wykonywa\u0142 r\u00f3wnie\u017c zadania kurierskie na linii Wroc\u0142aw &#8211; Namys\u0142\u00f3w. W latach 1988 &#8211; 1989 nale\u017ca\u0142 do Niezale\u017cnego Ruchu Uczniowskiego w Ole\u015bnicy, w ramach kt\u00f3rego kolportowa\u0142 m\u0142odzie\u017cowe pisma niezale\u017cne, drukowane we Wroc\u0142awiu takie jak: \u201ePonuraczek\u201d czy \u201eBOSS\u201d. Od 1988 roku utrzymywa\u0142 kontakt z zarz\u0105dem zak\u0142adowej Solidarno\u015bci DZPS \u201eOdra\u201d w Ole\u015bnicy, dostarczaj\u0105c pras\u0119 podziemn\u0105 z Wroc\u0142awia, w tym g\u0142\u00f3wnie \u201eSolidarno\u015b\u0107 Walcz\u0105c\u0105\u201d. W lipcu 1988 roku zosta\u0142 cz\u0142onkiem \u201eSolidarno\u015bci Walcz\u0105cej\u201d. Uczestniczy\u0142 tak\u017ce dzia\u0142aniach ole\u015bnickiej \u201eSolidarno\u015bci\u201d. <\/p>\n","protected":false},"excerpt":{"rendered":"<p>Urodzi\u0142 si\u0119 4 lutego 1972 roku. By\u0142 uczniem Liceum Og\u00f3lnokszta\u0142c\u0105cego im. J. S\u0142owackiego w Ole\u015bnicy. Kolportowa\u0142 wydawnictwa podziemne, bra\u0142 udzia\u0142 w antyre\u017cimowych manifestacjach, wykonywa\u0142 r\u00f3wnie\u017c zadania kurierskie na linii Wroc\u0142aw &#8211; Namys\u0142\u00f3w. W latach 1988 &#8211; 1989 nale\u017ca\u0142 do Niezale\u017cnego Ruchu Uczniowskiego w Ole\u015bnicy, w ramach kt\u00f3rego kolportowa\u0142 m\u0142odzie\u017cowe pisma niezale\u017cne, drukowane we Wroc\u0142awiu takie [&hellip;]<\/p>\n","protected":false},"featured_media":3006,"template":"","meta":[],"_links":{"self":[{"href":"http:\/\/ludzie.fundacja-pih.pl\/index.php\/wp-json\/wp\/v2\/product\/3005"}],"collection":[{"href":"http:\/\/ludzie.fundacja-pih.pl\/index.php\/wp-json\/wp\/v2\/product"}],"about":[{"href":"http:\/\/ludzie.fundacja-pih.pl\/index.php\/wp-json\/wp\/v2\/types\/product"}],"wp:featuredmedia":[{"embeddable":true,"href":"http:\/\/ludzie.fundacja-pih.pl\/index.php\/wp-json\/wp\/v2\/media\/3006"}],"wp:attachment":[{"href":"http:\/\/ludzie.fundacja-pih.pl\/index.php\/wp-json\/wp\/v2\/media?parent=3005"}],"curies":[{"name":"wp","href":"https:\/\/api.w.org\/{rel}","templated":true}]}}