{"id":3008,"date":"2021-04-30T08:32:48","date_gmt":"2021-04-30T08:32:48","guid":{"rendered":"http:\/\/ludzie.fundacja-pih.pl\/?post_type=product&#038;p=3008"},"modified":"2025-05-16T14:20:15","modified_gmt":"2025-05-16T14:20:15","slug":"tabor-jan","status":"publish","type":"product","link":"http:\/\/ludzie.fundacja-pih.pl\/index.php\/product\/tabor-jan\/","title":{"rendered":"Tabor Jan"},"content":{"rendered":"<p>Urodzi\u0142 si\u0119 11 pa\u017adziernika 1954 roku w \u017barach.<\/p>\n<p>W dniach 27 &#8211; 31 sierpnia 1980 roku bra\u0142 udzia\u0142 w strajku w ZG Rudna, nale\u017ca\u0142 do komitetu strajkowego na szybie Rudna Zachodnia z ramienia pracownik\u00f3w ZRG. Od sierpnia tego samego roku szefowa\u0142 Tymczasowej Komisji Za\u0142o\u017cycielskiej NSZZ \u201eSolidarno\u015b\u0107\u201d w Zak\u0142adzie Rob\u00f3t G\u00f3rniczych, a nast\u0119pnie wchodzi\u0142 w sk\u0142ad Komisji Zak\u0142adowej NSZZ ,,S\u201d oraz pe\u0142ni\u0142 funkcj\u0119 przewodnicz\u0105ceego wydzia\u0142u na Rudnej Zachodniej w ZRG. Po wprowadzeniu stanu wojennego, w dniach 14 &#8211; 17 grudnia 1981 roku, organizowa\u0142 strajk okupacyjny i przewodniczy\u0142 Komitetowi Strajkowemu na Szybie \u201eRudna Zachodnia\u201d w KGHM Zak\u0142ady G\u00f3rnicze \u201eRudna\u201d w Polkowicach. W dniu 18 grudnia 1981 roku zosta\u0142 zwolniony z pracy. 21 grudnia 1981 roku zosta\u0142 zatrzymany i aresztowany. By\u0142 przetrzymywany w areszcie KM MO w Lubinie,  KW MO w Legnicy, a nast\u0119pnie Areszcie \u015aledczym we Wroc\u0142awiu. W dniu 24 lutego 1982 roku, zosta\u0142 skazany wyrokiem S\u0105du Wojew\u00f3dzkiego na kar\u0119 2 lat pozbawienia wolno\u015bci w zawieszeniu. W latach 1982 &#8211; 1984 by\u0142 kilkukrotnie zatrzymywany na 48 godzin. W latach 1983 \u2013 1989 nale\u017ca\u0142 do organizacji \u201eSolidarno\u015b\u0107 Walcz\u0105ca\u201d. W latach 1982 \u2013 1986 wraz z Miros\u0142awem Gojd\u017aiem, Adamem Mickiewiczem, Adamem \u017belechowiczem, Leszkiem Cebo i Kazimierzem Jaworskim wsp\u00f3\u0142zak\u0142ada\u0142 Tajn\u0105 Tymczasow\u0105 Komisj\u0119 Zak\u0142adow\u0105 NSZZ \u201eSolidarno\u015b\u0107\u201d w KGHM Zak\u0142adach Rob\u00f3t G\u00f3rniczych. W latach 1982 &#8211; 1986 organizowa\u0142 druk i wsp\u00f3\u0142redagowa\u0142 podziemne pismo Biuletyn Informacyjny ZRG. By\u0142 r\u00f3wnie\u017c kolporterem takich pism jak: \u201eSolidarno\u015b\u0107 Walcz\u0105ca\u201d, \u201e\u017b\u0105d\u0142o Robola\u201d, \u201eTygodnik Mazowsze\u201d, \u201eWolny G\u0142os\u201d. W 1988 roku wsp\u00f3\u0142tworzy\u0142 komisj\u0119 organizacyjn\u0105 przy odbudowie struktur NSZZ \u201eSolidarno\u015b\u0107\u201d. Jan Tabor zosta\u0142 odznaczony: Krzy\u017cem Oficerskim Orderu Odrodzenia, Krzy\u017cem Wolno\u015bci i Solidarno\u015bci, Z\u0142otym, Srebrnym i Br\u0105zowym Krzy\u017cem Zas\u0142ugi, Krzy\u017cem Solidarno\u015bci Walcz\u0105cej, Odznak\u0105 Honorow\u0105 \u201eDzia\u0142acza opozycji antykomunistycznej lub osoby represjonowanej z powod\u00f3w politycznych\u201d.<\/p>\n","protected":false},"excerpt":{"rendered":"<p>Urodzi\u0142 si\u0119 11 pa\u017adziernika 1954 roku w \u017barach. W dniach 27 &#8211; 31 sierpnia 1980 roku bra\u0142 udzia\u0142 w strajku w ZG Rudna, nale\u017ca\u0142 do komitetu strajkowego na szybie Rudna Zachodnia z ramienia pracownik\u00f3w ZRG. Od sierpnia tego samego roku szefowa\u0142 Tymczasowej Komisji Za\u0142o\u017cycielskiej NSZZ \u201eSolidarno\u015b\u0107\u201d w Zak\u0142adzie Rob\u00f3t G\u00f3rniczych, a nast\u0119pnie wchodzi\u0142 w sk\u0142ad [&hellip;]<\/p>\n","protected":false},"featured_media":3419,"template":"","meta":[],"_links":{"self":[{"href":"http:\/\/ludzie.fundacja-pih.pl\/index.php\/wp-json\/wp\/v2\/product\/3008"}],"collection":[{"href":"http:\/\/ludzie.fundacja-pih.pl\/index.php\/wp-json\/wp\/v2\/product"}],"about":[{"href":"http:\/\/ludzie.fundacja-pih.pl\/index.php\/wp-json\/wp\/v2\/types\/product"}],"wp:featuredmedia":[{"embeddable":true,"href":"http:\/\/ludzie.fundacja-pih.pl\/index.php\/wp-json\/wp\/v2\/media\/3419"}],"wp:attachment":[{"href":"http:\/\/ludzie.fundacja-pih.pl\/index.php\/wp-json\/wp\/v2\/media?parent=3008"}],"curies":[{"name":"wp","href":"https:\/\/api.w.org\/{rel}","templated":true}]}}