{"id":3026,"date":"2021-04-30T09:12:08","date_gmt":"2021-04-30T09:12:08","guid":{"rendered":"http:\/\/ludzie.fundacja-pih.pl\/?post_type=product&#038;p=3026"},"modified":"2025-05-16T14:20:18","modified_gmt":"2025-05-16T14:20:18","slug":"radwanski-witold-konstancin","status":"publish","type":"product","link":"http:\/\/ludzie.fundacja-pih.pl\/index.php\/product\/radwanski-witold-konstancin\/","title":{"rendered":"Radwa\u0144ski Witold (Konstancin)"},"content":{"rendered":"<p>Witold Radwa\u0144ski Wiceprzewodnicz\u0105cy Rady Programowej Kongresu Obywatelskiego, Prezes Zarz\u0105du Krokus Private Equity<\/p>\n<p>Posiada wieloletnie do\u015bwiadczenie w transakcjach inwestycyjnych i kapita\u0142owych, w zarz\u0105dzaniu i w radach nadzorczych polskich firm. Dzia\u0142acz podziemnej opozycji w czasach PRL, odznaczony Krzy\u017cem Komandorskim Odrodzenia Polski. Wiceprzewodnicz\u0105cy Rady Programowej Kongresu Obywatelskiego.<\/p>\n","protected":false},"excerpt":{"rendered":"<p>Witold Radwa\u0144ski Wiceprzewodnicz\u0105cy Rady Programowej Kongresu Obywatelskiego, Prezes Zarz\u0105du Krokus Private Equity Posiada wieloletnie do\u015bwiadczenie w transakcjach inwestycyjnych i kapita\u0142owych, w zarz\u0105dzaniu i w radach nadzorczych polskich firm. Dzia\u0142acz podziemnej opozycji w czasach PRL, odznaczony Krzy\u017cem Komandorskim Odrodzenia Polski. Wiceprzewodnicz\u0105cy Rady Programowej Kongresu Obywatelskiego.<\/p>\n","protected":false},"featured_media":3027,"template":"","meta":[],"_links":{"self":[{"href":"http:\/\/ludzie.fundacja-pih.pl\/index.php\/wp-json\/wp\/v2\/product\/3026"}],"collection":[{"href":"http:\/\/ludzie.fundacja-pih.pl\/index.php\/wp-json\/wp\/v2\/product"}],"about":[{"href":"http:\/\/ludzie.fundacja-pih.pl\/index.php\/wp-json\/wp\/v2\/types\/product"}],"wp:featuredmedia":[{"embeddable":true,"href":"http:\/\/ludzie.fundacja-pih.pl\/index.php\/wp-json\/wp\/v2\/media\/3027"}],"wp:attachment":[{"href":"http:\/\/ludzie.fundacja-pih.pl\/index.php\/wp-json\/wp\/v2\/media?parent=3026"}],"curies":[{"name":"wp","href":"https:\/\/api.w.org\/{rel}","templated":true}]}}