{"id":3028,"date":"2021-04-30T09:13:22","date_gmt":"2021-04-30T09:13:22","guid":{"rendered":"http:\/\/ludzie.fundacja-pih.pl\/?post_type=product&#038;p=3028"},"modified":"2025-05-16T14:20:18","modified_gmt":"2025-05-16T14:20:18","slug":"sarnecki-jacek","status":"publish","type":"product","link":"http:\/\/ludzie.fundacja-pih.pl\/index.php\/product\/sarnecki-jacek\/","title":{"rendered":"Sarnecki W\u0142odzimierz Jacek"},"content":{"rendered":"<p>Urodzi\u0142 si\u0119 17 pa\u017adziernika 1954 roku w Warszawie.<\/p>\n<p>Od 1976 roku na skradzionej z pracy maszynie do pisania przepisywa\u0142 biuletyn KSS KOR i \u201eSpotkania\u201d W lutym 1981 roku wst\u0105pi\u0142 do NSZZ \u201eSolidarno\u015b\u0107\u201d. Po wprowadzeniu stanu wojennego, w lutym 1982 roku rozpocz\u0105\u0142 dzia\u0142alno\u015b\u0107 w podziemnych strukturach NSZZ \u201eSolidarno\u015b\u0107\u201d, w tym m.in. w Mi\u0119dzyzak\u0142adowym Komitecie Koordynacyjnym \u201eWola\u201d. By\u0142 zaanga\u017cowany w kolporta\u017c wydawnictw podziemnych m.in. \u201eWoli\u201d i \u201eTygodnika Mazowsze\u201d. Wydawnictwa te dostarcza\u0142 do Zak\u0142ad\u00f3w Ursus, Mostostal Warszawa oraz FSO, Huta Warszawa, Chemadex, RUCH, NBP. W\u0142odzimierz Jacek Sarnecki zajmowa\u0142 si\u0119 tak\u017ce obs\u0142ug\u0105 sitodruku wykonuj\u0105c karty okoliczno\u015bciowe, ulotki i ok\u0142adki ksi\u0105\u017cek. Wsp\u00f3\u0142pracowa\u0142 z Mi\u0119dzyzak\u0142adowym Robotniczym Komitetem \u201eSolidarno\u015b\u0107\u201d w zakresie kolporta\u017cu nielegalnych pism takich jak: \u201eCDN \u2013 G\u0142os Wolnego Robotnika\u201d,\u201d PWA\u201d \u201eTygodnika Wojennego\u201d, \u201eTygodnika Mazowsze\u201d, \u201eKos\u201d, \u201eNiepodleg\u0142o\u015b\u0107\u201d, jak r\u00f3wnie\u017c ksi\u0105\u017cek sygnowanych przez wydawnictwa Kr\u0105g, Nowa, Przed\u015bwit, Pokolenie, Wola. Na prze\u0142omie 1986\/1987 roku zosta\u0142 zaprzysi\u0119\u017conym cz\u0142onkiem \u201eSolidarno\u015bci Walcz\u0105cej\u201d. W tym okresie wsp\u00f3\u0142pracowa\u0142 tak\u017ce z wydawnictwem \u201ePrawy Margines\u201d i wroc\u0142awskimi redakcjami czasopism \u201eSolidarno\u015b\u0107 Walcz\u0105ca\u201d, \u201eBiuletyn Dolno\u015bl\u0105ski\u201d i \u201eSolidarno\u015b\u0107 Dolno\u015bl\u0105ska\u201d. Wsp\u00f3\u0142organiozwa\u0142 manifestacje i demonstracje w Warszawie. Dzia\u0142alno\u015b\u0107 niepodleg\u0142o\u015bciow\u0105 kontynuowa\u0142 do 1989 roku. W 2007 roku zosta\u0142 odznaczony Krzy\u017cem Kawalerskim Orderu Odrodzenia Polski, w 2010 roku Krzy\u017cem Solidarno\u015bci Walcz\u0105cej, w 2016 roku Krzy\u017cem Wolno\u015bci i Solidarno\u015bci oraz odznak\u0105 honorow\u0105 Zas\u0142u\u017cony dla Kultury Polskiej. W 2019 roku otrzyma\u0142 Medal 100 &#8211; lecia Odzyskanej Niepodleg\u0142o\u015bci, w 2020 roku Medal Pro Patria.<\/p>\n","protected":false},"excerpt":{"rendered":"<p>Urodzi\u0142 si\u0119 17 pa\u017adziernika 1954 roku w Warszawie. Od 1976 roku na skradzionej z pracy maszynie do pisania przepisywa\u0142 biuletyn KSS KOR i \u201eSpotkania\u201d W lutym 1981 roku wst\u0105pi\u0142 do NSZZ \u201eSolidarno\u015b\u0107\u201d. Po wprowadzeniu stanu wojennego, w lutym 1982 roku rozpocz\u0105\u0142 dzia\u0142alno\u015b\u0107 w podziemnych strukturach NSZZ \u201eSolidarno\u015b\u0107\u201d, w tym m.in. w Mi\u0119dzyzak\u0142adowym Komitecie Koordynacyjnym \u201eWola\u201d. [&hellip;]<\/p>\n","protected":false},"featured_media":3029,"template":"","meta":[],"_links":{"self":[{"href":"http:\/\/ludzie.fundacja-pih.pl\/index.php\/wp-json\/wp\/v2\/product\/3028"}],"collection":[{"href":"http:\/\/ludzie.fundacja-pih.pl\/index.php\/wp-json\/wp\/v2\/product"}],"about":[{"href":"http:\/\/ludzie.fundacja-pih.pl\/index.php\/wp-json\/wp\/v2\/types\/product"}],"wp:featuredmedia":[{"embeddable":true,"href":"http:\/\/ludzie.fundacja-pih.pl\/index.php\/wp-json\/wp\/v2\/media\/3029"}],"wp:attachment":[{"href":"http:\/\/ludzie.fundacja-pih.pl\/index.php\/wp-json\/wp\/v2\/media?parent=3028"}],"curies":[{"name":"wp","href":"https:\/\/api.w.org\/{rel}","templated":true}]}}