{"id":3033,"date":"2021-04-30T09:16:17","date_gmt":"2021-04-30T09:16:17","guid":{"rendered":"http:\/\/ludzie.fundacja-pih.pl\/?post_type=product&#038;p=3033"},"modified":"2025-05-16T14:20:19","modified_gmt":"2025-05-16T14:20:19","slug":"srokowski-stanislaw","status":"publish","type":"product","link":"http:\/\/ludzie.fundacja-pih.pl\/index.php\/product\/srokowski-stanislaw\/","title":{"rendered":"Srokowski Stanis\u0142aw"},"content":{"rendered":"<p>Urodzi\u0142 si\u0119 29 czerwca 1936 r. w Hnilczu na Kresach. <\/p>\n<p>W 1960 roku uko\u0144czy\u0142 studia w Wy\u017cszej Szkole Pedagogiczej w Opolu. W marcu 1968 roku, jako nauczyciel Technikum Elektroenergetycznego w Legnicy, bra\u0142 udzia\u0142 wraz ze swoimi uczniami w ulicznych demonstracjach przeciwko cenzurze i zablokowaniu \u201eDziad\u00f3w\u201d Adama Mickiewicza. By\u0142 prze\u015bladowany przez SB, wzywany na rozmowy ostrzegawcze, przes\u0142uchiwany, zmuszony zosta\u0142 do opuszczenia szko\u0142y i miasta. Przez 1,5 roku  pracowa\u0142 w Klubie Seniora we Wroc\u0142awiu. W 1970 roku podj\u0105\u0142  si\u0119 zaj\u0119\u0107 korektora, a potem redaktora w tygodniku \u201eWiadomo\u015bci\u201d. W 1981 roku za\u0142o\u017cy\u0142 w redakcji ko\u0142o pracowniczej \u201eSolidarno\u015bci\u201d.  Zosta\u0142 tak\u017ce wsp\u00f3\u0142organizatorem Zwi\u0105zk\u00f3w Tw\u00f3rczych i Stowarzysze\u0144 Naukowych we Wroc\u0142awiu i przewodnicz\u0105cym klubu \u201eOdrodzenie\u201d. W stanie wojennym, kiedy represjonowano dziennikarzy dzia\u0142aj\u0105cych na rzecz \u201eSolidarno\u015bci\u201d, zwolniono go z przyczyn politycznych z pracy, a jego tygodnik zlikwidowano.  Niemal po dw\u00f3ch latach bezrobocia, zosta\u0142 przyj\u0119ty do gazetki zak\u0142adowej w Zag\u0142\u0119biu Miedziowym, w Lubinie. Doradza\u0142 podziemnemu Niezale\u017cnemu Samorz\u0105dnemu Zwi\u0105zkowi Zawodowemu \u201eSolidarno\u015b\u0107\u201d Rolnik\u00f3w Indywidualnych we Wroc\u0142awiu. Od 1982 roku, wraz z \u017con\u0105 Mari\u0105, dzia\u0142a\u0142 w \u201eSolidarno\u015bci Walcz\u0105cej\u201d. W jego wroc\u0142awskim mieszkaniu zosta\u0142 zainstalowany punkt kolporta\u017cowy prasy konspiracyjnej. Ukrywa\u0142 si\u0119 w nim Kornel Morawiecki, a tak\u017ce spotykali si\u0119 dzia\u0142acze antykomunistycznego podziemia ze Wschodu.  Stanis\u0142aw Srokowski wraz z Kornelem Morawieckim za\u0142o\u017cy\u0142 jedno z pierwszych archiw\u00f3w \u201eSolidarno\u015bci Walcz\u0105cej\u201d w swoim letniskowym domu w Potaszni, k. Milicza. Z tego miejsca kolportowa\u0142 konspiracyjn\u0105 pras\u0119 po okolicznych miejscowo\u015bciach.  Stanis\u0142aw Srokowski jest autorem wielu powie\u015bci i opowiada\u0144 o tematyce kresowej i tomik\u00f3w poetyckich. W oparciu o jego ksi\u0105\u017cki i do\u015bwiadczenia \u017cyciowe  Wojciech Smarzowski nakr\u0119ci\u0142 film pt. \u201eWo\u0142y\u0144\u201d. W 2010 roku otrzyma\u0142 Krzy\u017c Solidarno\u015bci Walcz\u0105cej.<\/p>\n","protected":false},"excerpt":{"rendered":"<p>Urodzi\u0142 si\u0119 29 czerwca 1936 r. w Hnilczu na Kresach. W 1960 roku uko\u0144czy\u0142 studia w Wy\u017cszej Szkole Pedagogiczej w Opolu. W marcu 1968 roku, jako nauczyciel Technikum Elektroenergetycznego w Legnicy, bra\u0142 udzia\u0142 wraz ze swoimi uczniami w ulicznych demonstracjach przeciwko cenzurze i zablokowaniu \u201eDziad\u00f3w\u201d Adama Mickiewicza. By\u0142 prze\u015bladowany przez SB, wzywany na rozmowy ostrzegawcze, [&hellip;]<\/p>\n","protected":false},"featured_media":5546,"template":"","meta":[],"_links":{"self":[{"href":"http:\/\/ludzie.fundacja-pih.pl\/index.php\/wp-json\/wp\/v2\/product\/3033"}],"collection":[{"href":"http:\/\/ludzie.fundacja-pih.pl\/index.php\/wp-json\/wp\/v2\/product"}],"about":[{"href":"http:\/\/ludzie.fundacja-pih.pl\/index.php\/wp-json\/wp\/v2\/types\/product"}],"wp:featuredmedia":[{"embeddable":true,"href":"http:\/\/ludzie.fundacja-pih.pl\/index.php\/wp-json\/wp\/v2\/media\/5546"}],"wp:attachment":[{"href":"http:\/\/ludzie.fundacja-pih.pl\/index.php\/wp-json\/wp\/v2\/media?parent=3033"}],"curies":[{"name":"wp","href":"https:\/\/api.w.org\/{rel}","templated":true}]}}