{"id":3037,"date":"2021-04-30T09:19:02","date_gmt":"2021-04-30T09:19:02","guid":{"rendered":"http:\/\/ludzie.fundacja-pih.pl\/?post_type=product&#038;p=3037"},"modified":"2025-05-16T14:20:20","modified_gmt":"2025-05-16T14:20:20","slug":"stafa-mieczyslaw","status":"publish","type":"product","link":"http:\/\/ludzie.fundacja-pih.pl\/index.php\/product\/stafa-mieczyslaw\/","title":{"rendered":"Staffa Mieczys\u0142aw"},"content":{"rendered":"<p>Pracowa\u0142 w Miastoprojekcie jako projektant dr\u00f3g.  Ca\u0142a rodzina dzia\u0142a\u0142a w konspiracji: \u017cona Hania-kolporta\u017c, szwagierka Basia Borodziuk (ukrywa\u0142a Kornela), szwagier Jurek Boruk-drukarz. Mietek zajmowa\u0142 si\u0119 kolporta\u017cem, bra\u0142 te\u017c bibu\u0142\u0119 od Adama Zabokrzyckiego.<\/p>\n","protected":false},"excerpt":{"rendered":"<p>Pracowa\u0142 w Miastoprojekcie jako projektant dr\u00f3g. Ca\u0142a rodzina dzia\u0142a\u0142a w konspiracji: \u017cona Hania-kolporta\u017c, szwagierka Basia Borodziuk (ukrywa\u0142a Kornela), szwagier Jurek Boruk-drukarz. Mietek zajmowa\u0142 si\u0119 kolporta\u017cem, bra\u0142 te\u017c bibu\u0142\u0119 od Adama Zabokrzyckiego.<\/p>\n","protected":false},"featured_media":3038,"template":"","meta":[],"_links":{"self":[{"href":"http:\/\/ludzie.fundacja-pih.pl\/index.php\/wp-json\/wp\/v2\/product\/3037"}],"collection":[{"href":"http:\/\/ludzie.fundacja-pih.pl\/index.php\/wp-json\/wp\/v2\/product"}],"about":[{"href":"http:\/\/ludzie.fundacja-pih.pl\/index.php\/wp-json\/wp\/v2\/types\/product"}],"wp:featuredmedia":[{"embeddable":true,"href":"http:\/\/ludzie.fundacja-pih.pl\/index.php\/wp-json\/wp\/v2\/media\/3038"}],"wp:attachment":[{"href":"http:\/\/ludzie.fundacja-pih.pl\/index.php\/wp-json\/wp\/v2\/media?parent=3037"}],"curies":[{"name":"wp","href":"https:\/\/api.w.org\/{rel}","templated":true}]}}