{"id":3043,"date":"2021-04-30T09:22:28","date_gmt":"2021-04-30T09:22:28","guid":{"rendered":"http:\/\/ludzie.fundacja-pih.pl\/?post_type=product&#038;p=3043"},"modified":"2025-05-16T14:20:22","modified_gmt":"2025-05-16T14:20:22","slug":"szczeblewski-witold","status":"publish","type":"product","link":"http:\/\/ludzie.fundacja-pih.pl\/index.php\/product\/szczeblewski-witold\/","title":{"rendered":"Szczeblewski Witold"},"content":{"rendered":"<p>Witold Szczeblewski \u2013 (Wroc\u0142aw) wraz ze zwoj\u0105 matk\u0105 Zofi\u0105 Szczeblewsk\u0105 by\u0142 operatorem sprz\u0119tu radia Solidarno\u015b\u0107 Walcz\u0105ca. Nadzorowa\u0142 prac\u0119 nadajnik\u00f3w, dba\u0142y o stan techniczny akumulator\u00f3w, przeprowadza\u0142y okresow\u0105 kontrol\u0119 stanu technicznego anten, ustala\u0142y terminy kolejnych emisji oraz dokonywa\u0142y ich.<\/p>\n","protected":false},"excerpt":{"rendered":"<p>Witold Szczeblewski \u2013 (Wroc\u0142aw) wraz ze zwoj\u0105 matk\u0105 Zofi\u0105 Szczeblewsk\u0105 by\u0142 operatorem sprz\u0119tu radia Solidarno\u015b\u0107 Walcz\u0105ca. Nadzorowa\u0142 prac\u0119 nadajnik\u00f3w, dba\u0142y o stan techniczny akumulator\u00f3w, przeprowadza\u0142y okresow\u0105 kontrol\u0119 stanu technicznego anten, ustala\u0142y terminy kolejnych emisji oraz dokonywa\u0142y ich.<\/p>\n","protected":false},"featured_media":3044,"template":"","meta":[],"_links":{"self":[{"href":"http:\/\/ludzie.fundacja-pih.pl\/index.php\/wp-json\/wp\/v2\/product\/3043"}],"collection":[{"href":"http:\/\/ludzie.fundacja-pih.pl\/index.php\/wp-json\/wp\/v2\/product"}],"about":[{"href":"http:\/\/ludzie.fundacja-pih.pl\/index.php\/wp-json\/wp\/v2\/types\/product"}],"wp:featuredmedia":[{"embeddable":true,"href":"http:\/\/ludzie.fundacja-pih.pl\/index.php\/wp-json\/wp\/v2\/media\/3044"}],"wp:attachment":[{"href":"http:\/\/ludzie.fundacja-pih.pl\/index.php\/wp-json\/wp\/v2\/media?parent=3043"}],"curies":[{"name":"wp","href":"https:\/\/api.w.org\/{rel}","templated":true}]}}