{"id":3053,"date":"2021-04-30T09:29:00","date_gmt":"2021-04-30T09:29:00","guid":{"rendered":"http:\/\/ludzie.fundacja-pih.pl\/?post_type=product&#038;p=3053"},"modified":"2025-05-16T14:20:25","modified_gmt":"2025-05-16T14:20:25","slug":"sztyler-andrzej","status":"publish","type":"product","link":"http:\/\/ludzie.fundacja-pih.pl\/index.php\/product\/sztyler-andrzej\/","title":{"rendered":"Sztyler Andrzej"},"content":{"rendered":"<p>Urodzi\u0142 si\u0119 15 lutego 1952 roku we Wroc\u0142awiu.<\/p>\n<p>W 1969 roku uko\u0144czy\u0142 ZSZ. Zdoby\u0142 zaw\u00f3d galwanizera. W 1970 roku zosta\u0142 zatrudniony w zak\u0142adach Elwro we Wroc\u0142awiu. W 1976 roku zosta\u0142 wsp\u00f3\u0142organizatorem biblioteki wydawnictw niezale\u017cnych. W latach 1977 \u2013 1980 kolportowa\u0142 wydawnictwa niezale\u017cne, w tym m.in. ksi\u0105\u017cki NOWej i \u201eG\u0142osu\u201d oraz czasopisma \u201eRobotnik\u201d i \u201eBiuletyn Dolno\u015bl\u0105ski\u201d. W sierpniu 1980 roku by\u0142 g\u0142\u00f3wnym organizatorem strajku w Elwro. 27 sierpnia 1980 roku zosta\u0142 przewodnicz\u0105cym KS. We wrze\u015bniu 1980 roku wst\u0105pi\u0142 do NSZZ \u201eSolidarno\u015b\u0107\u201d, wsp\u00f3\u0142organizowa\u0142 i przewodniczy\u0142 KZ w Elwro. Po wprowadzeniu stanu wojennego, 14 grudnia 1981 roku, zorganizowa\u0142 strajk w zak\u0142adach Elwro. 16 grudnia 1981 roku, jako przewodnicz\u0105cy KS, podj\u0105\u0142 decyzj\u0119 o przerwaniu protestu po ataku ZOMO i wojska. Zosta\u0142 zatrzymany. By\u0142 przetrzymywany w Zak\u0142adzie Karnym we Wroc\u0142awiu. 24 grudnia 1981 roku zosta\u0142 internowany i osadzony w O\u015brodku Odosobnienia w Grodkowie. Zagro\u017cony wyrokiem wi\u0119zienia za zorganizowanie strajku przyj\u0105\u0142 propozycj\u0119 wyjazdu na emigracj\u0119 i zosta\u0142 zwolniony 26 lutego 1982 roku. Od sierpnia 1982 roku do pa\u017adziernika 1986 roku przebywa\u0142 na emigracji we Francji. W latach 1986 \u2013 1990 nale\u017ca\u0142 do wroc\u0142awskich struktur \u201eSolidarno\u015bci Walcz\u0105cej\u201d. By\u0142 autorem t\u0142umacze\u0144 z j\u0119zyka francuskiego na potrzeby SW. Po szkoleniu sitodrukowym (prowadzonym przez Barbar\u0119 Sarapuk) zosta\u0142 etatowym drukarzem Agencji Informacyjnej SW. Systematycznie i w du\u017cych ilo\u015bciach drukowa\u0142 m.in. czasopisma: \u201eSolidarno\u015b\u0107 Walcz\u0105ca\u201d i \u201eSolidarno\u015b\u0107 Dolno\u015bl\u0105ska\u201d. Pozostawa\u0142 bez zatrudnienia, prowizje za druk dla podziemia stanowi\u0142y jego jedyne \u017ar\u00f3d\u0142o utrzymania. By\u0142 kilkakrotnie zatrzymywany przez SB, w jego mieszkaniu przeprowadzano rewizje. Od 10 do 20 pa\u017adziernika 1980 roku by\u0142 rozpracowywany przez Wydz. III-A KW MO Wroc\u0142awiu w ramach SOR o kryptonimie \u201eWizyta\u201d.<\/p>\n","protected":false},"excerpt":{"rendered":"<p>Urodzi\u0142 si\u0119 15 lutego 1952 roku we Wroc\u0142awiu. W 1969 roku uko\u0144czy\u0142 ZSZ. Zdoby\u0142 zaw\u00f3d galwanizera. W 1970 roku zosta\u0142 zatrudniony w zak\u0142adach Elwro we Wroc\u0142awiu. W 1976 roku zosta\u0142 wsp\u00f3\u0142organizatorem biblioteki wydawnictw niezale\u017cnych. W latach 1977 \u2013 1980 kolportowa\u0142 wydawnictwa niezale\u017cne, w tym m.in. ksi\u0105\u017cki NOWej i \u201eG\u0142osu\u201d oraz czasopisma \u201eRobotnik\u201d i \u201eBiuletyn Dolno\u015bl\u0105ski\u201d. [&hellip;]<\/p>\n","protected":false},"featured_media":3054,"template":"","meta":[],"_links":{"self":[{"href":"http:\/\/ludzie.fundacja-pih.pl\/index.php\/wp-json\/wp\/v2\/product\/3053"}],"collection":[{"href":"http:\/\/ludzie.fundacja-pih.pl\/index.php\/wp-json\/wp\/v2\/product"}],"about":[{"href":"http:\/\/ludzie.fundacja-pih.pl\/index.php\/wp-json\/wp\/v2\/types\/product"}],"wp:featuredmedia":[{"embeddable":true,"href":"http:\/\/ludzie.fundacja-pih.pl\/index.php\/wp-json\/wp\/v2\/media\/3054"}],"wp:attachment":[{"href":"http:\/\/ludzie.fundacja-pih.pl\/index.php\/wp-json\/wp\/v2\/media?parent=3053"}],"curies":[{"name":"wp","href":"https:\/\/api.w.org\/{rel}","templated":true}]}}