{"id":3068,"date":"2021-04-30T16:42:55","date_gmt":"2021-04-30T16:42:55","guid":{"rendered":"http:\/\/ludzie.fundacja-pih.pl\/?post_type=product&#038;p=3068"},"modified":"2025-05-16T14:20:30","modified_gmt":"2025-05-16T14:20:30","slug":"trabska-dauksza-maria","status":"publish","type":"product","link":"http:\/\/ludzie.fundacja-pih.pl\/index.php\/product\/trabska-dauksza-maria\/","title":{"rendered":"Tr\u0105bska-Dauksza Maria"},"content":{"rendered":"<p>Dzia\u0142a\u0142a w strukturach podziemnych jako \u0142\u0105czniczka i kurier, odpowiada\u0142a za za wyszukiwanie konspiracyjnych lokali oraz nawi\u0105zywanie nowych kontakt\u00f3w. W stanie wojennym trafi\u0142a do Kazimierza Klementowskiego, zajmowa\u0142a si\u0119 kolporta\u017cem, zawozi\u0142a bibu\u0142\u0119 do Jeleniej G\u00f3ry i okolic. Aresztowana 14 grudnia 1983 r. po wpadce na ul. Bia\u0142owieskiej, siedzia\u0142a na Podwalu, potem w wi\u0119zieniu w Opolu. Wysz\u0142a w lipcu 1984 r. na mocy amnestii. <\/p>\n","protected":false},"excerpt":{"rendered":"<p>Dzia\u0142a\u0142a w strukturach podziemnych jako \u0142\u0105czniczka i kurier, odpowiada\u0142a za za wyszukiwanie konspiracyjnych lokali oraz nawi\u0105zywanie nowych kontakt\u00f3w. W stanie wojennym trafi\u0142a do Kazimierza Klementowskiego, zajmowa\u0142a si\u0119 kolporta\u017cem, zawozi\u0142a bibu\u0142\u0119 do Jeleniej G\u00f3ry i okolic. Aresztowana 14 grudnia 1983 r. po wpadce na ul. Bia\u0142owieskiej, siedzia\u0142a na Podwalu, potem w wi\u0119zieniu w Opolu. Wysz\u0142a w [&hellip;]<\/p>\n","protected":false},"featured_media":3069,"template":"","meta":[],"_links":{"self":[{"href":"http:\/\/ludzie.fundacja-pih.pl\/index.php\/wp-json\/wp\/v2\/product\/3068"}],"collection":[{"href":"http:\/\/ludzie.fundacja-pih.pl\/index.php\/wp-json\/wp\/v2\/product"}],"about":[{"href":"http:\/\/ludzie.fundacja-pih.pl\/index.php\/wp-json\/wp\/v2\/types\/product"}],"wp:featuredmedia":[{"embeddable":true,"href":"http:\/\/ludzie.fundacja-pih.pl\/index.php\/wp-json\/wp\/v2\/media\/3069"}],"wp:attachment":[{"href":"http:\/\/ludzie.fundacja-pih.pl\/index.php\/wp-json\/wp\/v2\/media?parent=3068"}],"curies":[{"name":"wp","href":"https:\/\/api.w.org\/{rel}","templated":true}]}}