{"id":3091,"date":"2021-04-30T17:00:55","date_gmt":"2021-04-30T17:00:55","guid":{"rendered":"http:\/\/ludzie.fundacja-pih.pl\/?post_type=product&#038;p=3091"},"modified":"2025-05-16T14:20:35","modified_gmt":"2025-05-16T14:20:35","slug":"wrotniak-zygmunt-glogow","status":"publish","type":"product","link":"http:\/\/ludzie.fundacja-pih.pl\/index.php\/product\/wrotniak-zygmunt-glogow\/","title":{"rendered":"Wrotniak Zygmunt (G\u0142og\u00f3w)"},"content":{"rendered":"<p>Oczekujemy na uzupe\u0142nienie tre\u015bci.<\/p>\n","protected":false},"excerpt":{"rendered":"<p>Oczekujemy na uzupe\u0142nienie tre\u015bci.<\/p>\n","protected":false},"featured_media":3092,"template":"","meta":[],"_links":{"self":[{"href":"http:\/\/ludzie.fundacja-pih.pl\/index.php\/wp-json\/wp\/v2\/product\/3091"}],"collection":[{"href":"http:\/\/ludzie.fundacja-pih.pl\/index.php\/wp-json\/wp\/v2\/product"}],"about":[{"href":"http:\/\/ludzie.fundacja-pih.pl\/index.php\/wp-json\/wp\/v2\/types\/product"}],"wp:featuredmedia":[{"embeddable":true,"href":"http:\/\/ludzie.fundacja-pih.pl\/index.php\/wp-json\/wp\/v2\/media\/3092"}],"wp:attachment":[{"href":"http:\/\/ludzie.fundacja-pih.pl\/index.php\/wp-json\/wp\/v2\/media?parent=3091"}],"curies":[{"name":"wp","href":"https:\/\/api.w.org\/{rel}","templated":true}]}}