{"id":3094,"date":"2021-04-30T17:02:22","date_gmt":"2021-04-30T17:02:22","guid":{"rendered":"http:\/\/ludzie.fundacja-pih.pl\/?post_type=product&#038;p=3094"},"modified":"2025-05-16T14:20:36","modified_gmt":"2025-05-16T14:20:36","slug":"zawisza-andrzej","status":"publish","type":"product","link":"http:\/\/ludzie.fundacja-pih.pl\/index.php\/product\/zawisza-andrzej\/","title":{"rendered":"Zawisza Andrzej"},"content":{"rendered":"<p>Urodzi\u0142 si\u0119 18 listopada 1958 roku.<\/p>\n<p>W 1981 roku w\u0142\u0105czy\u0142 si\u0119 w dzia\u0142ania opozycyjne. By\u0142 wtedy studentem, kt\u00f3ry prowadzi\u0142 aktywne \u017cycie towarzyskie, przez to by\u0142 do\u015b\u0107 znany. Z tego powodu zwracali si\u0119 do niego inni studenci, kt\u00f3rym zale\u017ca\u0142o na dzia\u0142aniu na rzecz demokracji. I tak w nied\u0142ugim czasie utworzono pierwsz\u0105 organizacj\u0119 studenck\u0105: Niezale\u017cne Zrzeszenie Student\u00f3w na Politechnice Wroc\u0142awskiej.<br \/>\nDzia\u0142a\u0142 tak\u017ce na uczelniach wy\u017cszych, m. in. by\u0142 \u015bwiadkiem pacyfikacji na Politechniki Wroc\u0142awskiej, po kt\u00f3rej zacz\u0105\u0142 gromadzi\u0107 materia\u0142y do druku i zaj\u0105\u0142 si\u0119 kolporta\u017cem prasy. Do 1982 roku pracowa\u0142 dla Regionalnego Komitetu Strajkowego.  W tym samym roku przyst\u0105pi\u0142 do \u201eSolidarno\u015bci Walcz\u0105cej\u201d. By\u0142 jej zaprzysi\u0119\u017conym cz\u0142onkiem. Na pocz\u0105tku lat osiemdziesi\u0105tych zosta\u0142 aresztowany i sp\u0119dzi\u0142 w areszcie kilka miesi\u0119cy. Kr\u00f3tko po wyj\u015bciu na wolno\u015b\u0107, straci\u0142 prac\u0119 w CUPRUM. Przez pewien czas pozostawa\u0142 bezrobotny. W 1987 roku zosta\u0142 zatrzymany, gdy w stolicy przemieszcza\u0142 si\u0119 mi\u0119dzy punktami kolporta\u017cu z wydawnictwami podziemnymi. Zosta\u0142 ukarany mandatem za za\u015bmiecanie miasta.<\/p>\n","protected":false},"excerpt":{"rendered":"<p>Urodzi\u0142 si\u0119 18 listopada 1958 roku. W 1981 roku w\u0142\u0105czy\u0142 si\u0119 w dzia\u0142ania opozycyjne. By\u0142 wtedy studentem, kt\u00f3ry prowadzi\u0142 aktywne \u017cycie towarzyskie, przez to by\u0142 do\u015b\u0107 znany. Z tego powodu zwracali si\u0119 do niego inni studenci, kt\u00f3rym zale\u017ca\u0142o na dzia\u0142aniu na rzecz demokracji. I tak w nied\u0142ugim czasie utworzono pierwsz\u0105 organizacj\u0119 studenck\u0105: Niezale\u017cne Zrzeszenie Student\u00f3w [&hellip;]<\/p>\n","protected":false},"featured_media":3095,"template":"","meta":[],"_links":{"self":[{"href":"http:\/\/ludzie.fundacja-pih.pl\/index.php\/wp-json\/wp\/v2\/product\/3094"}],"collection":[{"href":"http:\/\/ludzie.fundacja-pih.pl\/index.php\/wp-json\/wp\/v2\/product"}],"about":[{"href":"http:\/\/ludzie.fundacja-pih.pl\/index.php\/wp-json\/wp\/v2\/types\/product"}],"wp:featuredmedia":[{"embeddable":true,"href":"http:\/\/ludzie.fundacja-pih.pl\/index.php\/wp-json\/wp\/v2\/media\/3095"}],"wp:attachment":[{"href":"http:\/\/ludzie.fundacja-pih.pl\/index.php\/wp-json\/wp\/v2\/media?parent=3094"}],"curies":[{"name":"wp","href":"https:\/\/api.w.org\/{rel}","templated":true}]}}