{"id":3105,"date":"2021-04-30T17:10:26","date_gmt":"2021-04-30T17:10:26","guid":{"rendered":"http:\/\/ludzie.fundacja-pih.pl\/?post_type=product&#038;p=3105"},"modified":"2025-05-16T14:20:37","modified_gmt":"2025-05-16T14:20:37","slug":"bartoszek-wojciech","status":"publish","type":"product","link":"http:\/\/ludzie.fundacja-pih.pl\/index.php\/product\/bartoszek-wojciech\/","title":{"rendered":"Bartoszek Wojciech"},"content":{"rendered":"<p>Na pocz\u0105tku lat osiemdziesi\u0105tych organizator kierownik podziemnego Radia Solidarno\u015bci Walcz\u0105cej. Cz\u0142onek Rady i Komitetu Wykonawczego Solidarno\u015bci Walcz\u0105cej.<br \/>\nUko\u0144czy\u0142 Wydzia\u0142 Podstawowych Problem\u00f3w Techniki Politechniki Wroc\u0142awskiej w 1979 roku w specjalno\u015bci matematyka. Doktorat uzyska\u0142 w 1982 roku a habilitacj\u0119 w 1996 roku w dziedzinie nauk matematycznych. Pracowa\u0142 mi\u0119dzy innymi w Instytucie Matematycznym Polskiej Akademii Nauk i na University of South Africa w Republice Po\u0142udniowej Afryki.<br \/>\nW 1996 roku zatrudniony na stanowisku profesora nadzwyczajnego na Wydziale Fizyki Technicznej i Matematyki Stosowanej Politechniki<br \/>\nGda\u0144skiej. Specjalizuje si\u0119 w analizie funkcjonalnej w po\u0142\u0105czeniu z teori\u0105<br \/>\nprawdopodobie\u0144stwa. Tytu\u0142 profesora i stanowisko profesora zwyczajnego w dziedzinie nauk matematycznych uzyska\u0142 w 2007 roku<\/p>\n","protected":false},"excerpt":{"rendered":"<p>Na pocz\u0105tku lat osiemdziesi\u0105tych organizator kierownik podziemnego Radia Solidarno\u015bci Walcz\u0105cej. Cz\u0142onek Rady i Komitetu Wykonawczego Solidarno\u015bci Walcz\u0105cej. Uko\u0144czy\u0142 Wydzia\u0142 Podstawowych Problem\u00f3w Techniki Politechniki Wroc\u0142awskiej w 1979 roku w specjalno\u015bci matematyka. Doktorat uzyska\u0142 w 1982 roku a habilitacj\u0119 w 1996 roku w dziedzinie nauk matematycznych. Pracowa\u0142 mi\u0119dzy innymi w Instytucie Matematycznym Polskiej Akademii Nauk i na [&hellip;]<\/p>\n","protected":false},"featured_media":906,"template":"","meta":[],"_links":{"self":[{"href":"http:\/\/ludzie.fundacja-pih.pl\/index.php\/wp-json\/wp\/v2\/product\/3105"}],"collection":[{"href":"http:\/\/ludzie.fundacja-pih.pl\/index.php\/wp-json\/wp\/v2\/product"}],"about":[{"href":"http:\/\/ludzie.fundacja-pih.pl\/index.php\/wp-json\/wp\/v2\/types\/product"}],"wp:featuredmedia":[{"embeddable":true,"href":"http:\/\/ludzie.fundacja-pih.pl\/index.php\/wp-json\/wp\/v2\/media\/906"}],"wp:attachment":[{"href":"http:\/\/ludzie.fundacja-pih.pl\/index.php\/wp-json\/wp\/v2\/media?parent=3105"}],"curies":[{"name":"wp","href":"https:\/\/api.w.org\/{rel}","templated":true}]}}