{"id":3109,"date":"2021-04-30T17:17:01","date_gmt":"2021-04-30T17:17:01","guid":{"rendered":"http:\/\/ludzie.fundacja-pih.pl\/?post_type=product&#038;p=3109"},"modified":"2025-05-16T14:20:38","modified_gmt":"2025-05-16T14:20:38","slug":"jawor-adam","status":"publish","type":"product","link":"http:\/\/ludzie.fundacja-pih.pl\/index.php\/product\/jawor-adam\/","title":{"rendered":"Jawor Adam"},"content":{"rendered":"<p>Urodzi\u0142 si\u0119 21 grudnia 1962 roku w Nowym S\u0105czu.<\/p>\n<p>W 1990 roku uko\u0144czy\u0142 studia historyczne na Uniwersytecie \u015al\u0105skim, w 1999 roku studia podyplomowe na Akademii Obrony Narodowej w Warszawie. W latach 1979 &#8211; 1980 by\u0142 kolporterem pism niezale\u017cnych: \u201eRobotnik Wybrze\u017ca\u201d, \u201eRobotnik\u201d, \u201eOpinia\u201d. Po sierpniu 1980 roku wsp\u00f3\u0142organizowa\u0142 Komitety Uczniowskie, m.in. w Zasadniczych Szko\u0142ach G\u00f3rniczych. W 1981 roku dzia\u0142a\u0142 w og\u00f3lnopolskiej Federacji M\u0142odzie\u017cy Szkolnej, by\u0142 jej cz\u0142onkiem, delegatem na zjazdy w Warszawie i Katowicach. Nale\u017ca\u0142 te\u017c do Niezale\u017cnego Zrzeszenia M\u0142odzie\u017cy Szk\u00f3\u0142 Ponadpodstawowych. Kolportowa\u0142 niezale\u017cne pisma m\u0142odzie\u017cowe, m.in. \u201eUcznia Polskiego\u201d. Jesieni\u0105 1981 roku zosta\u0142 zatrzymany podczas akcji plakatowej. W latach 1981 &#8211; 1990 nale\u017ca\u0142 do KPN. Po wprowadzeniu stanu wojennego, 13 grudnia 1981 roku, uczestniczy\u0142 w strajku w Hucie \u201eBaildon\u201d. 14 grudnia zosta\u0142 zatrzymany, internowany i osadzony w O\u015brodku Odosobnienia w Strzelcach Opolskich, gdzie bra\u0142 udzia\u0142 w g\u0142od\u00f3wce protestacyjnej, a  nast\u0119pnie w O\u015brdoku Odosobnienia w Uhercach, gdzie uczestniczy\u0142 w buncie oraz w Za\u0142\u0119\u017cu k. Rzeszowa, gdzie zosta\u0142 jednym z g\u0142\u00f3wnych inspirator\u00f3w buntu internowanych. W czerwcu 1982 roku by\u0142 hospitalizowany, a nast\u0119pnie zwolniony ze wzgl\u0119du na stan zdrowia (symulacja choroby \u2013 wytypowany do tego przez wsp\u00f3\u0142wi\u0119\u017ani\u00f3w). Po wyj\u015bciu na wolno\u015b\u0107 nawi\u0105za\u0142 kontakt z TKZ Huty \u201eBaildon\u201d. Zorganizowa\u0142 grup\u0119 kolporta\u017cowo-ulotkow\u0105 z\u0142o\u017con\u0105 g\u0142\u00f3wnie z uczni\u00f3w Technikum G\u00f3rniczego w Chorzowie-Klimzowcu. 31 sierpnia 1983 roku zosta\u0142 zatrzymany na 48 godzin podczas sk\u0142adania kwiat\u00f3w pod Kopalni\u0105 W\u0119gla Kamiennego \u201eWujek\u201d. W roku 1985 rozpocz\u0105\u0142 studia na Wydziale Historii Uniwersytetu \u015al\u0105skiego w Katowicach. Wsp\u00f3\u0142pracowa\u0142 ze Studenckim Komitetem Oporu. Od 1986 roku nale\u017ca\u0142 do \u015bcis\u0142ego kierownictwa Akcji Bie\u017c\u0105cej KPN Obszar V, szefowa\u0142 tak\u017ce wydzia\u0142owi studenckiemu. W latach 1986 &#8211; 1989 przewodniczy\u0142 Tajnemu Zarz\u0105dowi Uczelnianemu NZS oraz wchodzi\u0142 w sk\u0142ad w\u0142adz Mi\u0119dzyuczelnianej Rady Porozumiewawczej NZS. By\u0142 tw\u00f3rc\u0105 rozleg\u0142ej sieci tzw. skrzynek kontaktowych i punkt\u00f3w kolporta\u017cu, pozostawa\u0142 w \u015bcis\u0142ym kontakcie z RKW. By\u0142 wsp\u00f3\u0142wydawc\u0105 \u201ePodziemnego Informatora Katowickiego\u201d. W latach 1987 &#8211; 1988 nale\u017ca\u0142 do KK NZS. W maju 1989 roku zosta\u0142 przewodnicz\u0105cym KS podczas strajku student\u00f3w. W styczniu 1990 roku by\u0142 pomys\u0142odawc\u0105 oraz uczestnikiem okupacji gmachu KW PZPR w Katowicach, a tak\u017ce g\u0142\u00f3wnym negocjatorem z przedstawicielami w\u0142adz. W latach 1986 &#8211; 1990 by\u0142 rozpracowywany przez Wydzia\u0142 III-1 WUSW w Katowicach w ramach SOR o kryptonimie \u201eDubler\u201d.<\/p>\n","protected":false},"excerpt":{"rendered":"<p>Urodzi\u0142 si\u0119 21 grudnia 1962 roku w Nowym S\u0105czu. W 1990 roku uko\u0144czy\u0142 studia historyczne na Uniwersytecie \u015al\u0105skim, w 1999 roku studia podyplomowe na Akademii Obrony Narodowej w Warszawie. W latach 1979 &#8211; 1980 by\u0142 kolporterem pism niezale\u017cnych: \u201eRobotnik Wybrze\u017ca\u201d, \u201eRobotnik\u201d, \u201eOpinia\u201d. Po sierpniu 1980 roku wsp\u00f3\u0142organizowa\u0142 Komitety Uczniowskie, m.in. w Zasadniczych Szko\u0142ach G\u00f3rniczych. W [&hellip;]<\/p>\n","protected":false},"featured_media":3110,"template":"","meta":[],"_links":{"self":[{"href":"http:\/\/ludzie.fundacja-pih.pl\/index.php\/wp-json\/wp\/v2\/product\/3109"}],"collection":[{"href":"http:\/\/ludzie.fundacja-pih.pl\/index.php\/wp-json\/wp\/v2\/product"}],"about":[{"href":"http:\/\/ludzie.fundacja-pih.pl\/index.php\/wp-json\/wp\/v2\/types\/product"}],"wp:featuredmedia":[{"embeddable":true,"href":"http:\/\/ludzie.fundacja-pih.pl\/index.php\/wp-json\/wp\/v2\/media\/3110"}],"wp:attachment":[{"href":"http:\/\/ludzie.fundacja-pih.pl\/index.php\/wp-json\/wp\/v2\/media?parent=3109"}],"curies":[{"name":"wp","href":"https:\/\/api.w.org\/{rel}","templated":true}]}}