{"id":3112,"date":"2021-04-30T17:38:16","date_gmt":"2021-04-30T17:38:16","guid":{"rendered":"http:\/\/ludzie.fundacja-pih.pl\/?post_type=product&#038;p=3112"},"modified":"2025-05-16T14:20:39","modified_gmt":"2025-05-16T14:20:39","slug":"turkoniak-tadeusz","status":"publish","type":"product","link":"http:\/\/ludzie.fundacja-pih.pl\/index.php\/product\/turkoniak-tadeusz\/","title":{"rendered":"Turkoniak Tadeusz"},"content":{"rendered":"<p>Redaktor pisma \u201eSolidarno\u015b\u0107 Walcz\u0105ca\u201d.<\/p>\n","protected":false},"excerpt":{"rendered":"<p>Redaktor pisma \u201eSolidarno\u015b\u0107 Walcz\u0105ca\u201d.<\/p>\n","protected":false},"featured_media":906,"template":"","meta":[],"_links":{"self":[{"href":"http:\/\/ludzie.fundacja-pih.pl\/index.php\/wp-json\/wp\/v2\/product\/3112"}],"collection":[{"href":"http:\/\/ludzie.fundacja-pih.pl\/index.php\/wp-json\/wp\/v2\/product"}],"about":[{"href":"http:\/\/ludzie.fundacja-pih.pl\/index.php\/wp-json\/wp\/v2\/types\/product"}],"wp:featuredmedia":[{"embeddable":true,"href":"http:\/\/ludzie.fundacja-pih.pl\/index.php\/wp-json\/wp\/v2\/media\/906"}],"wp:attachment":[{"href":"http:\/\/ludzie.fundacja-pih.pl\/index.php\/wp-json\/wp\/v2\/media?parent=3112"}],"curies":[{"name":"wp","href":"https:\/\/api.w.org\/{rel}","templated":true}]}}