{"id":3137,"date":"2021-05-01T10:47:07","date_gmt":"2021-05-01T10:47:07","guid":{"rendered":"http:\/\/ludzie.fundacja-pih.pl\/?post_type=product&#038;p=3137"},"modified":"2025-05-16T14:20:43","modified_gmt":"2025-05-16T14:20:43","slug":"krzeminski-marian","status":"publish","type":"product","link":"http:\/\/ludzie.fundacja-pih.pl\/index.php\/product\/krzeminski-marian\/","title":{"rendered":"Krzemi\u0144ski Marian"},"content":{"rendered":"<p>Urodzi\u0142 si\u0119 23 lipca 1960 roku w Radzyniu Che\u0142mi\u0144skim.<\/p>\n<p>Na pocz\u0105tku lat osiemdziesi\u0105tych studiowa\u0142 na Wydziale Podstawowych Problem\u00f3w Techniki na Uniwersytecie Wroc\u0142awskim. 8 kwietnia 1981 roku wst\u0105pi\u0142 do Niezale\u017cnego Zrzeszenia Student\u00f3w W nocy z 2 na 3 maja 1982 roku, wraz z grup\u0105 student\u00f3w zw swojego wydzia\u0142u, zawiesi\u0142 flag\u0119 Solidarno\u015bci na iglicy wroc\u0142awskiej. Po tym wydarzeniu ju\u017c w czerwcu 1982 z rekomendacji Jacka Le\u015bkowa zosta\u0142 przedstawiony Hannie \u0141ukowskiej \u2013 Karniej. Za jej po\u015brednictwem uczestniczy\u0142 w spotkaniach z Kornelem Morawieckim i innymi za\u0142o\u017cycielami SW. Zosta\u0142 zaprzysi\u0119\u017cony jako cz\u0142onek tej organizacji. Pocz\u0105tkowo uczestniczy\u0142 w r\u00f3\u017cnych akcjach, w tym, w pierwszych pr\u00f3bach nadawania sygna\u0142u radiowego z nadajnik\u00f3w dostarczanych przez Jana Paw\u0142owskiego oraz w kolporta\u017cu wydawnictw podziemnych na terenie Dolnego \u015al\u0105ska (G\u0142og\u00f3w, Lubin, Nowa S\u00f3l, Brzeg). W okresie p\u00f3\u017aniejszym by\u0142 dublerem Kazimierza Klementowskiego, uczestnicz\u0105c mi\u0119dzy innymi w dostarczaniu matryc, druku i kolporta\u017cu wydawnictw SW. Wsp\u00f3\u0142pracowa\u0142 aktywnie z Zofi\u0105 Maciejewsk\u0105 i jej struktur\u0105.<br \/>\nPo raz pierwszy zosta\u0142 zatrzymany 14 grudnia 1983 roku w kotle przy ul. Bia\u0142owieskiej 21 we Wroc\u0142awiu, a nast\u0119pnie 13 stycznia 1984 roku w G\u0142ogowie, sk\u0105d zosta\u0142 przewieziony do Aresztu \u015aledczego na Podwalu we Wroc\u0142awiu. Wkr\u00f3tce zosta\u0142 przeniesiony do aresztu na \u015awiebodzkiej, gdzie przebywa\u0142 do 16 lipca, kiedy to zwolniono co najmniej 22 cz\u0142onk\u00f3w SW na mocy ustawy o amnestii z 21 lipca 1984 roku. W trakcie aresztowa\u0144 odmawia\u0142 wszelkich zezna\u0144.<br \/>\nPo wyj\u015bciu z aresztu jako zdekonspirowany cz\u0142onek SW, kontynuowa\u0142 dzia\u0142alno\u015b\u0107 g\u0142\u00f3wnie pod nadzorem Wojciecha My\u015bleckiego. Po powrocie do G\u0142ogowa i podj\u0119ciu pracy w KGHM w 1985 roku, odtwarza\u0142 struktury NSZZ Solidarno\u015b\u0107 Zag\u0142\u0119bia Miedziowego i by\u0142 aktywnym cz\u0142onkiem Zwi\u0105zku, w tym r\u00f3wnie\u017c delegatem na II Krajowy Zjazd.<\/p>\n","protected":false},"excerpt":{"rendered":"<p>Urodzi\u0142 si\u0119 23 lipca 1960 roku w Radzyniu Che\u0142mi\u0144skim. Na pocz\u0105tku lat osiemdziesi\u0105tych studiowa\u0142 na Wydziale Podstawowych Problem\u00f3w Techniki na Uniwersytecie Wroc\u0142awskim. 8 kwietnia 1981 roku wst\u0105pi\u0142 do Niezale\u017cnego Zrzeszenia Student\u00f3w W nocy z 2 na 3 maja 1982 roku, wraz z grup\u0105 student\u00f3w zw swojego wydzia\u0142u, zawiesi\u0142 flag\u0119 Solidarno\u015bci na iglicy wroc\u0142awskiej. Po tym [&hellip;]<\/p>\n","protected":false},"featured_media":3138,"template":"","meta":[],"_links":{"self":[{"href":"http:\/\/ludzie.fundacja-pih.pl\/index.php\/wp-json\/wp\/v2\/product\/3137"}],"collection":[{"href":"http:\/\/ludzie.fundacja-pih.pl\/index.php\/wp-json\/wp\/v2\/product"}],"about":[{"href":"http:\/\/ludzie.fundacja-pih.pl\/index.php\/wp-json\/wp\/v2\/types\/product"}],"wp:featuredmedia":[{"embeddable":true,"href":"http:\/\/ludzie.fundacja-pih.pl\/index.php\/wp-json\/wp\/v2\/media\/3138"}],"wp:attachment":[{"href":"http:\/\/ludzie.fundacja-pih.pl\/index.php\/wp-json\/wp\/v2\/media?parent=3137"}],"curies":[{"name":"wp","href":"https:\/\/api.w.org\/{rel}","templated":true}]}}