{"id":3180,"date":"2021-05-02T21:36:30","date_gmt":"2021-05-02T21:36:30","guid":{"rendered":"http:\/\/ludzie.fundacja-pih.pl\/?post_type=product&#038;p=3180"},"modified":"2025-05-16T14:20:44","modified_gmt":"2025-05-16T14:20:44","slug":"perlak-andrzej-nowa-sol","status":"publish","type":"product","link":"http:\/\/ludzie.fundacja-pih.pl\/index.php\/product\/perlak-andrzej-nowa-sol\/","title":{"rendered":"Perlak Andrzej (Nowa S\u00f3l)"},"content":{"rendered":"<p>Urodzi\u0142 si\u0119 22 marca 1954 roku w Nowej Soli. <\/p>\n<p>W 1977 roku uko\u0144czy\u0142 studia historyczne na Uniwersytecie Wroc\u0142awskim. W latach 1977 &#8211; 1978 by\u0142 zatrudniony jako bibliotekarz w Bibliotece Zak\u0142adu Narodowego im. Ossoli\u0144skich we Wroc\u0142awiu. W latach 1978 &#8211; 1979 pracowa\u0142 jako nauczyciel w SP w Nowym Miasteczku. W latach 1979 &#8211; 1982 by\u0142 pracownikiem Zespo\u0142u Szk\u00f3\u0142 Spo\u017cywczych w Nowej Soli. W latach 1973 &#8211; 1977 nale\u017ca\u0142 do SZSP, w latach 1977 &#8211; 1980 by\u0142 cz\u0142onkiem ZNP, w latach 1977 &#8211; 1981 nale\u017ca\u0142 do ZSL. Od grudnia 1977 roku wsp\u00f3\u0142pracowa\u0142 ze Studenckim Komitetem Solidarno\u015bci we Wroc\u0142awiu, kolportowa\u0142 wydawnictwa KSS KOR &#8211; m.in. \u201eRobotnika\u201d &#8211; oraz ksi\u0105\u017cek NOWej. W latach 1979 &#8211; 1980 by\u0142 wsp\u00f3\u0142pracownikem niezale\u017cnego \u201eBiuletynu Dolno\u015bl\u0105skiego\u201d. We wrze\u015bniu 1980 roku wst\u0105pi\u0142 do NSZZ \u201eSolidarno\u015b\u0107\u201d, by\u0142 wsp\u00f3\u0142za\u0142o\u017cycielem, a nast\u0119pnie przewodnicz\u0105cym Komitetu Za\u0142o\u017cycielskiego \u201eS\u201d w ZSS w Nowej Soli oraz przewodnicz\u0105cym Komitetu Miejskiego \u201eS\u201d w Nowej Soli. 20 pa\u017adziernika 1980 roku wszed\u0142 w sk\u0142ad MKZ \u201eS\u201d w Zielonej G\u00f3rze. W czerwcu 1981 roku by\u0142 delegatem na I WZD Region Zielona G\u00f3ra oraz cz\u0142onkiem Prezydium ZR. Od jesieni 1980 roku do roku 1981 pe\u0142ni\u0142 funkcje redaktora i autora niezale\u017cnych pism MKZ\/ZR, w tym m.in. \u201eSolidarno\u015bci \u015arodkowego Nadodrza\u201d. W latach 1980 &#8211; 1981 wsp\u00f3\u0142organizowa\u0142 struktury NSZZR\/NSZZR Solidarno\u015b\u0107 Wiejska. W lutym 1981 roku by\u0142 delegatem na zjazd wojew\u00f3dzki Solidarno\u015bci Wiejskiej w Zielonej G\u00f3rze, a w marcu 1981 roku na zjazd krajowy w Poznaniu. Andrzej Perlak napisa\u0142 broszur\u0119 \u201eKaty\u0144\u201d wydan\u0105 w kwietniu 1981 roku przez MKZ. Od 7 maja 1981 roku pe\u0142ni\u0142 funkcj\u0119 sekretarza Regionalnego KOWzP w Zielonej G\u00f3rze. 25 maja 1981 roku wsp\u00f3\u0142organizowa\u0142 wiec w obronie wi\u0119\u017ani\u00f3w politycznych. Po wprowadzeniu stanu wojennego, 13 grudnia 1981 roku, zosta\u0142 internowany i osadzony kolejno w O\u015brodku Odosobnienia w Zielonej G\u00f3rze, w G\u0142ogowie, w Grodkowie i w Uhercach. 30 listopada 1982 roku zosta\u0142 zwolniony. Od grudnia 1982 roku do roku 1984 przeniesiony represyjnie do pracy w SP nr 7 w Nowej Soli. 15 marca 1984 roku, po rewizji zosta\u0142 zatrzymany na 48 godzin. W latach 1984 &#8211; 1990 Andrzej Perlak zosta\u0142 obj\u0119ty zakazem wykonywania zawodu nauczyciela. W 1983 zosta\u0142 cz\u0142onkiem Diecezjalnego Komitetu Pomocy dla Rodzin Os\u00f3b Internowanych i Aresztowanych. W latach  1983 &#8211; 1989 wsp\u00f3\u0142pracowa\u0142 z Diecezjalnym Duszpasterstwem Rolnik\u00f3w, w latach 1985 &#8211; 1989 z Duszpasterstwem Ludzi Pracy przy parafii \u015bw. Antoniego w Nowej Soli. W latach 1983 &#8211; 1984 wsp\u00f3\u0142pracowa\u0142 z podziemn\u0105 struktur\u0105 Agencja Informacyjna \u201eS\u201d.  W latach 1984 &#8211; 1986 by\u0142 wsp\u00f3\u0142pracownikiem Krajowej Agencji Terenowej, drukarzem pisma \u201eAI \u00abS\u00bb\u201d, instruktorem druku, korespondentem (z woj. zielonog\u00f3rskiego, gorzowskiego i legnickiego), organizatorem sieci kolporta\u017cu \u201eAI \u00abS\u00bb\u201d i \u201eKAT\u201d. Od 1983 roku by\u0142 wielokrotnie operowany z powodu choroby nowotworowej, niezdiagnozowanej i nieleczonej w czasie internowania. W 1986 roku przeszed\u0142 amputacj\u0119 prawej nogi. Od 1984 roku przebywa\u0142 na rencie inwalidzkiej. Od grudnia 1987 roku do lutego 1990 roku by\u0142 zatrudniony w Sp\u00f3\u0142dzielni Niewidomych Nadodrze w Bytomiu Odrza\u0144skim. Na prze\u0142omie lat 1988\/1989 inicjowa\u0142 reaktywowanie \u201eSolidarno\u015bci\u201d tam\u017ce. W kwietniu 1989 roku zak\u0142ada\u0142 i przewodniczy\u0142 KO \u201eS\u201d w Bytomiu Odrza\u0144skim. Nale\u017ca\u0142 do KO \u201eS\u201d Wojew\u00f3dztwa Zielonog\u00f3rskiego. 16 czerwca 1989 roku wsp\u00f3\u0142organizowa\u0142, a nast\u0119pnie zosta\u0142 cz\u0142onkiem Zarz\u0105du MKO w Nowej Soli. W 1990 roku przywr\u00f3cono go do pracy w zawodzie. Andrzej Perlak zosta\u0142 odznaczony m.in. w 2009 roku Krzy\u017cem Komandorskim Orderu Odrodzenia Polski, w 2016 roku Krzy\u017cem Wolno\u015bci i Solidarno\u015bci. Od pa\u017adziernika 1981 roku by\u0142 rozpracowywany przez Wydz. IIIA\/III KW MO w Zielonej G\u00f3rze w ramach SO o kryptonimach \u201eFala\u201d, \u201eHistoryk\u201d, \u201eTriumwirat\u201d. Od 19 stycznia 1983 roku do 20 stycznia 1986 roku przez KM MO\/RUSW w Nowej Soli w ramach KE o kryptonimie \u201eHistoryk\u201d.<\/p>\n","protected":false},"excerpt":{"rendered":"<p>Urodzi\u0142 si\u0119 22 marca 1954 roku w Nowej Soli. W 1977 roku uko\u0144czy\u0142 studia historyczne na Uniwersytecie Wroc\u0142awskim. W latach 1977 &#8211; 1978 by\u0142 zatrudniony jako bibliotekarz w Bibliotece Zak\u0142adu Narodowego im. Ossoli\u0144skich we Wroc\u0142awiu. W latach 1978 &#8211; 1979 pracowa\u0142 jako nauczyciel w SP w Nowym Miasteczku. W latach 1979 &#8211; 1982 by\u0142 pracownikiem [&hellip;]<\/p>\n","protected":false},"featured_media":3181,"template":"","meta":[],"_links":{"self":[{"href":"http:\/\/ludzie.fundacja-pih.pl\/index.php\/wp-json\/wp\/v2\/product\/3180"}],"collection":[{"href":"http:\/\/ludzie.fundacja-pih.pl\/index.php\/wp-json\/wp\/v2\/product"}],"about":[{"href":"http:\/\/ludzie.fundacja-pih.pl\/index.php\/wp-json\/wp\/v2\/types\/product"}],"wp:featuredmedia":[{"embeddable":true,"href":"http:\/\/ludzie.fundacja-pih.pl\/index.php\/wp-json\/wp\/v2\/media\/3181"}],"wp:attachment":[{"href":"http:\/\/ludzie.fundacja-pih.pl\/index.php\/wp-json\/wp\/v2\/media?parent=3180"}],"curies":[{"name":"wp","href":"https:\/\/api.w.org\/{rel}","templated":true}]}}