{"id":3182,"date":"2021-05-02T22:03:00","date_gmt":"2021-05-02T22:03:00","guid":{"rendered":"http:\/\/ludzie.fundacja-pih.pl\/?post_type=product&#038;p=3182"},"modified":"2025-05-16T14:20:45","modified_gmt":"2025-05-16T14:20:45","slug":"ziolkowski-andrzej","status":"publish","type":"product","link":"http:\/\/ludzie.fundacja-pih.pl\/index.php\/product\/ziolkowski-andrzej\/","title":{"rendered":"Zi\u00f3\u0142kowski Andrzej"},"content":{"rendered":"<p>Urodzi\u0142 si\u0119 1 kwietnia 1956 roku.<\/p>\n<p>W latach 1979 &#8211; 1980 dzia\u0142aj\u0105c pod pseudonimem \u201ePanterkowiec\u201d, wspiera\u0142 zaplecze poligraficzne Ruchu Obrony Praw Cz\u0142owieka i Obywatela oraz kolportowa\u0142 wydawnictwa niezale\u017cne w tym m.in. \u201eOpinie\u201d. W 1980 roku wst\u0105pi\u0142 do NSZZ \u201eSolidarno\u015b\u0107\u201d w Zak\u0142adach Graficznych \u201eTamka\u201d w Warszawie i wsp\u00f3\u0142redagowa\u0142 czasopismo  \u201eSolidarno\u015b\u0107 \u00abTamka\u00bb ZG\u201d. Od marca 1982 roku szefowa\u0142 jednej z sekcji Grupy Specjalnej Komitetu Porozumienia Mi\u0119dzyzak\u0142adowego \u201eSolidarno\u015bci\u201d dzia\u0142aj\u0105c pod pseudonimem \u201eCzarny\u201d (Grupa Waldemara R\u00f3\u017cyckiego ps. \u201cSuchy\u201d \u2013 p\u00f3\u017aniejsze Grupy Oporu \u201eSolidarni\u201d). Do ko\u0144ca 1983 roku wsp\u00f3\u0142pracowa\u0142 ze \u015brodowiskiem Ruchu M\u0142odej Polski. Kolportowa\u0142 wydawnictwa podziemne i pras\u0119, by\u0142 instruktorem \u201eBHP\u201d i planist\u0105 akcji. Uczestniczy\u0142 w akcjach przerzutowych sprz\u0119tu i materia\u0142\u00f3w poligraficznych, akcjach antykolaboracyjnych, ulotkowych, \u201egada\u0142kowych\u201d, transparentowych, w akcjach malowania antyre\u017cimowych hase\u0142 na mostach. Bra\u0142 udzia\u0142 w manifestacjach i demonstracjach ulicznych. Uczestniczy\u0142 m.in. w ochronie manifestacji w Ursusie oraz w zamachu na teatr \u201eSyrena\u201d. Inicjowa\u0142 i bra\u0142 udzia\u0142 w akcji powieszenia kuk\u0142y Wojciecha Jaruzelskiego na murach Barbakanu. By\u0142 uczestnikiem ustawiania na ulicach Warszawy drewnianych krzy\u017cy m.in. z tabliczkami \u201eOfiarom represji w\u0142adzy ludowej\u201d, \u201eOfiarom Katynia\u201d, \u201eOfiarom Grudnia\u201d. Od jesieni 1983 roku nale\u017ca\u0142 do Grupy Specjalnej \u201eArmenia\u201d. W czerwcowej akcji \u201eMost-Grobla\u20191986\u201d pe\u0142ni\u0142 rol\u0119 \u0142\u0105cznika Stoczni Gda\u0144skiej, Remontowej, Gdy\u0144skiej i zak\u0142ad\u00f3w pracy w Elbl\u0105gu. W sierpniu 1988 roku by\u0142 kurier do kopalni \u201eJastrz\u0119bie\u201d. Inicjowa\u0142 i bra\u0142 udzia\u0142 w akcji uderzeniowej na kolumn\u0119 ZOMO 8 marca 1989 roku na ul. Mi\u0119dzyparkowej. Na prze\u0142omie 1986 i 1987 roku wst\u0105pi\u0142 do warszawskiego oddzia\u0142u \u201eSolidarno\u015bci Walcz\u0105cej\u201d i zosta\u0142 jej zaprzysi\u0119\u017conym cz\u0142onkiem. W ramach dzia\u0142alno\u015bci w niej zajmowa\u0142 si\u0119 g\u0142\u00f3wnie kolporta\u017cem tytu\u0142\u00f3w takich jak: \u201eSolidarno\u015b\u0107 Walcz\u0105ca\u201d, \u201eG\u0142os Solidarno\u015bci\u201d i \u201eHoryzont\u201d. Andrzej Zi\u00f3\u0142kowski zosta\u0142 odznaczony Krzy\u017cem Wolno\u015bci i Solidarno\u015bci, Krzy\u017cem Solidarno\u015bci Walcz\u0105cej, Z\u0142otym Krzy\u017cem Zas\u0142ugi, Medalem \u201ePro Memoria\u0142\u201d, Odznak\u0105 Grup Oporu \u201eSolidarni\u201d.<\/p>\n","protected":false},"excerpt":{"rendered":"<p>Urodzi\u0142 si\u0119 1 kwietnia 1956 roku. W latach 1979 &#8211; 1980 dzia\u0142aj\u0105c pod pseudonimem \u201ePanterkowiec\u201d, wspiera\u0142 zaplecze poligraficzne Ruchu Obrony Praw Cz\u0142owieka i Obywatela oraz kolportowa\u0142 wydawnictwa niezale\u017cne w tym m.in. \u201eOpinie\u201d. W 1980 roku wst\u0105pi\u0142 do NSZZ \u201eSolidarno\u015b\u0107\u201d w Zak\u0142adach Graficznych \u201eTamka\u201d w Warszawie i wsp\u00f3\u0142redagowa\u0142 czasopismo \u201eSolidarno\u015b\u0107 \u00abTamka\u00bb ZG\u201d. Od marca 1982 roku [&hellip;]<\/p>\n","protected":false},"featured_media":3183,"template":"","meta":[],"_links":{"self":[{"href":"http:\/\/ludzie.fundacja-pih.pl\/index.php\/wp-json\/wp\/v2\/product\/3182"}],"collection":[{"href":"http:\/\/ludzie.fundacja-pih.pl\/index.php\/wp-json\/wp\/v2\/product"}],"about":[{"href":"http:\/\/ludzie.fundacja-pih.pl\/index.php\/wp-json\/wp\/v2\/types\/product"}],"wp:featuredmedia":[{"embeddable":true,"href":"http:\/\/ludzie.fundacja-pih.pl\/index.php\/wp-json\/wp\/v2\/media\/3183"}],"wp:attachment":[{"href":"http:\/\/ludzie.fundacja-pih.pl\/index.php\/wp-json\/wp\/v2\/media?parent=3182"}],"curies":[{"name":"wp","href":"https:\/\/api.w.org\/{rel}","templated":true}]}}