{"id":3188,"date":"2021-05-02T22:09:18","date_gmt":"2021-05-02T22:09:18","guid":{"rendered":"http:\/\/ludzie.fundacja-pih.pl\/?post_type=product&#038;p=3188"},"modified":"2025-05-16T14:20:47","modified_gmt":"2025-05-16T14:20:47","slug":"nieszczerzewicz-marek","status":"publish","type":"product","link":"http:\/\/ludzie.fundacja-pih.pl\/index.php\/product\/nieszczerzewicz-marek\/","title":{"rendered":"Nieszczerzewicz Marek"},"content":{"rendered":"<p>Urodzi\u0142 si\u0119 14 listopada 1968 roku w Warszawa.<\/p>\n<p>Absolwent specjalnego kursu ratownik\u00f3w medycznych. W latach 1985 &#8211; 1986 nale\u017ca\u0142 do Grupy Specjalnej \u201eArmenia\u201d i dzia\u0142a\u0142 pod ps. \u201eM\u0142ody 2\u201d. Bra\u0142 udzia\u0142 w akcji antykolaboracyjnych, ulotkowych, transparentowych, akcjach malowania antyre\u017cimowych hase\u0142 na murach i mostach. Uczestniczy\u0142 w manifestacjach i demonstracjach ulicznych. Przygotowywa\u0142 i emitowa\u0142 audycje Radia \u201eSolidarno\u015b\u0107\u201d. W sierpniu 1988 roku pe\u0142ni\u0142 funkcj\u0119 kuriera do kopalni \u201eJastrz\u0119bie\u201d. 8 marca 1989 roku bra\u0142 udzia\u0142 w akcji uderzeniowej na kolumn\u0119 ZOMO na ul. Mi\u0119dzyparkowej w Warszawie. Na prze\u0142omie 1986 i 1987 roku wst\u0105pi\u0142 do warszawskiego oddzia\u0142u \u201eSolidarno\u015bci Walcz\u0105cej\u201d, by\u0142 jej zaprzysi\u0119\u017conym cz\u0142onkiem. Kolportowa\u0142 podziemne czasopisma  \u201eG\u0142os Solidarno\u015bci\u201d i \u201eHoryzont\u201d. Zosta\u0142 odznaczony Krzy\u017cem Wolno\u015bci i Solidarno\u015bci, Krzy\u017cem Solidarno\u015bci Walcz\u0105cej oraz Z\u0142otym Krzy\u017cem Zas\u0142ugi.<\/p>\n","protected":false},"excerpt":{"rendered":"<p>Urodzi\u0142 si\u0119 14 listopada 1968 roku w Warszawa. Absolwent specjalnego kursu ratownik\u00f3w medycznych. W latach 1985 &#8211; 1986 nale\u017ca\u0142 do Grupy Specjalnej \u201eArmenia\u201d i dzia\u0142a\u0142 pod ps. \u201eM\u0142ody 2\u201d. Bra\u0142 udzia\u0142 w akcji antykolaboracyjnych, ulotkowych, transparentowych, akcjach malowania antyre\u017cimowych hase\u0142 na murach i mostach. Uczestniczy\u0142 w manifestacjach i demonstracjach ulicznych. Przygotowywa\u0142 i emitowa\u0142 audycje Radia [&hellip;]<\/p>\n","protected":false},"featured_media":3189,"template":"","meta":[],"_links":{"self":[{"href":"http:\/\/ludzie.fundacja-pih.pl\/index.php\/wp-json\/wp\/v2\/product\/3188"}],"collection":[{"href":"http:\/\/ludzie.fundacja-pih.pl\/index.php\/wp-json\/wp\/v2\/product"}],"about":[{"href":"http:\/\/ludzie.fundacja-pih.pl\/index.php\/wp-json\/wp\/v2\/types\/product"}],"wp:featuredmedia":[{"embeddable":true,"href":"http:\/\/ludzie.fundacja-pih.pl\/index.php\/wp-json\/wp\/v2\/media\/3189"}],"wp:attachment":[{"href":"http:\/\/ludzie.fundacja-pih.pl\/index.php\/wp-json\/wp\/v2\/media?parent=3188"}],"curies":[{"name":"wp","href":"https:\/\/api.w.org\/{rel}","templated":true}]}}