{"id":3199,"date":"2021-05-02T23:37:31","date_gmt":"2021-05-02T23:37:31","guid":{"rendered":"http:\/\/ludzie.fundacja-pih.pl\/?post_type=product&#038;p=3199"},"modified":"2025-05-16T14:20:49","modified_gmt":"2025-05-16T14:20:49","slug":"debinski-przemyslaw","status":"publish","type":"product","link":"http:\/\/ludzie.fundacja-pih.pl\/index.php\/product\/debinski-przemyslaw\/","title":{"rendered":"D\u0119bi\u0144ski Stanis\u0142aw"},"content":{"rendered":"<p>Urodzi\u0142 si\u0119 7 grudnia 1952 roku we Wroc\u0142awiu.<\/p>\n<p>Dzia\u0142alno\u015b\u0107 konspiracyjn\u0105 rozpocz\u0105\u0142 w grudniu 1981 roku, kiedy Andrzej Bafalukosz zaproponowa\u0142 mu uczestnictwo w podziemnej \u201eSolidarno\u015bci\u201d. W 1982 roku podj\u0105\u0142 wsp\u00f3\u0142prac\u0119 z \u201eSolidarno\u015bci\u0105 Walcz\u0105c\u0105\u201d. Przez kilka lat zajmowa\u0142 si\u0119 kolporta\u017cem wydawnictw podziemnych, ich drukowaniem i wytwarzaniem diapozytyw\u00f3w do sitodruku. Wsp\u00f3\u0142pracowa\u0142 m.in. z Barbar\u0105 Sarapuk, Albertem \u0141yjakiem, Jadwig\u0105 Tokarsk\u0105, bra\u0107mi Andrzejem i Janem Bafalukosz, Waldemarem Bobnisem. Regularnie dostarcza\u0142 pras\u0119 podziemn\u0105 do Zgorzelca, kt\u00f3rej odbiorcami byli: Zdzis\u0142aw Kania, Gra\u017cyna Pa\u0142ys oraz ma\u0142\u017ce\u0144stwo Szafra\u0144skich. W roku 1987 jad\u0105c z Janem Bafalukoszem samochodem wype\u0142nionym wydawnictwami niezale\u017cnymi zosta\u0142 zatrzymany przez SB. Skutkiem zatrzymania by\u0142 przepadek samochodu i wysoka grzywna. W 2019 roku zosta\u0142 odznaczony Krzy\u017cem Solidarno\u015bci Walcz\u0105cej.<\/p>\n","protected":false},"excerpt":{"rendered":"<p>Urodzi\u0142 si\u0119 7 grudnia 1952 roku we Wroc\u0142awiu. Dzia\u0142alno\u015b\u0107 konspiracyjn\u0105 rozpocz\u0105\u0142 w grudniu 1981 roku, kiedy Andrzej Bafalukosz zaproponowa\u0142 mu uczestnictwo w podziemnej \u201eSolidarno\u015bci\u201d. W 1982 roku podj\u0105\u0142 wsp\u00f3\u0142prac\u0119 z \u201eSolidarno\u015bci\u0105 Walcz\u0105c\u0105\u201d. Przez kilka lat zajmowa\u0142 si\u0119 kolporta\u017cem wydawnictw podziemnych, ich drukowaniem i wytwarzaniem diapozytyw\u00f3w do sitodruku. Wsp\u00f3\u0142pracowa\u0142 m.in. z Barbar\u0105 Sarapuk, Albertem \u0141yjakiem, Jadwig\u0105 [&hellip;]<\/p>\n","protected":false},"featured_media":3200,"template":"","meta":[],"_links":{"self":[{"href":"http:\/\/ludzie.fundacja-pih.pl\/index.php\/wp-json\/wp\/v2\/product\/3199"}],"collection":[{"href":"http:\/\/ludzie.fundacja-pih.pl\/index.php\/wp-json\/wp\/v2\/product"}],"about":[{"href":"http:\/\/ludzie.fundacja-pih.pl\/index.php\/wp-json\/wp\/v2\/types\/product"}],"wp:featuredmedia":[{"embeddable":true,"href":"http:\/\/ludzie.fundacja-pih.pl\/index.php\/wp-json\/wp\/v2\/media\/3200"}],"wp:attachment":[{"href":"http:\/\/ludzie.fundacja-pih.pl\/index.php\/wp-json\/wp\/v2\/media?parent=3199"}],"curies":[{"name":"wp","href":"https:\/\/api.w.org\/{rel}","templated":true}]}}