{"id":3271,"date":"2021-05-06T07:55:44","date_gmt":"2021-05-06T07:55:44","guid":{"rendered":"http:\/\/ludzie.fundacja-pih.pl\/?post_type=product&#038;p=3271"},"modified":"2025-05-16T14:21:03","modified_gmt":"2025-05-16T14:21:03","slug":"suszynska-malgorzata","status":"publish","type":"product","link":"http:\/\/ludzie.fundacja-pih.pl\/index.php\/product\/suszynska-malgorzata\/","title":{"rendered":"Suszy\u0144ska Ma\u0142gorzata"},"content":{"rendered":"<p>Urodzi\u0142a si\u0119 2 pa\u017adziernika 1958 roku w Bielsku-Bia\u0142ej. <\/p>\n<p>Po wprowadzeniu stanu wojennego wzi\u0119\u0142a udzia\u0142 w strajku na Politechnice Wroc\u0142awskiej. Nast\u0119pnie zajmowa\u0142a si\u0119 kolporta\u017cem podziemnych wydawnictw sygnowanych przez \u201eSolidarno\u015b\u0107\u201d, a od roku 1982 roku dodatkowo tych, kt\u00f3re sygnowa\u0142a \u201eSolidarno\u015b\u0107 Walcz\u0105ca\u201d. Pracowa\u0142a r\u00f3wnie\u017c jako drukarz pism podziemnych. Od pocz\u0105tku swojej dzia\u0142alno\u015bci nale\u017ca\u0142a do redakcji \u201eRepliki\u201d, gdzie pisa\u0142a, sk\u0142ada\u0142a nak\u0142ad i zajmowa\u0142a si\u0119 kliszami. W czerwcu 1982 roku zosta\u0142a ci\u0119\u017cko pobita przez ZOMO, co poskutkowa\u0142o 14-miesi\u0119cznym zwolnieniem lekarskim. Jej dom rodzinny by\u0142 tzw. punktem kontaktowym, funkcjonowa\u0142a w nim te\u017c drukarnia SW. W 1984, 1987 i 1988 roku w jej domu przeprowadzono rewizje.<\/p>\n","protected":false},"excerpt":{"rendered":"<p>Urodzi\u0142a si\u0119 2 pa\u017adziernika 1958 roku w Bielsku-Bia\u0142ej. Po wprowadzeniu stanu wojennego wzi\u0119\u0142a udzia\u0142 w strajku na Politechnice Wroc\u0142awskiej. Nast\u0119pnie zajmowa\u0142a si\u0119 kolporta\u017cem podziemnych wydawnictw sygnowanych przez \u201eSolidarno\u015b\u0107\u201d, a od roku 1982 roku dodatkowo tych, kt\u00f3re sygnowa\u0142a \u201eSolidarno\u015b\u0107 Walcz\u0105ca\u201d. Pracowa\u0142a r\u00f3wnie\u017c jako drukarz pism podziemnych. Od pocz\u0105tku swojej dzia\u0142alno\u015bci nale\u017ca\u0142a do redakcji \u201eRepliki\u201d, gdzie pisa\u0142a, [&hellip;]<\/p>\n","protected":false},"featured_media":3272,"template":"","meta":[],"_links":{"self":[{"href":"http:\/\/ludzie.fundacja-pih.pl\/index.php\/wp-json\/wp\/v2\/product\/3271"}],"collection":[{"href":"http:\/\/ludzie.fundacja-pih.pl\/index.php\/wp-json\/wp\/v2\/product"}],"about":[{"href":"http:\/\/ludzie.fundacja-pih.pl\/index.php\/wp-json\/wp\/v2\/types\/product"}],"wp:featuredmedia":[{"embeddable":true,"href":"http:\/\/ludzie.fundacja-pih.pl\/index.php\/wp-json\/wp\/v2\/media\/3272"}],"wp:attachment":[{"href":"http:\/\/ludzie.fundacja-pih.pl\/index.php\/wp-json\/wp\/v2\/media?parent=3271"}],"curies":[{"name":"wp","href":"https:\/\/api.w.org\/{rel}","templated":true}]}}