{"id":3281,"date":"2021-05-07T12:21:24","date_gmt":"2021-05-07T12:21:24","guid":{"rendered":"http:\/\/ludzie.fundacja-pih.pl\/?post_type=product&#038;p=3281"},"modified":"2025-05-16T14:21:06","modified_gmt":"2025-05-16T14:21:06","slug":"chelkowski-andrzej","status":"publish","type":"product","link":"http:\/\/ludzie.fundacja-pih.pl\/index.php\/product\/chelkowski-andrzej\/","title":{"rendered":"Che\u0142kowski Andrzej (Wa\u0142brzych)"},"content":{"rendered":"<p>W Solidarno\u015bci od 1980 roku. Od pocz\u0105tku stanu wojennego zbiera\u0142em sk\u0142adki dla internowanych w KWK \u201eVictoria\u201d. Po instrukcji Jerzego Langera razem z bratem skonstruowali\u015bmy ramk\u0119 do druku i drukowali\u015bmy ulotki. W 1984 roku odm\u00f3wili\u015bmy pracy na oddziale 05 od sz\u00f3stej do jedenastej. W 1988 roku razem ze J. Skrupskim, T. Kujaw\u0105, K. Beatk\u0105 i J. Szeszko zorganizowali\u015bmy strajk na szybie Barbara w Ku\u017anicach (KWK \u201eVictoria\u201d). Przez ca\u0142y czas kolporta\u017c prasy podziemnej.<\/p>\n","protected":false},"excerpt":{"rendered":"<p>W Solidarno\u015bci od 1980 roku. Od pocz\u0105tku stanu wojennego zbiera\u0142em sk\u0142adki dla internowanych w KWK \u201eVictoria\u201d. Po instrukcji Jerzego Langera razem z bratem skonstruowali\u015bmy ramk\u0119 do druku i drukowali\u015bmy ulotki. W 1984 roku odm\u00f3wili\u015bmy pracy na oddziale 05 od sz\u00f3stej do jedenastej. W 1988 roku razem ze J. Skrupskim, T. Kujaw\u0105, K. Beatk\u0105 i J. [&hellip;]<\/p>\n","protected":false},"featured_media":3743,"template":"","meta":[],"_links":{"self":[{"href":"http:\/\/ludzie.fundacja-pih.pl\/index.php\/wp-json\/wp\/v2\/product\/3281"}],"collection":[{"href":"http:\/\/ludzie.fundacja-pih.pl\/index.php\/wp-json\/wp\/v2\/product"}],"about":[{"href":"http:\/\/ludzie.fundacja-pih.pl\/index.php\/wp-json\/wp\/v2\/types\/product"}],"wp:featuredmedia":[{"embeddable":true,"href":"http:\/\/ludzie.fundacja-pih.pl\/index.php\/wp-json\/wp\/v2\/media\/3743"}],"wp:attachment":[{"href":"http:\/\/ludzie.fundacja-pih.pl\/index.php\/wp-json\/wp\/v2\/media?parent=3281"}],"curies":[{"name":"wp","href":"https:\/\/api.w.org\/{rel}","templated":true}]}}