{"id":3284,"date":"2021-05-07T12:23:54","date_gmt":"2021-05-07T12:23:54","guid":{"rendered":"http:\/\/ludzie.fundacja-pih.pl\/?post_type=product&#038;p=3284"},"modified":"2025-05-16T14:21:08","modified_gmt":"2025-05-16T14:21:08","slug":"dabrowski-marek","status":"publish","type":"product","link":"http:\/\/ludzie.fundacja-pih.pl\/index.php\/product\/dabrowski-marek\/","title":{"rendered":"D\u0105browski Marek (Wa\u0142brzych-Mierosz\u00f3w)"},"content":{"rendered":"<p>Kolporter podziemnych wydawnictw \u201eS\u201d i Solidarno\u015bci Walcz\u0105cej.<\/p>\n","protected":false},"excerpt":{"rendered":"<p>Kolporter podziemnych wydawnictw \u201eS\u201d i Solidarno\u015bci Walcz\u0105cej.<\/p>\n","protected":false},"featured_media":3771,"template":"","meta":[],"_links":{"self":[{"href":"http:\/\/ludzie.fundacja-pih.pl\/index.php\/wp-json\/wp\/v2\/product\/3284"}],"collection":[{"href":"http:\/\/ludzie.fundacja-pih.pl\/index.php\/wp-json\/wp\/v2\/product"}],"about":[{"href":"http:\/\/ludzie.fundacja-pih.pl\/index.php\/wp-json\/wp\/v2\/types\/product"}],"wp:featuredmedia":[{"embeddable":true,"href":"http:\/\/ludzie.fundacja-pih.pl\/index.php\/wp-json\/wp\/v2\/media\/3771"}],"wp:attachment":[{"href":"http:\/\/ludzie.fundacja-pih.pl\/index.php\/wp-json\/wp\/v2\/media?parent=3284"}],"curies":[{"name":"wp","href":"https:\/\/api.w.org\/{rel}","templated":true}]}}