{"id":3285,"date":"2021-05-07T12:24:34","date_gmt":"2021-05-07T12:24:34","guid":{"rendered":"http:\/\/ludzie.fundacja-pih.pl\/?post_type=product&#038;p=3285"},"modified":"2025-05-16T14:21:08","modified_gmt":"2025-05-16T14:21:08","slug":"dziurdz-jozef","status":"publish","type":"product","link":"http:\/\/ludzie.fundacja-pih.pl\/index.php\/product\/dziurdz-jozef\/","title":{"rendered":"Dziurd\u017a J\u00f3zef (Wa\u0142brzych)"},"content":{"rendered":"<p>Kolporter podziemnych wydawnictw \u201eS\u201d i Solidarno\u015bci Walcz\u0105cej.<\/p>\n","protected":false},"excerpt":{"rendered":"<p>Kolporter podziemnych wydawnictw \u201eS\u201d i Solidarno\u015bci Walcz\u0105cej.<\/p>\n","protected":false},"featured_media":3744,"template":"","meta":[],"_links":{"self":[{"href":"http:\/\/ludzie.fundacja-pih.pl\/index.php\/wp-json\/wp\/v2\/product\/3285"}],"collection":[{"href":"http:\/\/ludzie.fundacja-pih.pl\/index.php\/wp-json\/wp\/v2\/product"}],"about":[{"href":"http:\/\/ludzie.fundacja-pih.pl\/index.php\/wp-json\/wp\/v2\/types\/product"}],"wp:featuredmedia":[{"embeddable":true,"href":"http:\/\/ludzie.fundacja-pih.pl\/index.php\/wp-json\/wp\/v2\/media\/3744"}],"wp:attachment":[{"href":"http:\/\/ludzie.fundacja-pih.pl\/index.php\/wp-json\/wp\/v2\/media?parent=3285"}],"curies":[{"name":"wp","href":"https:\/\/api.w.org\/{rel}","templated":true}]}}