{"id":3287,"date":"2021-05-07T12:26:43","date_gmt":"2021-05-07T12:26:43","guid":{"rendered":"http:\/\/ludzie.fundacja-pih.pl\/?post_type=product&#038;p=3287"},"modified":"2025-05-16T14:21:09","modified_gmt":"2025-05-16T14:21:09","slug":"gagatek-idzi","status":"publish","type":"product","link":"http:\/\/ludzie.fundacja-pih.pl\/index.php\/product\/gagatek-idzi\/","title":{"rendered":"Gagatek Idzi (Wa\u0142brzych)"},"content":{"rendered":"<p>Urodzi\u0142 si\u0119 29 sierpnia 1932 w Marsza\u0142kach k. Opola.<\/p>\n<p>W latach 1980 \u2013 1981 bra\u0142 udzia\u0142 w zak\u0142adaniu struktur NSZZ \u201eSolidarno\u015b\u0107\u201d w Kopalni W\u0119gla Kamiennego \u201eThorez\u201d w Wa\u0142brzychu. Po wprowadzeniu stanu wojennego, 13 grudnia 1981 roku, zosta\u0142 internowany na KW MO Wa\u0142brzych. Przebywa\u0142 w Areszcie \u015aledczym w \u015awidnicy,  nast\u0119pnie w o\u015brodku wi\u0119ziennym w Kamiennej G\u00f3rze. W stanie wojennym uczestniczy\u0142 w organizowaniu Komitetu Pomocy dla wi\u0119zionych cz\u0142onk\u00f3w \u201eSolidarno\u015bci\u201d i ich rodzin. Wsp\u00f3\u0142organizowa\u0142 te\u017c Duszpasterstwo \u015awiata Pracy przy parafii \u015bw. J\u00f3zefa Robotnika w Wa\u0142brzychu, kt\u00f3rego opiekunem by\u0142 ks. Stanis\u0142aw Boczo\u0144. Bra\u0142 udzia\u0142 w antyre\u017cimowych manifestacjach, w mszach \u015bwi\u0119tych za Ojczyzn\u0119, a tak\u017ce w protestach politycznych we Wroc\u0142awiu, Gda\u0144sku, Katowicach i Krakowie. Uczestniczy\u0142 w g\u0142od\u00f3wce w Krakowie-Bie\u017canowie. By\u0142 wi\u0119ziony przy ul. Kleczkowskiej, zatrzymywany na 24 godziny i na 48 godzin zw\u0142aszcza podczas manifestacji, spotka\u0144 i innych wydarze\u0144 organizowanych przez struktury podziemne \u201eSolidarno\u015bci\u201d. Kolportowa\u0142 podziemne wydawnictwa \u201eSolidarno\u015bci\u201d i \u201eSolidarno\u015bci Walcz\u0105cej\u201d.<\/p>\n","protected":false},"excerpt":{"rendered":"<p>Urodzi\u0142 si\u0119 29 sierpnia 1932 w Marsza\u0142kach k. Opola. W latach 1980 \u2013 1981 bra\u0142 udzia\u0142 w zak\u0142adaniu struktur NSZZ \u201eSolidarno\u015b\u0107\u201d w Kopalni W\u0119gla Kamiennego \u201eThorez\u201d w Wa\u0142brzychu. Po wprowadzeniu stanu wojennego, 13 grudnia 1981 roku, zosta\u0142 internowany na KW MO Wa\u0142brzych. Przebywa\u0142 w Areszcie \u015aledczym w \u015awidnicy, nast\u0119pnie w o\u015brodku wi\u0119ziennym w Kamiennej G\u00f3rze. [&hellip;]<\/p>\n","protected":false},"featured_media":3467,"template":"","meta":[],"_links":{"self":[{"href":"http:\/\/ludzie.fundacja-pih.pl\/index.php\/wp-json\/wp\/v2\/product\/3287"}],"collection":[{"href":"http:\/\/ludzie.fundacja-pih.pl\/index.php\/wp-json\/wp\/v2\/product"}],"about":[{"href":"http:\/\/ludzie.fundacja-pih.pl\/index.php\/wp-json\/wp\/v2\/types\/product"}],"wp:featuredmedia":[{"embeddable":true,"href":"http:\/\/ludzie.fundacja-pih.pl\/index.php\/wp-json\/wp\/v2\/media\/3467"}],"wp:attachment":[{"href":"http:\/\/ludzie.fundacja-pih.pl\/index.php\/wp-json\/wp\/v2\/media?parent=3287"}],"curies":[{"name":"wp","href":"https:\/\/api.w.org\/{rel}","templated":true}]}}