{"id":3298,"date":"2021-05-07T12:43:11","date_gmt":"2021-05-07T12:43:11","guid":{"rendered":"http:\/\/ludzie.fundacja-pih.pl\/?post_type=product&#038;p=3298"},"modified":"2025-05-16T14:21:16","modified_gmt":"2025-05-16T14:21:16","slug":"kutyla-ryszard","status":"publish","type":"product","link":"http:\/\/ludzie.fundacja-pih.pl\/index.php\/product\/kutyla-ryszard\/","title":{"rendered":"Kuty\u0142a Ryszard (Wa\u0142brzych)"},"content":{"rendered":"<p>Urodzi\u0142 si\u0119 30 sierpnia 1956 roku w \u015awiebodzicach.<\/p>\n<p>W 1975 roku uko\u0144czy\u0142 Zasadnicz\u0105 Szko\u0142\u0119 G\u00f3rnicz\u0105 w Wa\u0142brzychu. W latach 1975 \u2013 1988 pracowa\u0142 jako g\u00f3rnik w Kopalni W\u0119gla Kamiennego \u201eWa\u0142brzych\u201d. W dniach 28 \u2013 31 sierpnia 1980 roku, uczestniczy\u0142 w strajku w swoim zak\u0142adzie pracy. We wrze\u015bniu 1980 roku zosta\u0142 cz\u0142onkiem NSZZ \u201eSolidarno\u015b\u0107\u201d. W latach 1980 \u2013 1981 wszed\u0142 w sk\u0142ad KZ. W latach 1982 \u2013 1988 pe\u0142ni\u0142 funkcje wiceprzewodnicz\u0105cego, a nast\u0119pnie przewodnicz\u0105cego podziemnego TKZ. W tym samym okresie zosta\u0142 te\u017c wsp\u00f3\u0142za\u0142o\u017cycielem, redaktorem, autorem i organizatorem druku podziemnego zak\u0142adowego pisma \u201eWa\u0142brzych\u201d. Organizowa\u0142 w Wa\u0142brzychu sie\u0107 kolporta\u017cu podziemnych pism takich jak: \u201eWa\u0142brzych\u201d, \u201eTygodnik Mazowsze\u201d, \u201eZ Dnia na Dzie\u0144\u201d, \u201eSolidarno\u015b\u0107 Walcz\u0105ca\u201d, \u201eBiuletyn Dolno\u015bl\u0105ski\u201d, \u201eNiezale\u017cne S\u0142owo\u201d oraz ksi\u0105\u017cek Instytutu Literackiego w Pary\u017cu i NOW-ej. Bra\u0142 udzia\u0142 w akcjach ulotkowych i plakatowych, jak r\u00f3wnie\u017c w akcjach malowania antyre\u017cimowych hase\u0142 na murach. Organizowa\u0142 tak\u017ce zbi\u00f3rki funduszy na dzia\u0142alno\u015b\u0107 zwi\u0105zkow\u0105 oraz pomoc represjonowanym. Na prze\u0142omie lutego i marca 1985 roku uczestniczy\u0142 w prote\u015bcie g\u0142odowym w ko\u015bciele Narodzenia Naj\u015bwi\u0119tszej Marii Panny w Krakowie-Bie\u017canowie. W latach 1982 \u2013 1988 by\u0142 wielokrotnie zatrzymywany, przes\u0142uchiwany i poddawany rewizjom. W latach 1984 \u2013 1989 wsp\u00f3\u0142organizowa\u0142 Duszpasterstwo Ludzi Pracy przy parafii \u015bw. J\u00f3zefa Robotnika w Wa\u0142brzychu oraz przy parafii \u015bw. Jerzego a tak\u017ce dzia\u0142a\u0142 w ich strukturach. Po 1990 roku pracowa\u0142 w bran\u017cy budowlanej, od 1996 prowadzi dzia\u0142alno\u015b\u0107 gospodarcz\u0105.<br \/>\nW okresie od 1986 roku do 30 marca 1988 roku, by\u0142 rozpracowywany przez Wydz. V WUSW w Wa\u0142brzychu w ramach KE o kryptonimie \u201eLolo\u201d.<\/p>\n","protected":false},"excerpt":{"rendered":"<p>Urodzi\u0142 si\u0119 30 sierpnia 1956 roku w \u015awiebodzicach. W 1975 roku uko\u0144czy\u0142 Zasadnicz\u0105 Szko\u0142\u0119 G\u00f3rnicz\u0105 w Wa\u0142brzychu. W latach 1975 \u2013 1988 pracowa\u0142 jako g\u00f3rnik w Kopalni W\u0119gla Kamiennego \u201eWa\u0142brzych\u201d. W dniach 28 \u2013 31 sierpnia 1980 roku, uczestniczy\u0142 w strajku w swoim zak\u0142adzie pracy. We wrze\u015bniu 1980 roku zosta\u0142 cz\u0142onkiem NSZZ \u201eSolidarno\u015b\u0107\u201d. W latach [&hellip;]<\/p>\n","protected":false},"featured_media":3769,"template":"","meta":[],"_links":{"self":[{"href":"http:\/\/ludzie.fundacja-pih.pl\/index.php\/wp-json\/wp\/v2\/product\/3298"}],"collection":[{"href":"http:\/\/ludzie.fundacja-pih.pl\/index.php\/wp-json\/wp\/v2\/product"}],"about":[{"href":"http:\/\/ludzie.fundacja-pih.pl\/index.php\/wp-json\/wp\/v2\/types\/product"}],"wp:featuredmedia":[{"embeddable":true,"href":"http:\/\/ludzie.fundacja-pih.pl\/index.php\/wp-json\/wp\/v2\/media\/3769"}],"wp:attachment":[{"href":"http:\/\/ludzie.fundacja-pih.pl\/index.php\/wp-json\/wp\/v2\/media?parent=3298"}],"curies":[{"name":"wp","href":"https:\/\/api.w.org\/{rel}","templated":true}]}}