{"id":3308,"date":"2021-05-07T12:52:52","date_gmt":"2021-05-07T12:52:52","guid":{"rendered":"http:\/\/ludzie.fundacja-pih.pl\/?post_type=product&#038;p=3308"},"modified":"2025-05-16T14:21:22","modified_gmt":"2025-05-16T14:21:22","slug":"sapka-cezary","status":"publish","type":"product","link":"http:\/\/ludzie.fundacja-pih.pl\/index.php\/product\/sapka-cezary\/","title":{"rendered":"Sapka Cezary (Wa\u0142brzych)"},"content":{"rendered":"<p>Kurier z Wroc\u0142awia do Wa\u0142brzycha. Przewozi\u0142 regularnie znaczne ilo\u015bci podziemnych wydawnictw. Kolporter podziemnych wydawnictw \u201eS\u201d i Solidarno\u015bci Walcz\u0105cej.<\/p>\n","protected":false},"excerpt":{"rendered":"<p>Kurier z Wroc\u0142awia do Wa\u0142brzycha. Przewozi\u0142 regularnie znaczne ilo\u015bci podziemnych wydawnictw. Kolporter podziemnych wydawnictw \u201eS\u201d i Solidarno\u015bci Walcz\u0105cej.<\/p>\n","protected":false},"featured_media":906,"template":"","meta":[],"_links":{"self":[{"href":"http:\/\/ludzie.fundacja-pih.pl\/index.php\/wp-json\/wp\/v2\/product\/3308"}],"collection":[{"href":"http:\/\/ludzie.fundacja-pih.pl\/index.php\/wp-json\/wp\/v2\/product"}],"about":[{"href":"http:\/\/ludzie.fundacja-pih.pl\/index.php\/wp-json\/wp\/v2\/types\/product"}],"wp:featuredmedia":[{"embeddable":true,"href":"http:\/\/ludzie.fundacja-pih.pl\/index.php\/wp-json\/wp\/v2\/media\/906"}],"wp:attachment":[{"href":"http:\/\/ludzie.fundacja-pih.pl\/index.php\/wp-json\/wp\/v2\/media?parent=3308"}],"curies":[{"name":"wp","href":"https:\/\/api.w.org\/{rel}","templated":true}]}}