{"id":3309,"date":"2021-05-07T12:53:35","date_gmt":"2021-05-07T12:53:35","guid":{"rendered":"http:\/\/ludzie.fundacja-pih.pl\/?post_type=product&#038;p=3309"},"modified":"2025-05-16T14:21:23","modified_gmt":"2025-05-16T14:21:23","slug":"sauc-stanislaw","status":"publish","type":"product","link":"http:\/\/ludzie.fundacja-pih.pl\/index.php\/product\/sauc-stanislaw\/","title":{"rendered":"Sau\u0107 Stanis\u0142aw (Wa\u0142brzych)"},"content":{"rendered":"<p>Urodzi\u0142 si\u0119 w\u00a01961\u00a0roku w m.\u00a0Wa\u0142brzych<\/p>\n<p>Od pocz\u0105tk\u00f3w Niezale\u017cnego Zrzeszenia Student\u00f3w by\u0142 zaanga\u017cowany w dzia\u0142alno\u015b\u0107 w jego strukturach. Po wprowadzeniu stanu wojennego 13 grudnia 1981 roku, w\u0142\u0105czy\u0142 si\u0119 w dzia\u0142alno\u015b\u0107 podziemnego NZS. Wzi\u0105\u0142 udzia\u0142 w strajku okupacyjnym na Uniwersytecie Wroc\u0142awskim, a nast\u0119pnie zaj\u0105\u0142 si\u0119 kolporta\u017cem wydawnictw podziemnych. Kolportowa\u0142 m.in. wydawnictwa konspiracyjne sygnowane przez \u201eSolidarno\u015b\u0107 Walcz\u0105c\u0105\u201d. 30 sierpnia 1982 roku, po antyre\u017cimowej manifestacji we Wroc\u0142awiu, zosta\u0142 dotkliwie pobity i zatrzymany na 48 godzin. W pa\u017adzierniku 1984 roku, w zwi\u0105zku z transportowaniem i kolportowaniem podziemnej prasy zosta\u0142 ponownie zatrzymany na 48 godzin. Kilka miesi\u0119cy p\u00f3\u017aniej, po rewizji przeprowadzonej w jego mieszkaniu, w trakcie kt\u00f3rej znaleziono wydawnictwa konspiracyjne, zosta\u0142 zatrzymany i osadzony w areszcie na 6 miesi\u0119cy. 8 marca 1985 roku wyrokiem S\u0105du Rejonowego dla Wroc\u0142awia-Krzyki zosta\u0142 skazany na kar\u0119 grzywny oraz kar\u0119 jednego roku pozbawienia wolno\u015bci w zawieszeniu na 4 lata. 9 pa\u017adziernika 1985 roku S\u0105d Wojew\u00f3dzki we Wroc\u0142awiu, po z\u0142o\u017conej przez prokuratora rewizji, zamieni\u0142 orzeczony wcze\u015bniej wyrok na bezwzgl\u0119dn\u0105 kar\u0119 pozbawienia wolno\u015bci. 16 pa\u017adziernika 1986 roku S\u0105d Rejonowy dla Wroc\u0142awia-Krzyki darowa\u0142 Stanis\u0142awowi Sauciowi pozosta\u0142\u0105 do wykonania kar\u0119 7 miesi\u0119cy pozbawienia wolno\u015bci. Przez ca\u0142y okres dzia\u0142alno\u015bci podziemnej  Stanis\u0142aw Sau\u0107 odmawia\u0142 wsp\u00f3\u0142pracy ze SB. W 2021 roku na podstawie postanowienia Prezydenta RP \u2013 nr 448\/2021 &#8211;  nadano mu Krzy\u017c Wolno\u015bci i Solidarno\u015bci.<\/p>\n","protected":false},"excerpt":{"rendered":"<p>Urodzi\u0142 si\u0119 w\u00a01961\u00a0roku w m.\u00a0Wa\u0142brzych Od pocz\u0105tk\u00f3w Niezale\u017cnego Zrzeszenia Student\u00f3w by\u0142 zaanga\u017cowany w dzia\u0142alno\u015b\u0107 w jego strukturach. Po wprowadzeniu stanu wojennego 13 grudnia 1981 roku, w\u0142\u0105czy\u0142 si\u0119 w dzia\u0142alno\u015b\u0107 podziemnego NZS. Wzi\u0105\u0142 udzia\u0142 w strajku okupacyjnym na Uniwersytecie Wroc\u0142awskim, a nast\u0119pnie zaj\u0105\u0142 si\u0119 kolporta\u017cem wydawnictw podziemnych. Kolportowa\u0142 m.in. wydawnictwa konspiracyjne sygnowane przez \u201eSolidarno\u015b\u0107 Walcz\u0105c\u0105\u201d. 30 [&hellip;]<\/p>\n","protected":false},"featured_media":3669,"template":"","meta":[],"_links":{"self":[{"href":"http:\/\/ludzie.fundacja-pih.pl\/index.php\/wp-json\/wp\/v2\/product\/3309"}],"collection":[{"href":"http:\/\/ludzie.fundacja-pih.pl\/index.php\/wp-json\/wp\/v2\/product"}],"about":[{"href":"http:\/\/ludzie.fundacja-pih.pl\/index.php\/wp-json\/wp\/v2\/types\/product"}],"wp:featuredmedia":[{"embeddable":true,"href":"http:\/\/ludzie.fundacja-pih.pl\/index.php\/wp-json\/wp\/v2\/media\/3669"}],"wp:attachment":[{"href":"http:\/\/ludzie.fundacja-pih.pl\/index.php\/wp-json\/wp\/v2\/media?parent=3309"}],"curies":[{"name":"wp","href":"https:\/\/api.w.org\/{rel}","templated":true}]}}