{"id":3312,"date":"2021-05-07T12:57:00","date_gmt":"2021-05-07T12:57:00","guid":{"rendered":"http:\/\/ludzie.fundacja-pih.pl\/?post_type=product&#038;p=3312"},"modified":"2025-05-16T14:21:25","modified_gmt":"2025-05-16T14:21:25","slug":"szafraniec-mariusz","status":"publish","type":"product","link":"http:\/\/ludzie.fundacja-pih.pl\/index.php\/product\/szafraniec-mariusz\/","title":{"rendered":"Szafraniec Mariusz (Wa\u0142brzych-\u015awiebodzice)"},"content":{"rendered":"<p>Urodzi\u0142 si\u0119 3 kwietnia 1969 roku w \u015awiebodzicach.<\/p>\n<p>W latach 1986 \u2013 1990 nale\u017ca\u0142 do M\u0142odzie\u017cowego Ruchu Oporu w Wa\u0142brzychu oraz w \u015awiebodzicach.<br \/>\nZajmowa\u0142 si\u0119 kolporta\u017cem wydawnictw podziemnych, bra\u0142 udzia\u0142 w akcjach ulotkowych, plakatowych, w akcjach malowania antyre\u017cimowych hase\u0142 na murach, uczestniczy\u0142 w manifestacjach. Redagowa\u0142 pismo m\u0142odzie\u017cowe o charakterze satyrycznym pt. \u201ePrawda\u201d. Bra\u0142 udzia\u0142 w kilku obozach szkoleniowych dla m\u0142odzie\u017cy zwi\u0105zanej z opozycj\u0105 antykomunistyczn\u0105. Nale\u017ca\u0142 do Ruchu M\u0142odzie\u017cy Niezale\u017cnej Dolny \u015al\u0105sk. Wsp\u00f3\u0142pracowa\u0142 z \u201eSolidarno\u015bci\u0105 Walcz\u0105c\u0105\u201d. <\/p>\n","protected":false},"excerpt":{"rendered":"<p>Urodzi\u0142 si\u0119 3 kwietnia 1969 roku w \u015awiebodzicach. W latach 1986 \u2013 1990 nale\u017ca\u0142 do M\u0142odzie\u017cowego Ruchu Oporu w Wa\u0142brzychu oraz w \u015awiebodzicach. Zajmowa\u0142 si\u0119 kolporta\u017cem wydawnictw podziemnych, bra\u0142 udzia\u0142 w akcjach ulotkowych, plakatowych, w akcjach malowania antyre\u017cimowych hase\u0142 na murach, uczestniczy\u0142 w manifestacjach. Redagowa\u0142 pismo m\u0142odzie\u017cowe o charakterze satyrycznym pt. \u201ePrawda\u201d. Bra\u0142 udzia\u0142 w [&hellip;]<\/p>\n","protected":false},"featured_media":3446,"template":"","meta":[],"_links":{"self":[{"href":"http:\/\/ludzie.fundacja-pih.pl\/index.php\/wp-json\/wp\/v2\/product\/3312"}],"collection":[{"href":"http:\/\/ludzie.fundacja-pih.pl\/index.php\/wp-json\/wp\/v2\/product"}],"about":[{"href":"http:\/\/ludzie.fundacja-pih.pl\/index.php\/wp-json\/wp\/v2\/types\/product"}],"wp:featuredmedia":[{"embeddable":true,"href":"http:\/\/ludzie.fundacja-pih.pl\/index.php\/wp-json\/wp\/v2\/media\/3446"}],"wp:attachment":[{"href":"http:\/\/ludzie.fundacja-pih.pl\/index.php\/wp-json\/wp\/v2\/media?parent=3312"}],"curies":[{"name":"wp","href":"https:\/\/api.w.org\/{rel}","templated":true}]}}