{"id":3313,"date":"2021-05-07T12:57:50","date_gmt":"2021-05-07T12:57:50","guid":{"rendered":"http:\/\/ludzie.fundacja-pih.pl\/?post_type=product&#038;p=3313"},"modified":"2025-05-16T14:21:25","modified_gmt":"2025-05-16T14:21:25","slug":"szeszko-janusz-walbrzych","status":"publish","type":"product","link":"http:\/\/ludzie.fundacja-pih.pl\/index.php\/product\/szeszko-janusz-walbrzych\/","title":{"rendered":"Szeszko Janusz (Wa\u0142brzych)"},"content":{"rendered":"<p>Razem z Krzysztofem Miedziakiem i Janem Skrupskim cz\u0142onek Rady Pododdzia\u0142u Wa\u0142brzych \u201eSW\u201d.<\/p>\n<p>Udost\u0119pni\u0142 mieszkanie na drukarni\u0119 (powielacz).<\/p>\n","protected":false},"excerpt":{"rendered":"<p>Razem z Krzysztofem Miedziakiem i Janem Skrupskim cz\u0142onek Rady Pododdzia\u0142u Wa\u0142brzych \u201eSW\u201d. Udost\u0119pni\u0142 mieszkanie na drukarni\u0119 (powielacz).<\/p>\n","protected":false},"featured_media":3767,"template":"","meta":[],"_links":{"self":[{"href":"http:\/\/ludzie.fundacja-pih.pl\/index.php\/wp-json\/wp\/v2\/product\/3313"}],"collection":[{"href":"http:\/\/ludzie.fundacja-pih.pl\/index.php\/wp-json\/wp\/v2\/product"}],"about":[{"href":"http:\/\/ludzie.fundacja-pih.pl\/index.php\/wp-json\/wp\/v2\/types\/product"}],"wp:featuredmedia":[{"embeddable":true,"href":"http:\/\/ludzie.fundacja-pih.pl\/index.php\/wp-json\/wp\/v2\/media\/3767"}],"wp:attachment":[{"href":"http:\/\/ludzie.fundacja-pih.pl\/index.php\/wp-json\/wp\/v2\/media?parent=3313"}],"curies":[{"name":"wp","href":"https:\/\/api.w.org\/{rel}","templated":true}]}}