{"id":3314,"date":"2021-05-07T12:58:48","date_gmt":"2021-05-07T12:58:48","guid":{"rendered":"http:\/\/ludzie.fundacja-pih.pl\/?post_type=product&#038;p=3314"},"modified":"2025-05-16T14:21:26","modified_gmt":"2025-05-16T14:21:26","slug":"rytko-hanna","status":"publish","type":"product","link":"http:\/\/ludzie.fundacja-pih.pl\/index.php\/product\/rytko-hanna\/","title":{"rendered":"Rytko Hanna Teresa (Wa\u0142brzych)"},"content":{"rendered":"<p>Urodzi\u0142a si\u0119 26 sierpnia 1927 roku w Warszawie.<\/p>\n<p>W 1952 roku uko\u0144czy\u0142a studia w Wy\u017cszej Szkole Wychowania Fizycznego (obecnie AWF) we Wroc\u0142awiu. Z zawodu trener koszyk\u00f3wki. W latach 1954 &#8211; 1958 pracowa\u0142a jako inspektor wychowania fizycznego w Wydziale O\u015bwiaty w Wa\u0142brzychu. W okresie 1958 &#8211; 1970 by\u0142a zatrudniona jako nauczyciel WF w Szkole \u0106wicze\u0144 przy Liceum Pedagogicznym w Wa\u0142brzychu, r\u00f3wnocze\u015bnie pe\u0142ni\u0142a funkcj\u0119 metodyka w wa\u0142brzyskim Liceum Pedagogicznym. W latach 1970 &#8211; 1972 pracowa\u0142a jako nauczyciel WF w IV LO w Wa\u0142brzychu. W latach 1972 &#8211; 1984 w wa\u0142brzyskim I LO. W latach 1954 &#8211; 1980 nale\u017ca\u0142a do ZNP. We wrze\u015bniu 1980 roku wst\u0105pi\u0142a do NSZZ \u201eSolidarno\u015b\u0107\u201d, by\u0142a cz\u0142onkiem Komitetu Za\u0142o\u017cycielskiego \u201eS\u201d w I LO w Wa\u0142brzychu, a nast\u0119pnie cz\u0142onkiem Zarz\u0105du KZ \u201eS\u201d Pracownik\u00f3w O\u015bwiaty i Wychowania w Wa\u0142brzychu. W latach 1981 &#8211; 1989 kolportowa\u0142a najpierw niezale\u017cne, a nast\u0119pnie, podziemne wydawnictwa \u201eSolidarno\u015bci\u201d i \u201eSolidarno\u015bci Walcz\u0105cej\u201d. W latach 1982 &#8211; 1989 utrzymywa\u0142a kontakt z Komitetem Pomocy Solidarno\u015bci w Strasburgu. W 1984 roku z powodu prowadzonej dzia\u0142alno\u015bci zosta\u0142a zmuszona do przej\u015bcia na wcze\u015bniejsz\u0105 emerytur\u0119. W latach 1984 &#8211; 2002 pracowa\u0142a dorywczo (m.in. jako lektor j\u0119zyka francuskiego w Alliance Francaise). Wsp\u00f3\u0142organizowa\u0142a i nale\u017ca\u0142a do Duszpasterstwa Ludzi Pracy. Od 1989 roku wchodzi\u0142a w sk\u0142ad KO \u201eS\u201d w Wa\u0142brzychu, KZ \u201eS\u201d pracownik\u00f3w O\u015bwiaty i Wychowania oraz Zarz\u0105du Ko\u0142a Emeryt\u00f3w. Hanna Teresa Rytko w 1975 roku zosta\u0142a odznaczona Z\u0142otym Krzy\u017cem Zas\u0142ugi, a w roku 1991 Krzy\u017cem Kawalerskim Orderu Odrodzenia Polski.<\/p>\n","protected":false},"excerpt":{"rendered":"<p>Urodzi\u0142a si\u0119 26 sierpnia 1927 roku w Warszawie. W 1952 roku uko\u0144czy\u0142a studia w Wy\u017cszej Szkole Wychowania Fizycznego (obecnie AWF) we Wroc\u0142awiu. Z zawodu trener koszyk\u00f3wki. W latach 1954 &#8211; 1958 pracowa\u0142a jako inspektor wychowania fizycznego w Wydziale O\u015bwiaty w Wa\u0142brzychu. W okresie 1958 &#8211; 1970 by\u0142a zatrudniona jako nauczyciel WF w Szkole \u0106wicze\u0144 przy [&hellip;]<\/p>\n","protected":false},"featured_media":3411,"template":"","meta":[],"_links":{"self":[{"href":"http:\/\/ludzie.fundacja-pih.pl\/index.php\/wp-json\/wp\/v2\/product\/3314"}],"collection":[{"href":"http:\/\/ludzie.fundacja-pih.pl\/index.php\/wp-json\/wp\/v2\/product"}],"about":[{"href":"http:\/\/ludzie.fundacja-pih.pl\/index.php\/wp-json\/wp\/v2\/types\/product"}],"wp:featuredmedia":[{"embeddable":true,"href":"http:\/\/ludzie.fundacja-pih.pl\/index.php\/wp-json\/wp\/v2\/media\/3411"}],"wp:attachment":[{"href":"http:\/\/ludzie.fundacja-pih.pl\/index.php\/wp-json\/wp\/v2\/media?parent=3314"}],"curies":[{"name":"wp","href":"https:\/\/api.w.org\/{rel}","templated":true}]}}