{"id":3315,"date":"2021-05-07T12:59:41","date_gmt":"2021-05-07T12:59:41","guid":{"rendered":"http:\/\/ludzie.fundacja-pih.pl\/?post_type=product&#038;p=3315"},"modified":"2025-05-16T14:21:26","modified_gmt":"2025-05-16T14:21:26","slug":"tomanski-jan","status":"publish","type":"product","link":"http:\/\/ludzie.fundacja-pih.pl\/index.php\/product\/tomanski-jan\/","title":{"rendered":"Toma\u0144ski Jan (Wa\u0142brzych)"},"content":{"rendered":"<p>Dzia\u0142alno\u015b\u0107 w podziemnych strukturach NSZZ \u201eS\u201d , Ruchu M\u0142odzie\u017cy Niezale\u017cnej i Solidarno\u015bci Walcz\u0105cej. Kolporter wydawnictw podziemnych\u00a0 \u201eS\u201d i Solidarno\u015bci Walcz\u0105cej.\u00a0 Udzia\u0142 w druku ulotek oraz pism niezale\u017cnych. Liczne akcje plakatowe, ulotkowe, napisy na murach miejskich i przed zak\u0142adami pracy. Akcje dywersyjne podczas obchod\u00f3w\u00a0 1-go maja oraz wybor\u00f3w PRL. Rekrutacja i szkolenie nowych sympatyk\u00f3w ruchu podziemnego. Rozpracowywanie PRL-owskich organizacji: Rady Narodowej, Zwi\u0105zku Socjalistycznej M\u0142odzie\u017cy Polskiej, PZPR oraz S\u0142u\u017cb Mundurowych i SB-k\u00f3w poprzez prowadzenie obserwacji i nas\u0142uchu. Konstruktor nadajnika i nadawca radia \u201eSW\u201d.<\/p>\n","protected":false},"excerpt":{"rendered":"<p>Dzia\u0142alno\u015b\u0107 w podziemnych strukturach NSZZ \u201eS\u201d , Ruchu M\u0142odzie\u017cy Niezale\u017cnej i Solidarno\u015bci Walcz\u0105cej. Kolporter wydawnictw podziemnych\u00a0 \u201eS\u201d i Solidarno\u015bci Walcz\u0105cej.\u00a0 Udzia\u0142 w druku ulotek oraz pism niezale\u017cnych. Liczne akcje plakatowe, ulotkowe, napisy na murach miejskich i przed zak\u0142adami pracy. Akcje dywersyjne podczas obchod\u00f3w\u00a0 1-go maja oraz wybor\u00f3w PRL. Rekrutacja i szkolenie nowych sympatyk\u00f3w ruchu podziemnego. [&hellip;]<\/p>\n","protected":false},"featured_media":3779,"template":"","meta":[],"_links":{"self":[{"href":"http:\/\/ludzie.fundacja-pih.pl\/index.php\/wp-json\/wp\/v2\/product\/3315"}],"collection":[{"href":"http:\/\/ludzie.fundacja-pih.pl\/index.php\/wp-json\/wp\/v2\/product"}],"about":[{"href":"http:\/\/ludzie.fundacja-pih.pl\/index.php\/wp-json\/wp\/v2\/types\/product"}],"wp:featuredmedia":[{"embeddable":true,"href":"http:\/\/ludzie.fundacja-pih.pl\/index.php\/wp-json\/wp\/v2\/media\/3779"}],"wp:attachment":[{"href":"http:\/\/ludzie.fundacja-pih.pl\/index.php\/wp-json\/wp\/v2\/media?parent=3315"}],"curies":[{"name":"wp","href":"https:\/\/api.w.org\/{rel}","templated":true}]}}