{"id":3316,"date":"2021-05-07T13:00:27","date_gmt":"2021-05-07T13:00:27","guid":{"rendered":"http:\/\/ludzie.fundacja-pih.pl\/?post_type=product&#038;p=3316"},"modified":"2025-05-16T14:21:27","modified_gmt":"2025-05-16T14:21:27","slug":"zalas-jozef","status":"publish","type":"product","link":"http:\/\/ludzie.fundacja-pih.pl\/index.php\/product\/zalas-jozef\/","title":{"rendered":"Zalas J\u00f3zef (Wa\u0142brzych)"},"content":{"rendered":"<p>Urodzi\u0142 si\u0119 26 kwietnia 1936 roku w Krakowie-\u0141agiewnikach.<\/p>\n<p>W 1971 roku uko\u0144czy\u0142 Liceum Wieczorowe w Wa\u0142brzychu. W latach 1950 &#8211; 1954 pracowa\u0142 jako zecer w Sp\u00f3\u0142dzielni Wydawniczej \u201eKsi\u0105\u017cka i Wiedza\u201d w Wa\u0142brzychu. W latach 1954 &#8211; 1955 by\u0142 zatrudniony  w Drukarni Prasowej w Krakowie. W okresie 1955 &#8211; 1957 odby\u0142 zasadnicz\u0105 s\u0142u\u017cb\u0119 wojskow\u0105. W latach 1957 &#8211; 1982 by\u0142 zatrudniony jako zecer r\u0119czny, linotypista w Dolno\u015bl\u0105skich Zak\u0142adach Graficznych w Wa\u0142brzychu. W latach 1950 &#8211; 1957 nale\u017ca\u0142 do ZMP. Od roku 1958 do wrze\u015bnia 1980 roku wchodzi\u0142 w sk\u0142ad Rady Zak\u0142adowej. W latach 1958 &#8211; 1982 pe\u0142ni\u0142 funkcj\u0119 zak\u0142adowego spo\u0142ecznego inspektora pracy oraz przewodnicz\u0105cego Komisji Ochrony Pracy w DZG. We wrze\u015bniu 1980 roku wst\u0105pi\u0142 do \u201eSolidarno\u015bci\u201d, zosta\u0142 sekretarzem Komitetu Za\u0142o\u017cycielskiego DZG w Wa\u0142brzychu oraz cz\u0142onkiem KZ i ZR \u201eS\u201d Pracownik\u00f3w Bran\u017cowych Przemys\u0142u Poligraficznego we Wroc\u0142awiu i KK \u201eS\u201d Przemys\u0142u Poligraficznego z siedzib\u0105 w Szczecinie. W 1981 roku wydrukowa\u0142 50000 ulotek \u201eS\u201d pt. \u201eApel\u201d i w tej sprawie Wydz. \u015aledczy KW MO w Wa\u0142brzychu prowadzi\u0142 przeciwko niemu \u015bledztwo, a S\u0105d Rejonowy w Wa\u0142brzychu post\u0119powanie przygotowawcze. 8 pa\u017adziernika 1981 roku s\u0105d przekaza\u0142 spraw\u0119 do Kolegium Rejonowego ds. Wykrocze\u0144 przy Prezydencie Miasta Wa\u0142brzycha. 29 grudnia 1981 roku post\u0119powanie umorzono. Po wprowadzeniu stanu wojennego, 15 grudnia 1981 roku zosta\u0142 internowany i osadzony w areszcie KW MO w Wa\u0142brzychu, nast\u0119pnie w Areszcie \u015aledczym w \u015awidnicy oraz O\u015brodkach Odosobnienia w Kamiennej G\u00f3rze i G\u0142ogowie. 15 czerwca 1982 roku zosta\u0142 zwolniony. W latach 1983 &#8211; 1989 by\u0142 wsp\u00f3\u0142za\u0142o\u017cycielem i cz\u0142onkiem Komitetu Pomocy Wi\u0119zionym i ich Rodzinom w Wa\u0142brzychu oraz nale\u017ca\u0142 do Arcybiskupiego Komitetu Charytatywnego we Wroc\u0142awiu. Od 24 sierpnia do 4 wrze\u015bnia 1982 roku pozostawa\u0142 w ukryciu. W styczniu 1983 roku przeszed\u0142 na wcze\u015bniejsz\u0105 emerytur\u0119. Drukowa\u0142 znaczki poczty podziemnej, ulotki i has\u0142a okoliczno\u015bciowe. Kolportowa\u0142 podziemne pisma: \u201eZ Dnia na Dzie\u0144\u201d, \u201eSolidarno\u015b\u0107 Walcz\u0105ca\u201d, \u201eTygodnik Mazowsze\u201d, \u201eBiuletyn Ma\u0142opolski\u201d. Uczestniczy\u0142 w akcjach ulotkowych i plakatowych, w akcjach zbierania sk\u0142adek na dzia\u0142alno\u015b\u0107 zwi\u0105zkow\u0105 i pomoc represjonowanym. W latach 1984 &#8211; 1989 nale\u017ca\u0142 do Duszpasterstwa Ludzi Pracy w Wa\u0142brzychu. Na prze\u0142omie lutego i marca 1985 roku bra\u0142 udzia\u0142 w g\u0142od\u00f3wce rotacyjnej w ko\u015bciele Narodzenia NMP w Krakowie-Bie\u017canowie. Od 1987 roku do stycznia 1990 roku, by\u0142 pracownikiem Pa\u0144stwowego Przedsi\u0119biorstwa Uzdrowisk Szczawno-Jedlina-Zdr\u00f3j. Od 1988 roku pe\u0142ni\u0142 funkcj\u0119 sekretarza Komitetu Odnowy Solidarno\u015bci w PPU Szczawno-Jedlina-Zdr\u00f3j. Na prze\u0142omie lutego i marca 1988 roku reaktywowa\u0142 \u2013 wraz ze Stanis\u0142awem Isa\u0144skim &#8211; \u201eSolidarno\u015b\u0107\u201d, zosta\u0142  cz\u0142onkiem Komitetu Organizacyjnego \u201eS\u201d, a nast\u0119pnie od lutego 1989 roku KZ \u201eS\u201d tam\u017ce. By\u0142 przedstawicielem za\u0142ogi na posiedzeniach Rady Pracowniczej uzdrowiska. Po roku 1989 wsp\u00f3\u0142organizowa\u0142 i przewodniczy\u0142 Polskiemu Towarzystwu Opieki Paliatywnej Oddzia\u0142 Wa\u0142brzych. By\u0142 cz\u0142onkiem i wiceprezesem WOPR Wa\u0142brzych, a tak\u017ce wsp\u00f3\u0142za\u0142o\u017cycielem Oddzia\u0142u Emeryt\u00f3w i Rencist\u00f3w \u201eS\u201d tam\u017ce. Od 2 do 12 grudnia 1980 roku by\u0142 rozpracowywany przez Wydz. III KW MO w Wa\u0142brzychu w ramach SOS. Od 29 lipca 1982 roku do 29 wrze\u015bnia 1984 roku przez Wydz. III KW MO\/WUSW w Wa\u0142brzychu w ramach KE. Od 29 wrze\u015bnia 1986 roku do 15 lipca 1987 roku przez Wydz. V WUSW w Wa\u0142brzychu w ramach KE. Do 1 czerwca 1989 roku przez Wydz. III WUSW w Wa\u0142brzychu w ramach SOR.<\/p>\n","protected":false},"excerpt":{"rendered":"<p>Urodzi\u0142 si\u0119 26 kwietnia 1936 roku w Krakowie-\u0141agiewnikach. W 1971 roku uko\u0144czy\u0142 Liceum Wieczorowe w Wa\u0142brzychu. W latach 1950 &#8211; 1954 pracowa\u0142 jako zecer w Sp\u00f3\u0142dzielni Wydawniczej \u201eKsi\u0105\u017cka i Wiedza\u201d w Wa\u0142brzychu. W latach 1954 &#8211; 1955 by\u0142 zatrudniony w Drukarni Prasowej w Krakowie. W okresie 1955 &#8211; 1957 odby\u0142 zasadnicz\u0105 s\u0142u\u017cb\u0119 wojskow\u0105. W latach [&hellip;]<\/p>\n","protected":false},"featured_media":3435,"template":"","meta":[],"_links":{"self":[{"href":"http:\/\/ludzie.fundacja-pih.pl\/index.php\/wp-json\/wp\/v2\/product\/3316"}],"collection":[{"href":"http:\/\/ludzie.fundacja-pih.pl\/index.php\/wp-json\/wp\/v2\/product"}],"about":[{"href":"http:\/\/ludzie.fundacja-pih.pl\/index.php\/wp-json\/wp\/v2\/types\/product"}],"wp:featuredmedia":[{"embeddable":true,"href":"http:\/\/ludzie.fundacja-pih.pl\/index.php\/wp-json\/wp\/v2\/media\/3435"}],"wp:attachment":[{"href":"http:\/\/ludzie.fundacja-pih.pl\/index.php\/wp-json\/wp\/v2\/media?parent=3316"}],"curies":[{"name":"wp","href":"https:\/\/api.w.org\/{rel}","templated":true}]}}