{"id":3317,"date":"2021-05-07T13:01:23","date_gmt":"2021-05-07T13:01:23","guid":{"rendered":"http:\/\/ludzie.fundacja-pih.pl\/?post_type=product&#038;p=3317"},"modified":"2025-05-16T14:21:28","modified_gmt":"2025-05-16T14:21:28","slug":"zglobicki-jan","status":"publish","type":"product","link":"http:\/\/ludzie.fundacja-pih.pl\/index.php\/product\/zglobicki-jan\/","title":{"rendered":"Zg\u0142obicki Jan (Wa\u0142brzych)"},"content":{"rendered":"<p>Urodzi\u0142 si\u0119 8 kwietnia 1933 roku w Podhajce. <\/p>\n<p>W latach siedemdziesi\u0105tych XX w. by\u0142 kolporterem wydawnictw Komitetu Obrony Robotnik\u00f3w (KOR). W trakcie stanu wojennym ukrywa\u0142 dzia\u0142aczk\u0119 \u201eSolidarno\u015bci\u201d El\u017cbiet\u0119 Kwiatkowsk\u0105. Od 1981 roku do roku 1990 kolportowa\u0142 wydawnictwa \u201eS\u201d i \u201eSolidarno\u015bci Walcz\u0105cej\u201d. W zwi\u0105zku z ww. dzia\u0142alno\u015bci\u0105 by\u0142 wielokrotnie zatrzymywany przez SB, a w jego mieszkaniu przeprowadzano liczne rewizje. Uczestniczy\u0142 w antyre\u017cimowych demonstracjach. Dzia\u0142a\u0142 r\u00f3wnie\u017c w Duszpasterstwie Ludzi Pracy oraz wsp\u00f3\u0142pracowa\u0142 z podziemnymi komisjami zak\u0142adowymi \u201eSolidarno\u015bci\u201d.    <\/p>\n","protected":false},"excerpt":{"rendered":"<p>Urodzi\u0142 si\u0119 8 kwietnia 1933 roku w Podhajce. W latach siedemdziesi\u0105tych XX w. by\u0142 kolporterem wydawnictw Komitetu Obrony Robotnik\u00f3w (KOR). W trakcie stanu wojennym ukrywa\u0142 dzia\u0142aczk\u0119 \u201eSolidarno\u015bci\u201d El\u017cbiet\u0119 Kwiatkowsk\u0105. Od 1981 roku do roku 1990 kolportowa\u0142 wydawnictwa \u201eS\u201d i \u201eSolidarno\u015bci Walcz\u0105cej\u201d. W zwi\u0105zku z ww. dzia\u0142alno\u015bci\u0105 by\u0142 wielokrotnie zatrzymywany przez SB, a w jego mieszkaniu [&hellip;]<\/p>\n","protected":false},"featured_media":3740,"template":"","meta":[],"_links":{"self":[{"href":"http:\/\/ludzie.fundacja-pih.pl\/index.php\/wp-json\/wp\/v2\/product\/3317"}],"collection":[{"href":"http:\/\/ludzie.fundacja-pih.pl\/index.php\/wp-json\/wp\/v2\/product"}],"about":[{"href":"http:\/\/ludzie.fundacja-pih.pl\/index.php\/wp-json\/wp\/v2\/types\/product"}],"wp:featuredmedia":[{"embeddable":true,"href":"http:\/\/ludzie.fundacja-pih.pl\/index.php\/wp-json\/wp\/v2\/media\/3740"}],"wp:attachment":[{"href":"http:\/\/ludzie.fundacja-pih.pl\/index.php\/wp-json\/wp\/v2\/media?parent=3317"}],"curies":[{"name":"wp","href":"https:\/\/api.w.org\/{rel}","templated":true}]}}