{"id":3318,"date":"2021-05-07T13:02:24","date_gmt":"2021-05-07T13:02:24","guid":{"rendered":"http:\/\/ludzie.fundacja-pih.pl\/?post_type=product&#038;p=3318"},"modified":"2025-05-16T14:21:28","modified_gmt":"2025-05-16T14:21:28","slug":"zieba-jan-jacek","status":"publish","type":"product","link":"http:\/\/ludzie.fundacja-pih.pl\/index.php\/product\/zieba-jan-jacek\/","title":{"rendered":"Zi\u0119ba Jan Jacek (Wa\u0142brzych)"},"content":{"rendered":"<p>Urodzi\u0142 si\u0119 10 grudnia 1945 roku w Starym Ska\u0142acie k. Tarnopola (obecnie Ukraina)<\/p>\n<p>W 1981 roku uko\u0144czy\u0142 Technikum G\u00f3rnicze w Wa\u0142brzychu. W latach 1963 &#8211; 1990 pracowa\u0142 jako g\u00f3rnik w kopalni w\u0119gla kamiennego \u201eVictoria\u201d tam\u017ce. W latach 1983 &#8211; 1985 przebywa\u0142 na rencie.<br \/>\nW dniach 29 &#8211; 31 sierpnia 1980 roku organizowa\u0142 strajk w KWK \u201eVictoria\u201d, przewodniczy\u0142 KS oraz zosta\u0142 cz\u0142onkiem cz\u0142onek MKS w Wa\u0142brzychu. We wrze\u015bniu 1980 wst\u0105pi\u0142 do NSZZ \u201eSolidarno\u015b\u0107\u201d, wsp\u00f3\u0142organizowa\u0142 Komitet Za\u0142o\u017cycielski w KWK \u201eVictoria\u201d, a nast\u0119pnie pe\u0142ni\u0142 funkcj\u0119 wiceprzewodnicz\u0105cego KZ, cz\u0142onka MKK w Wa\u0142brzychu oraz Prezydium KKK Sekcji G\u00f3rnictwa z siedzib\u0105 w Katowicach. W czerwcu 1981 roku zosta\u0142 delegatem na I WZD Regionu Dolny \u015al\u0105sk i delegatem na I KZD. Po wprowadzeniu stanu wojennego 14 grudnia 1981 roku zosta\u0142 internowany i osadzony w O\u015brodkach Odosobnienia w Kamiennej G\u00f3rze, G\u0142ogowie, Grodkowie, Uhercach. 30 wrze\u015bnia 1982 roku zosta\u0142 zwolniony. Po wyj\u015bciu na wolno\u015b\u0107, do 20 maja 1983 roku by\u0142 hospitalizowany w Wa\u0142brzychu i Soko\u0142owsku pod dozorem MO. W tym samym roku zosta\u0142 zmuszony do przej\u015bcia na rent\u0119. W 1983 roku zwi\u0105za\u0142 si\u0119 z wroc\u0142awskim Ruchem Wolnych Demokrat\u00f3w. W latach 1985 &#8211; 1989 nale\u017ca\u0142 do Duszpasterstwa Ludzi Pracy, wchodzi\u0142 w sk\u0142ad Komitetu Pomocy Aresztowanym oraz nieformalnej grupy opozycyjnej zwi\u0105zanej z Krzysztofem Betk\u0105, dzia\u0142aj\u0105cej na terenie KWK \u201eThorez\u201d i \u201eVictoria\u201d. Kolportowa\u0142 m.in. pras\u0119 Solidarno\u015bci Walcz\u0105cej. Bra\u0142 udzia\u0142 w wielu akcji ulotkowych i plakatowych. W sierpniu 1988 roku organizowa\u0142 strajk okupacyjny w KWK \u201eVictoria\u201d. W 1988 roku wsp\u00f3\u0142zak\u0142ada\u0142 podziemne g\u00f3rnicze czasopisma zwi\u0105zkowe \u201eTygodnik Wiktoria\u0144ski\u201d. Zosta\u0142 r\u00f3wnie\u017c przeniesiony na gorsze stanowisko w pracy. Od 14 pa\u017adziernika do 7 listopada 1980 roku by\u0142 rozpracowywany przez Wydz. III-A KW MO w Wa\u0142brzychu w ramach SOS. Od 2 do 12 lutego 1983 roku przez Wydz. V KW MO w Wa\u0142brzychu w ramach SOR. Od  21 marca do 30 wrze\u015bnia 1983 roku przez Wydz. V KW MO\/WUSW w Wa\u0142brzychu w ramach KE.<\/p>\n","protected":false},"excerpt":{"rendered":"<p>Urodzi\u0142 si\u0119 10 grudnia 1945 roku w Starym Ska\u0142acie k. Tarnopola (obecnie Ukraina) W 1981 roku uko\u0144czy\u0142 Technikum G\u00f3rnicze w Wa\u0142brzychu. W latach 1963 &#8211; 1990 pracowa\u0142 jako g\u00f3rnik w kopalni w\u0119gla kamiennego \u201eVictoria\u201d tam\u017ce. W latach 1983 &#8211; 1985 przebywa\u0142 na rencie. W dniach 29 &#8211; 31 sierpnia 1980 roku organizowa\u0142 strajk w KWK [&hellip;]<\/p>\n","protected":false},"featured_media":3412,"template":"","meta":[],"_links":{"self":[{"href":"http:\/\/ludzie.fundacja-pih.pl\/index.php\/wp-json\/wp\/v2\/product\/3318"}],"collection":[{"href":"http:\/\/ludzie.fundacja-pih.pl\/index.php\/wp-json\/wp\/v2\/product"}],"about":[{"href":"http:\/\/ludzie.fundacja-pih.pl\/index.php\/wp-json\/wp\/v2\/types\/product"}],"wp:featuredmedia":[{"embeddable":true,"href":"http:\/\/ludzie.fundacja-pih.pl\/index.php\/wp-json\/wp\/v2\/media\/3412"}],"wp:attachment":[{"href":"http:\/\/ludzie.fundacja-pih.pl\/index.php\/wp-json\/wp\/v2\/media?parent=3318"}],"curies":[{"name":"wp","href":"https:\/\/api.w.org\/{rel}","templated":true}]}}