{"id":3321,"date":"2021-05-07T13:04:41","date_gmt":"2021-05-07T13:04:41","guid":{"rendered":"http:\/\/ludzie.fundacja-pih.pl\/?post_type=product&#038;p=3321"},"modified":"2025-05-16T14:21:30","modified_gmt":"2025-05-16T14:21:30","slug":"dedeszko-wiercinski-eugeniusz","status":"publish","type":"product","link":"http:\/\/ludzie.fundacja-pih.pl\/index.php\/product\/dedeszko-wiercinski-eugeniusz\/","title":{"rendered":"Dedeszko-Wierci\u0144ski Eugeniusz"},"content":{"rendered":"<p>Urodzi\u0142 si\u0119 1 sierpnia 1963 roku w Olsztynie k. Jeleniej G\u00f3ry.<\/p>\n<p>By\u0142 liderem podziemnego NZS na Uniwersytecie Wroc\u0142awskim, a tak\u017ce wydawc\u0105, redaktorem, drukarzem i kolporterem podziemnych wydawnictw. Organizowa\u0142 akcje ulotkowe, plakatowe i demonstracje i sam w nich uczestniczy\u0142. Nale\u017ca\u0142 do \u201eSolidarno\u015bci Walcz\u0105cej\u201d, by\u0142 zaanga\u017cowany w dzia\u0142alno\u015b\u0107 radia \u201eSW\u201d, a tak\u017ce studenckie akcje \u201eSW\u201d \u201eKontra\u201d i Rady Oddzia\u0142u \u201eSW\u201d Dolny \u015al\u0105sk. W 1982 roku rozpocz\u0105\u0142 studia na Wydziale Prawa i Administracji Uniwersytetu Wroc\u0142awskiego. Od 1986 roku rozpocz\u0105\u0142 studia w Instytucie Filologii Polskiej UWr. W 1991 roku przerwa\u0142 studia. Od pa\u017adziernika 1983 roku kolportowa\u0142 podziemnych wydawnictwa, m.in. \u201eSolidarno\u015b\u0107 Walcz\u0105c\u0105\u201d, \u201eWiadomo\u015bci Bie\u017c\u0105ce\u201d i \u201eSolidarno\u015b\u0107 Dolno\u015bl\u0105sk\u0105\u201d na wroc\u0142awskich uczelniach g\u0142\u00f3wnie na uniwersytecie i politechnice. Na prze\u0142omie 1982 i 1983 roku wzi\u0105\u0142 udzia\u0142 w przeszkoleniu drukarskim prowadzonym przez dzia\u0142aczy \u201eSolidarno\u015bci Walcz\u0105cej\u201d. Od 1983 roku organizowa\u0142 druk, a tak\u017ce drukowa\u0142 wydawnictwa NZS Uniwersytetu Wroc\u0142awskiego. By\u0142 wsp\u00f3\u0142tw\u00f3rc\u0105, redaktorem i organizatorem druku niezale\u017cnego pisma NZS \u201eAkces\u201d. W 1983 roku przyst\u0105pi\u0142 do \u201eSolidarno\u015bci Walcz\u0105cej\u201d gdzie anga\u017cowa\u0142 si\u0119 w kolporta\u017c, druk i organizacj\u0119 punkt\u00f3w poligraficznych. Od 1986 roku by\u0142 wielokrotnie zatrzymywany i przes\u0142uchiwany przez SB. Od 1987 roku uczestniczy\u0142 w wi\u0119kszo\u015bci happening\u00f3w \u201ePomara\u0144czowej Alternatywy\u201d. Na prze\u0142omie 1987 i 1988 roku wsp\u00f3\u0142tworzy\u0142 Akcj\u0119 Studenck\u0105 \u201eSolidarno\u015bci Walcz\u0105cej\u201d. W maju 1988 roku bra\u0142 udzia\u0142 w strajku okupacyjnym na Uniwersytecie Wroc\u0142awskim, by\u0142 te\u017c redaktorem pisma NZS \u201eKomunikat\u201d. Od grudnia tego samego roku pe\u0142ni\u0142 funkcj\u0119 redaktora i drukarza pisma ASSW \u201eKontra\u201d. W maju 1989 roku wzi\u0105\u0142 udzia\u0142 uczestnik w strajku okupacyjnym na Uniwersytecie Wroc\u0142awskim. W czerwcu tego samego roku wsp\u00f3\u0142organizowa\u0142 wroc\u0142awski Obozu \u017bywego Protestu. By\u0142 cz\u0142onkiem Rady Oddzia\u0142u \u201eSolidarno\u015bci Walcz\u0105cej\u201d Dolny \u015al\u0105sk i redaktorem dwutygodnika \u201eSolidarno\u015b\u0107 Dolno\u015bl\u0105ska\u201d. <\/p>\n","protected":false},"excerpt":{"rendered":"<p>Urodzi\u0142 si\u0119 1 sierpnia 1963 roku w Olsztynie k. Jeleniej G\u00f3ry. By\u0142 liderem podziemnego NZS na Uniwersytecie Wroc\u0142awskim, a tak\u017ce wydawc\u0105, redaktorem, drukarzem i kolporterem podziemnych wydawnictw. Organizowa\u0142 akcje ulotkowe, plakatowe i demonstracje i sam w nich uczestniczy\u0142. Nale\u017ca\u0142 do \u201eSolidarno\u015bci Walcz\u0105cej\u201d, by\u0142 zaanga\u017cowany w dzia\u0142alno\u015b\u0107 radia \u201eSW\u201d, a tak\u017ce studenckie akcje \u201eSW\u201d \u201eKontra\u201d i [&hellip;]<\/p>\n","protected":false},"featured_media":3777,"template":"","meta":[],"_links":{"self":[{"href":"http:\/\/ludzie.fundacja-pih.pl\/index.php\/wp-json\/wp\/v2\/product\/3321"}],"collection":[{"href":"http:\/\/ludzie.fundacja-pih.pl\/index.php\/wp-json\/wp\/v2\/product"}],"about":[{"href":"http:\/\/ludzie.fundacja-pih.pl\/index.php\/wp-json\/wp\/v2\/types\/product"}],"wp:featuredmedia":[{"embeddable":true,"href":"http:\/\/ludzie.fundacja-pih.pl\/index.php\/wp-json\/wp\/v2\/media\/3777"}],"wp:attachment":[{"href":"http:\/\/ludzie.fundacja-pih.pl\/index.php\/wp-json\/wp\/v2\/media?parent=3321"}],"curies":[{"name":"wp","href":"https:\/\/api.w.org\/{rel}","templated":true}]}}