{"id":3327,"date":"2021-05-07T13:08:58","date_gmt":"2021-05-07T13:08:58","guid":{"rendered":"http:\/\/ludzie.fundacja-pih.pl\/?post_type=product&#038;p=3327"},"modified":"2025-05-16T14:21:34","modified_gmt":"2025-05-16T14:21:34","slug":"osieleniec-tomasz","status":"publish","type":"product","link":"http:\/\/ludzie.fundacja-pih.pl\/index.php\/product\/osieleniec-tomasz\/","title":{"rendered":"Osieleniec Tomasz (Wroc\u0142aw-K\u0142odzko)"},"content":{"rendered":"<p>Cz\u0142onek Grup Wykonawczych \u201eSW\u201d.<\/p>\n","protected":false},"excerpt":{"rendered":"<p>Cz\u0142onek Grup Wykonawczych \u201eSW\u201d.<\/p>\n","protected":false},"featured_media":3628,"template":"","meta":[],"_links":{"self":[{"href":"http:\/\/ludzie.fundacja-pih.pl\/index.php\/wp-json\/wp\/v2\/product\/3327"}],"collection":[{"href":"http:\/\/ludzie.fundacja-pih.pl\/index.php\/wp-json\/wp\/v2\/product"}],"about":[{"href":"http:\/\/ludzie.fundacja-pih.pl\/index.php\/wp-json\/wp\/v2\/types\/product"}],"wp:featuredmedia":[{"embeddable":true,"href":"http:\/\/ludzie.fundacja-pih.pl\/index.php\/wp-json\/wp\/v2\/media\/3628"}],"wp:attachment":[{"href":"http:\/\/ludzie.fundacja-pih.pl\/index.php\/wp-json\/wp\/v2\/media?parent=3327"}],"curies":[{"name":"wp","href":"https:\/\/api.w.org\/{rel}","templated":true}]}}