{"id":3329,"date":"2021-05-07T13:10:15","date_gmt":"2021-05-07T13:10:15","guid":{"rendered":"http:\/\/ludzie.fundacja-pih.pl\/?post_type=product&#038;p=3329"},"modified":"2025-05-16T14:21:35","modified_gmt":"2025-05-16T14:21:35","slug":"szczerba-henryk","status":"publish","type":"product","link":"http:\/\/ludzie.fundacja-pih.pl\/index.php\/product\/szczerba-henryk\/","title":{"rendered":"Szczerba Henryk (Wroc\u0142aw &#8211; Jastrz\u0119bie-Zdr\u00f3j)"},"content":{"rendered":"<p>Drukarz okoliczno\u015bciowych wydawnictw \u201eSW\u201d i RMN, m.in. znaczk\u00f3w pocztowych, kartek pocztowych oraz kalendarzy.<\/p>\n","protected":false},"excerpt":{"rendered":"<p>Drukarz okoliczno\u015bciowych wydawnictw \u201eSW\u201d i RMN, m.in. znaczk\u00f3w pocztowych, kartek pocztowych oraz kalendarzy.<\/p>\n","protected":false},"featured_media":906,"template":"","meta":[],"_links":{"self":[{"href":"http:\/\/ludzie.fundacja-pih.pl\/index.php\/wp-json\/wp\/v2\/product\/3329"}],"collection":[{"href":"http:\/\/ludzie.fundacja-pih.pl\/index.php\/wp-json\/wp\/v2\/product"}],"about":[{"href":"http:\/\/ludzie.fundacja-pih.pl\/index.php\/wp-json\/wp\/v2\/types\/product"}],"wp:featuredmedia":[{"embeddable":true,"href":"http:\/\/ludzie.fundacja-pih.pl\/index.php\/wp-json\/wp\/v2\/media\/906"}],"wp:attachment":[{"href":"http:\/\/ludzie.fundacja-pih.pl\/index.php\/wp-json\/wp\/v2\/media?parent=3329"}],"curies":[{"name":"wp","href":"https:\/\/api.w.org\/{rel}","templated":true}]}}