{"id":3330,"date":"2021-05-07T13:11:18","date_gmt":"2021-05-07T13:11:18","guid":{"rendered":"http:\/\/ludzie.fundacja-pih.pl\/?post_type=product&#038;p=3330"},"modified":"2025-05-16T14:21:37","modified_gmt":"2025-05-16T14:21:37","slug":"urban-arkadiusz","status":"publish","type":"product","link":"http:\/\/ludzie.fundacja-pih.pl\/index.php\/product\/urban-arkadiusz\/","title":{"rendered":"Urban Arkadiusz (Wroc\u0142aw-Boles\u0142awiec)"},"content":{"rendered":"<p>Urodzi\u0142 si\u0119 22 grudnia 1964 roku we Wroc\u0142awiu.<\/p>\n<p>Uko\u0144czy\u0142 studia historyczne oraz MBA. By\u0142 stypendyst\u0105 londy\u0144skiej Fundacji AK. Autor ksi\u0105\u017cek i publikacji prasowych. Od pocz\u0105tku lat osiemdziesi\u0105tych by\u0142 zaanga\u017cowany w dzia\u0142alno\u015b\u0107 opozycji demokratycznej. W ramach tej dzia\u0142alno\u015bci udziela\u0142 si\u0119 w antykomunistycznych organizacjach m\u0142odzie\u017cowych, nast\u0119pnie  w Niezale\u017cnym Zrzeszeniu Student\u00f3w oraz w Komitecie Strajkowym na Uniwersytecie Wroc\u0142awskim w maju 1988 roku. By\u0142 publicyst\u0105 i wydawc\u0105 prasy podziemnej. Pe\u0142ni\u0142 rol\u0119 redaktora biuletynu \u201eWolny Strzelec\u201d. Nale\u017ca\u0142 do \u201eSolidarno\u015bci Walcz\u0105cej\u201d, wsp\u00f3\u0142zak\u0142ada\u0142 Inicjatyw\u0119 Walki Czynnej. Kolportowa\u0142 wydawnictwa konspiracyjne. Od kwietnia do wrze\u015bnia 1986 roku by\u0142 wi\u0119\u017aniem politycznym. Wsp\u00f3\u0142pracowa\u0142 z ostatnim Rz\u0105dem RP na Uchod\u017astwie m.in. jako wiceprezes Skarbu Narodowego RP w Wielkiej Brytanii w 1989 roku. By\u0142 publicyst\u0105 i redaktorem londy\u0144skiego \u201eDziennika Polskiego i Dziennika \u017bo\u0142nierza\u201d oraz \u201eRzeczpospolitej\u201d i \u201eOr\u0142a Bia\u0142ego\u201d. W 2020 roku zosta\u0142 odznaczony Krzy\u017cem Oficerskim Orderu Odrodzenia Polski.<\/p>\n","protected":false},"excerpt":{"rendered":"<p>Urodzi\u0142 si\u0119 22 grudnia 1964 roku we Wroc\u0142awiu. Uko\u0144czy\u0142 studia historyczne oraz MBA. By\u0142 stypendyst\u0105 londy\u0144skiej Fundacji AK. Autor ksi\u0105\u017cek i publikacji prasowych. Od pocz\u0105tku lat osiemdziesi\u0105tych by\u0142 zaanga\u017cowany w dzia\u0142alno\u015b\u0107 opozycji demokratycznej. W ramach tej dzia\u0142alno\u015bci udziela\u0142 si\u0119 w antykomunistycznych organizacjach m\u0142odzie\u017cowych, nast\u0119pnie w Niezale\u017cnym Zrzeszeniu Student\u00f3w oraz w Komitecie Strajkowym na Uniwersytecie Wroc\u0142awskim [&hellip;]<\/p>\n","protected":false},"featured_media":3630,"template":"","meta":[],"_links":{"self":[{"href":"http:\/\/ludzie.fundacja-pih.pl\/index.php\/wp-json\/wp\/v2\/product\/3330"}],"collection":[{"href":"http:\/\/ludzie.fundacja-pih.pl\/index.php\/wp-json\/wp\/v2\/product"}],"about":[{"href":"http:\/\/ludzie.fundacja-pih.pl\/index.php\/wp-json\/wp\/v2\/types\/product"}],"wp:featuredmedia":[{"embeddable":true,"href":"http:\/\/ludzie.fundacja-pih.pl\/index.php\/wp-json\/wp\/v2\/media\/3630"}],"wp:attachment":[{"href":"http:\/\/ludzie.fundacja-pih.pl\/index.php\/wp-json\/wp\/v2\/media?parent=3330"}],"curies":[{"name":"wp","href":"https:\/\/api.w.org\/{rel}","templated":true}]}}