{"id":3336,"date":"2021-05-07T13:46:49","date_gmt":"2021-05-07T13:46:49","guid":{"rendered":"http:\/\/ludzie.fundacja-pih.pl\/?post_type=product&#038;p=3336"},"modified":"2025-05-16T14:21:39","modified_gmt":"2025-05-16T14:21:39","slug":"rudnicki-marek-2","status":"publish","type":"product","link":"http:\/\/ludzie.fundacja-pih.pl\/index.php\/product\/rudnicki-marek-2\/","title":{"rendered":"Rudnicki Marek"},"content":{"rendered":"<p>Urodzi\u0142 si\u0119 2 stycznia 1948 roku w \u0141a\u0144cucie.<\/p>\n<p>By\u0142 zatrudniony jako lekarz w \u015al\u0105skiej Akademii Medycznej w Katowicach. W grudniu 1980 roku wszed\u0142 w sk\u0142ad prezydium Komisji Zak\u0142adowej NSZZ \u201eSolidarno\u015b\u0107\u201d na ww. uczelni. Po wprowadzeniu stanu wojennego nale\u017ca\u0142 do nieformalnej grupy by\u0142ych aktywist\u00f3w zwi\u0105zkowych. Dzia\u0142a\u0142 w tajnej Krajowej Komisji Koordynacyjnej S\u0142u\u017cby Zdrowia. W latach 1982 &#8211; 1987 by\u0142 cz\u0142onkiem Biskupiego Komitetu Pomocy Wi\u0119zionym i Internowanym w Katowicach. W jej ramach prowadzi\u0142 zagro\u017con\u0105 odpowiedzialno\u015bci\u0105 karn\u0105 dzia\u0142alno\u015b\u0107, polegaj\u0105c\u0105 na organizowaniu pomocy medycznej osobom internowanym, represjonowanym oraz ich rodzinom, ponadto by\u0142 zaanga\u017cowany w kolporta\u017c prasy podziemnej, w tym prasy \u201eSolidarno\u015bci Walcz\u0105cej\u201d. Z uwagi na swoj\u0105 aktywno\u015b\u0107 w powy\u017cszych strukturach, Marek Rudnicki mia\u0142 wielokrotnie zastrzegane wyjazdy zagraniczne, co uniemo\u017cliwia\u0142o mu rozw\u00f3j kariery zawodowej. W 1989 roku wyjecha\u0142 na sta\u0142e do Stan\u00f3w Zjednoczonych.<\/p>\n","protected":false},"excerpt":{"rendered":"<p>Urodzi\u0142 si\u0119 2 stycznia 1948 roku w \u0141a\u0144cucie. By\u0142 zatrudniony jako lekarz w \u015al\u0105skiej Akademii Medycznej w Katowicach. W grudniu 1980 roku wszed\u0142 w sk\u0142ad prezydium Komisji Zak\u0142adowej NSZZ \u201eSolidarno\u015b\u0107\u201d na ww. uczelni. Po wprowadzeniu stanu wojennego nale\u017ca\u0142 do nieformalnej grupy by\u0142ych aktywist\u00f3w zwi\u0105zkowych. Dzia\u0142a\u0142 w tajnej Krajowej Komisji Koordynacyjnej S\u0142u\u017cby Zdrowia. W latach 1982 [&hellip;]<\/p>\n","protected":false},"featured_media":3337,"template":"","meta":[],"_links":{"self":[{"href":"http:\/\/ludzie.fundacja-pih.pl\/index.php\/wp-json\/wp\/v2\/product\/3336"}],"collection":[{"href":"http:\/\/ludzie.fundacja-pih.pl\/index.php\/wp-json\/wp\/v2\/product"}],"about":[{"href":"http:\/\/ludzie.fundacja-pih.pl\/index.php\/wp-json\/wp\/v2\/types\/product"}],"wp:featuredmedia":[{"embeddable":true,"href":"http:\/\/ludzie.fundacja-pih.pl\/index.php\/wp-json\/wp\/v2\/media\/3337"}],"wp:attachment":[{"href":"http:\/\/ludzie.fundacja-pih.pl\/index.php\/wp-json\/wp\/v2\/media?parent=3336"}],"curies":[{"name":"wp","href":"https:\/\/api.w.org\/{rel}","templated":true}]}}