{"id":3339,"date":"2021-05-07T14:06:12","date_gmt":"2021-05-07T14:06:12","guid":{"rendered":"http:\/\/ludzie.fundacja-pih.pl\/?post_type=product&#038;p=3339"},"modified":"2025-05-16T14:21:41","modified_gmt":"2025-05-16T14:21:41","slug":"torbinski-artur-legnica","status":"publish","type":"product","link":"http:\/\/ludzie.fundacja-pih.pl\/index.php\/product\/torbinski-artur-legnica\/","title":{"rendered":"Torbi\u0144ski Artur (Legnica)"},"content":{"rendered":"<p>Terapeuta i dzia\u0142acz spo\u0142eczny, harcerz, w latach 80. dzia\u0142acz opozycji. Wraz z Krystyn\u0105 Bogus\u0142aw\u0105 Borek tworzy zesp\u00f3\u0142 Romantica.<br \/>\nDzia\u0142a\u0142 w Duszpasterstwie Harcerzy i Harcerek Ziemi Legnickiej przy parafii MBKP w Legnicy w latach 1986\u20131995. W drugiej po\u0142owie lat 80. Dzia\u0142a\u0142 w konspiracyjnym Niezale\u017cnym Ruchu Harcerskim i \u201eSolidarno\u015bci Walcz\u0105cej\u201d. W latach 1987\u20131999 dzia\u0142a\u0142 w Bia\u0142ej S\u0142u\u017cbie, w 2016 r. w ramach Bia\u0142ej S\u0142u\u017cby pracowa\u0142 przy \u015awiatowych Dniach M\u0142odzie\u017cy w Krakowie.<br \/>\nwww.pro.legnica.pl\/lzil\/borek-torbinski\/<\/p>\n","protected":false},"excerpt":{"rendered":"<p>Terapeuta i dzia\u0142acz spo\u0142eczny, harcerz, w latach 80. dzia\u0142acz opozycji. Wraz z Krystyn\u0105 Bogus\u0142aw\u0105 Borek tworzy zesp\u00f3\u0142 Romantica. Dzia\u0142a\u0142 w Duszpasterstwie Harcerzy i Harcerek Ziemi Legnickiej przy parafii MBKP w Legnicy w latach 1986\u20131995. W drugiej po\u0142owie lat 80. Dzia\u0142a\u0142 w konspiracyjnym Niezale\u017cnym Ruchu Harcerskim i \u201eSolidarno\u015bci Walcz\u0105cej\u201d. W latach 1987\u20131999 dzia\u0142a\u0142 w Bia\u0142ej S\u0142u\u017cbie, [&hellip;]<\/p>\n","protected":false},"featured_media":906,"template":"","meta":[],"_links":{"self":[{"href":"http:\/\/ludzie.fundacja-pih.pl\/index.php\/wp-json\/wp\/v2\/product\/3339"}],"collection":[{"href":"http:\/\/ludzie.fundacja-pih.pl\/index.php\/wp-json\/wp\/v2\/product"}],"about":[{"href":"http:\/\/ludzie.fundacja-pih.pl\/index.php\/wp-json\/wp\/v2\/types\/product"}],"wp:featuredmedia":[{"embeddable":true,"href":"http:\/\/ludzie.fundacja-pih.pl\/index.php\/wp-json\/wp\/v2\/media\/906"}],"wp:attachment":[{"href":"http:\/\/ludzie.fundacja-pih.pl\/index.php\/wp-json\/wp\/v2\/media?parent=3339"}],"curies":[{"name":"wp","href":"https:\/\/api.w.org\/{rel}","templated":true}]}}