{"id":3351,"date":"2021-05-07T14:47:05","date_gmt":"2021-05-07T14:47:05","guid":{"rendered":"http:\/\/ludzie.fundacja-pih.pl\/?post_type=product&#038;p=3351"},"modified":"2025-05-16T14:21:45","modified_gmt":"2025-05-16T14:21:45","slug":"berdowski-marek","status":"publish","type":"product","link":"http:\/\/ludzie.fundacja-pih.pl\/index.php\/product\/berdowski-marek\/","title":{"rendered":"Berdowski Marek"},"content":{"rendered":"<p>Dzia\u0142alno\u015b\u0107 opozycyjna<br \/>\n&#8211; 1980 \u2013cz\u0142onek NZS na wydziale Mat-Fiz-Chem Uniwersytetu Wroc\u0142awskiego.<br \/>\n&#8211; luty- czerwiec 1982 Wroc\u0142aw, druk \u201eZ Dnia na Dzie\u0144\u201d, biuletyny, ulotki RKS NSZZ \u201eSolidarno\u015b\u0107\u201d Dolny \u015al\u0105sk.<br \/>\n&#8211; czerwiec 1982- jesie\u0144 1986, Wroc\u0142aw: drukowanie \u201eSolidarno\u015bci Walcz\u0105cej\u201d, \u201eBiuletynu Dolno\u015bl\u0105skiego\u201d, ksi\u0105\u017cek, druk\u00f3w ulotnych<br \/>\n&#8211; Zesp\u00f3\u0142 drukarni: Jaros\u0142aw \u0141uczak, Marek Berdowski, Barbara Sarapuk, Zbigniew Wo\u017aniak,<br \/>\n&#8211; Bezpo\u015bredni prze\u0142o\u017ceni: Jaros\u0142aw \u0141uczak<br \/>\n&#8211; Aresztowany podczas demonstracji 1 maja 1983 roku zosta\u0142 skazany przez kolegium ds. wykrocze\u0144 Wroc\u0142aw \u015ar\u00f3dmie\u015bcie.<\/p>\n<p>Odznaczenia<br \/>\n&#8211; 2021 odznaczenie Krzy\u017cem Solidarno\u015bci Walcz\u0105cej<\/p>\n","protected":false},"excerpt":{"rendered":"<p>Dzia\u0142alno\u015b\u0107 opozycyjna &#8211; 1980 \u2013cz\u0142onek NZS na wydziale Mat-Fiz-Chem Uniwersytetu Wroc\u0142awskiego. &#8211; luty- czerwiec 1982 Wroc\u0142aw, druk \u201eZ Dnia na Dzie\u0144\u201d, biuletyny, ulotki RKS NSZZ \u201eSolidarno\u015b\u0107\u201d Dolny \u015al\u0105sk. &#8211; czerwiec 1982- jesie\u0144 1986, Wroc\u0142aw: drukowanie \u201eSolidarno\u015bci Walcz\u0105cej\u201d, \u201eBiuletynu Dolno\u015bl\u0105skiego\u201d, ksi\u0105\u017cek, druk\u00f3w ulotnych &#8211; Zesp\u00f3\u0142 drukarni: Jaros\u0142aw \u0141uczak, Marek Berdowski, Barbara Sarapuk, Zbigniew Wo\u017aniak, &#8211; Bezpo\u015bredni [&hellip;]<\/p>\n","protected":false},"featured_media":3352,"template":"","meta":[],"_links":{"self":[{"href":"http:\/\/ludzie.fundacja-pih.pl\/index.php\/wp-json\/wp\/v2\/product\/3351"}],"collection":[{"href":"http:\/\/ludzie.fundacja-pih.pl\/index.php\/wp-json\/wp\/v2\/product"}],"about":[{"href":"http:\/\/ludzie.fundacja-pih.pl\/index.php\/wp-json\/wp\/v2\/types\/product"}],"wp:featuredmedia":[{"embeddable":true,"href":"http:\/\/ludzie.fundacja-pih.pl\/index.php\/wp-json\/wp\/v2\/media\/3352"}],"wp:attachment":[{"href":"http:\/\/ludzie.fundacja-pih.pl\/index.php\/wp-json\/wp\/v2\/media?parent=3351"}],"curies":[{"name":"wp","href":"https:\/\/api.w.org\/{rel}","templated":true}]}}