{"id":3359,"date":"2021-05-07T14:55:16","date_gmt":"2021-05-07T14:55:16","guid":{"rendered":"http:\/\/ludzie.fundacja-pih.pl\/?post_type=product&#038;p=3359"},"modified":"2025-05-16T14:21:46","modified_gmt":"2025-05-16T14:21:46","slug":"slowinski-romuald-legnica","status":"publish","type":"product","link":"http:\/\/ludzie.fundacja-pih.pl\/index.php\/product\/slowinski-romuald-legnica\/","title":{"rendered":"S\u0142owi\u0144ski Romuald (Legnica)"},"content":{"rendered":"<p>Urodzi\u0142 si\u0119 30 wrze\u015bnia 1944 r. w Graz (Austria). <\/p>\n<p>W kwietniu 1977 roku rozpocz\u0105\u0142 prac\u0119 w Okr\u0119gowym Zak\u0142adzie Transportu i Maszyn Drogowych w Jaworze na stanowisku kierownika Pracowni Projektowo-Technologicznej. We wrze\u015bniu  1980 roku w\u0142\u0105czy\u0142 si\u0119 w tworzenie zwi\u0105zku NSZZ \u201eSolidarno\u015b\u0107\u201d w miejscu pracy. Po wprowadzeniu stanu wojennego zak\u0142ad zosta\u0142 zmilitaryzowany. Priorytetem w trakcie ostrej zimy, by\u0142o utrzymanie przejezdnych dr\u00f3g. W wyniku zatarg\u00f3w z dyrekcj\u0105 w kwestii oceny stanu wojennego, odszed\u0142 z pracy. W lutym 1984 roku zosta\u0142 zatrudniony w Energomonta\u017cu-Zach\u00f3d Oddzia\u0142 nr 3 Legnica, jako zast\u0119pca kierownika produkcji. Korzystaj\u0105c z delegacji s\u0142u\u017cbowych do dyrekcji we Wroc\u0142awiu, kolportowa\u0142 podziemn\u0105 pras\u0119. Wsp\u00f3\u0142pracowa\u0142 tak\u017ce z dzia\u0142aczami \u201eSolidarno\u015bci Walcz\u0105cej\u201d i kolportowa\u0142 pras\u0119 sygnowan\u0105 przez SW.<\/p>\n","protected":false},"excerpt":{"rendered":"<p>Urodzi\u0142 si\u0119 30 wrze\u015bnia 1944 r. w Graz (Austria). W kwietniu 1977 roku rozpocz\u0105\u0142 prac\u0119 w Okr\u0119gowym Zak\u0142adzie Transportu i Maszyn Drogowych w Jaworze na stanowisku kierownika Pracowni Projektowo-Technologicznej. We wrze\u015bniu 1980 roku w\u0142\u0105czy\u0142 si\u0119 w tworzenie zwi\u0105zku NSZZ \u201eSolidarno\u015b\u0107\u201d w miejscu pracy. Po wprowadzeniu stanu wojennego zak\u0142ad zosta\u0142 zmilitaryzowany. Priorytetem w trakcie ostrej zimy, [&hellip;]<\/p>\n","protected":false},"featured_media":5547,"template":"","meta":[],"_links":{"self":[{"href":"http:\/\/ludzie.fundacja-pih.pl\/index.php\/wp-json\/wp\/v2\/product\/3359"}],"collection":[{"href":"http:\/\/ludzie.fundacja-pih.pl\/index.php\/wp-json\/wp\/v2\/product"}],"about":[{"href":"http:\/\/ludzie.fundacja-pih.pl\/index.php\/wp-json\/wp\/v2\/types\/product"}],"wp:featuredmedia":[{"embeddable":true,"href":"http:\/\/ludzie.fundacja-pih.pl\/index.php\/wp-json\/wp\/v2\/media\/5547"}],"wp:attachment":[{"href":"http:\/\/ludzie.fundacja-pih.pl\/index.php\/wp-json\/wp\/v2\/media?parent=3359"}],"curies":[{"name":"wp","href":"https:\/\/api.w.org\/{rel}","templated":true}]}}