{"id":3362,"date":"2021-05-10T07:51:20","date_gmt":"2021-05-10T07:51:20","guid":{"rendered":"http:\/\/ludzie.fundacja-pih.pl\/?post_type=product&#038;p=3362"},"modified":"2025-05-16T14:21:47","modified_gmt":"2025-05-16T14:21:47","slug":"doranczyk-bronislaw","status":"publish","type":"product","link":"http:\/\/ludzie.fundacja-pih.pl\/index.php\/product\/doranczyk-bronislaw\/","title":{"rendered":"Dora\u0144czyk Bronis\u0142aw"},"content":{"rendered":"<p>ur. 1965 r.<br \/>\nOd 1984 r. dzia\u0142acz Solidarno\u015bci Walcz\u0105cej. Zajmowa\u0142 si\u0119 g\u0142\u00f3wnie kolporta\u017cem, rozklejaniem ulotek oraz uczestnictwem w manifestacjach ulicznych.<br \/>\nZatrzymany w pa\u017adzierniku 1984 r. wraz z Dariuszem Bogdanem i Dominikiem Szyma\u0144skim, skazany.<br \/>\nOdsiedzia\u0142 cz\u0119\u015b\u0107 wyroku.<\/p>\n","protected":false},"excerpt":{"rendered":"<p>ur. 1965 r. Od 1984 r. dzia\u0142acz Solidarno\u015bci Walcz\u0105cej. Zajmowa\u0142 si\u0119 g\u0142\u00f3wnie kolporta\u017cem, rozklejaniem ulotek oraz uczestnictwem w manifestacjach ulicznych. Zatrzymany w pa\u017adzierniku 1984 r. wraz z Dariuszem Bogdanem i Dominikiem Szyma\u0144skim, skazany. Odsiedzia\u0142 cz\u0119\u015b\u0107 wyroku.<\/p>\n","protected":false},"featured_media":3489,"template":"","meta":[],"_links":{"self":[{"href":"http:\/\/ludzie.fundacja-pih.pl\/index.php\/wp-json\/wp\/v2\/product\/3362"}],"collection":[{"href":"http:\/\/ludzie.fundacja-pih.pl\/index.php\/wp-json\/wp\/v2\/product"}],"about":[{"href":"http:\/\/ludzie.fundacja-pih.pl\/index.php\/wp-json\/wp\/v2\/types\/product"}],"wp:featuredmedia":[{"embeddable":true,"href":"http:\/\/ludzie.fundacja-pih.pl\/index.php\/wp-json\/wp\/v2\/media\/3489"}],"wp:attachment":[{"href":"http:\/\/ludzie.fundacja-pih.pl\/index.php\/wp-json\/wp\/v2\/media?parent=3362"}],"curies":[{"name":"wp","href":"https:\/\/api.w.org\/{rel}","templated":true}]}}