{"id":3373,"date":"2021-05-11T03:06:08","date_gmt":"2021-05-11T03:06:08","guid":{"rendered":"http:\/\/ludzie.fundacja-pih.pl\/?post_type=product&#038;p=3373"},"modified":"2025-05-16T14:21:49","modified_gmt":"2025-05-16T14:21:49","slug":"wysocki-antoni-lubin","status":"publish","type":"product","link":"http:\/\/ludzie.fundacja-pih.pl\/index.php\/product\/wysocki-antoni-lubin\/","title":{"rendered":"Wysocki Antoni (Lubin)"},"content":{"rendered":"<p>Urodzi\u0142 si\u0119 23 kwietnia 1957 roku w Gryfowie \u015al\u0105skim.  <\/p>\n<p>W latach 1975 &#8211; 1976 pracowa\u0142 jako kierowca Przedsi\u0119biorstwa Transportu Samochodowego \u0141\u0105czno\u015b\u0107. W 1976 roku zosta\u0142 zwolniony z pracy za zorganizowanie akcji u\u015bwiadamiaj\u0105cej na temat praw pracowniczych. Od 28 sierpnia do 31 sierpnia 1980 by\u0142 doradc\u0105 i organizatorem strajku w Zak\u0142adzie Transportu KGHM w Lubinie \u2013 baza w Polkowicach oraz przewodnicz\u0105cym Komitetu Strajkowego. Od wrze\u015bnia 1980 roku do 13 grudnia 1981 roku nale\u017ca\u0142 do KZ \u201eS\u201d tam\u017ce. W 1982 roku zwolniony z pracy za dzia\u0142alno\u015b\u0107 opozycyjn\u0105. W latach 1981 &#8211; 1989 wchodzi\u0142 w sk\u0142ad Tajnej Komisji Zak\u0142adowej NSZZ Solidarno\u015b\u0107 Zak\u0142adu Transportu KGHM w Lubinie oraz PKS Lubin. W 1983 roku wst\u0105pi\u0142 do \u201eSolidarno\u015bci Walcz\u0105cej\u201d. Organizowa\u0142 dostawy papieru do druku i kolportowa\u0142 wydawnictwa podziemne w tym tytu\u0142y takie jak: \u201eSolidarno\u015b\u0107 Walcz\u0105ca\u201d, \u201eZag\u0142\u0119bie Miedziowe\u201d, \u201eGazeta Lubi\u0144ska\u201d, \u201eZ Dnia na Dzie\u0144\u201d. W latach 1983 &#8211; 1990 wsp\u00f3\u0142organizowa\u0142 manifestacje upami\u0119tniaj\u0105ce tzw. zbrodni\u0119 lubi\u0144sk\u0105. Organizowa\u0142 prelekcje i koncerty w Duszpasterstwie Ludzi Pracy w Lubinie oraz w Towarzystwie \u201ePow\u015bci\u0105gliwo\u015b\u0107 i Praca\u201d tam\u017ce. W 1988 roku za\u0142o\u017cy\u0142 i zosta\u0142 przewodnicz\u0105cym TKZ \u201eS\u201d PKS Lubin, nast\u0119pnie obj\u0105\u0142 funkcj\u0119 przewodnicz\u0105cego KZ \u201eS\u201d. W 1989 roku by\u0142 inicjatorem i pomocnikiem przy zak\u0142adaniu KZ \u201eS\u201d w innych zak\u0142adach pracy m.in. w Fabryce Instrument\u00f3w Lutniczych w Lubinie. Antoni Wysocki zosta\u0142 odznaczony Krzy\u017cem Wolno\u015bci i Solidarno\u015bci, Z\u0142otym Krzy\u017cem Zas\u0142ugi, Krzy\u017cem Solidarno\u015bci Walcz\u0105cej oraz Odznak\u0105 Honorow\u0105 \u201eDzia\u0142acza opozycji antykomunistycznej lub osoby represjonowanej z powod\u00f3w politycznych\u201d.<\/p>\n","protected":false},"excerpt":{"rendered":"<p>Urodzi\u0142 si\u0119 23 kwietnia 1957 roku w Gryfowie \u015al\u0105skim. W latach 1975 &#8211; 1976 pracowa\u0142 jako kierowca Przedsi\u0119biorstwa Transportu Samochodowego \u0141\u0105czno\u015b\u0107. W 1976 roku zosta\u0142 zwolniony z pracy za zorganizowanie akcji u\u015bwiadamiaj\u0105cej na temat praw pracowniczych. Od 28 sierpnia do 31 sierpnia 1980 by\u0142 doradc\u0105 i organizatorem strajku w Zak\u0142adzie Transportu KGHM w Lubinie \u2013 [&hellip;]<\/p>\n","protected":false},"featured_media":3374,"template":"","meta":[],"_links":{"self":[{"href":"http:\/\/ludzie.fundacja-pih.pl\/index.php\/wp-json\/wp\/v2\/product\/3373"}],"collection":[{"href":"http:\/\/ludzie.fundacja-pih.pl\/index.php\/wp-json\/wp\/v2\/product"}],"about":[{"href":"http:\/\/ludzie.fundacja-pih.pl\/index.php\/wp-json\/wp\/v2\/types\/product"}],"wp:featuredmedia":[{"embeddable":true,"href":"http:\/\/ludzie.fundacja-pih.pl\/index.php\/wp-json\/wp\/v2\/media\/3374"}],"wp:attachment":[{"href":"http:\/\/ludzie.fundacja-pih.pl\/index.php\/wp-json\/wp\/v2\/media?parent=3373"}],"curies":[{"name":"wp","href":"https:\/\/api.w.org\/{rel}","templated":true}]}}