{"id":3376,"date":"2021-05-11T07:24:19","date_gmt":"2021-05-11T07:24:19","guid":{"rendered":"http:\/\/ludzie.fundacja-pih.pl\/?post_type=product&#038;p=3376"},"modified":"2025-05-16T14:21:51","modified_gmt":"2025-05-16T14:21:51","slug":"liszewski-eugeniusz-lubin","status":"publish","type":"product","link":"http:\/\/ludzie.fundacja-pih.pl\/index.php\/product\/liszewski-eugeniusz-lubin\/","title":{"rendered":"Liszewski Eugeniusz (Lubin)"},"content":{"rendered":"<p>Urodzi\u0142 si\u0119 2 marca 1955 roku w Okr\u0105g\u0142ej \u0141\u0105ce.<\/p>\n<p>W 1980 roku wst\u0105pi\u0142 do NSZZ \u201eSolidarno\u015b\u0107\u201d. Po wprowadzeniu stanu wojennego, w dniach 14 &#8211; 17 grudnia 1981 roku, bra\u0142 udzia\u0142 w strajku okupacyjnym w KGHM Zak\u0142ady G\u00f3rnicze Rudna. Zosta\u0142 zwolniony z pracy za dzia\u0142alno\u015b\u0107 zwi\u0105zkow\u0105. W latach 1982 \u2013 1989 dzia\u0142a\u0142 w nast\u0119puj\u0105cych struktur konspiracyjnych: 1984 &#8211; 1989 \u201eSolidarno\u015b\u0107 Walcz\u0105ca\u201d; 1982 \u2013 1983 cz\u0142onek podziemnej Tajnej Komisji Zak\u0142adowej NSZZ \u201eSolidarno\u015b\u0107\u201d KGHM Zak\u0142ad\u00f3w G\u00f3rniczych \u201eRudna\u201d w Polkowicach; 1984 \u2013 1989 cz\u0142onek podziemnej Tymczasowej Komisji Zak\u0142adowej NSZZ \u201eSolidarno\u015b\u0107\u201d Zak\u0142ad\u00f3w Rob\u00f3t G\u00f3rniczych KGHM w Lubinie. Zosta\u0142 aresztowany za dzia\u0142alno\u015b\u0107 w podziemnych strukturach NSZZ \u201eSolidarno\u015b\u0107\u201d. Od marca do pa\u017adziernika 1983 roku by\u0142 przetrzymywany w Areszcie \u015aledczym we Wroc\u0142awiu. Zosta\u0142 skazany przez S\u0105d \u015al\u0105ski Okr\u0119gu Wojskowego we Wroc\u0142awiu na kar\u0119 1,5 roku pozbawienia wolno\u015bci w zawieszeniu na 3 lata. W latach 1983 &#8211; 1989 kolportowa\u0142 wydawnictwa podziemnych, w tym m.in. \u201eSolidarno\u015b\u0107 Walcz\u0105ca\u201d, \u201e\u017b\u0105d\u0142o Robola\u201d, \u201eBiuletyn Informacyjny TKZ NSZZ Solidarno\u015b\u0107 ZRG Lubin\u201d, \u201eNSZZ Solidarno\u015b\u0107 Zag\u0142\u0119bia Miedziowego\u201d, \u201eWolny G\u0142os\u201d. Od 1984 roku do stycznia 1989 roku w ramach TKZ NSZZ Solidarno\u015b\u0107 ZRG KGHM Lubin i \u201eSolidarno\u015bci Walcz\u0105cej\u201d w Lubinie by\u0142 odpowiedzialny za akcje bie\u017c\u0105ce, akcje ulotkowe, demonstracje, malowanie antyre\u017cimowych hase\u0142 na murach. W maju 1988 roku wsp\u00f3\u0142organizowa\u0142 strajk w Zak\u0142adzie Rob\u00f3t G\u00f3rniczych KGHM Lubin. W sierpniu tego samego roku wsp\u00f3\u0142organizowa\u0142 strajk w KGHM Lubin. W 1988 roku wchodzi\u0142 w sk\u0142ad Komitetu Organizacyjnego NSZZ \u201eSolidarno\u015b\u0107\u201d w Zak\u0142adzie Rob\u00f3t G\u00f3rniczych KGHM Lubin. By\u0142 represjonowany za dzia\u0142alno\u015b\u0107 w podziemiu niepodleg\u0142o\u015bciowym. Eugeniusz Liszewski zosta\u0142 odznaczony  Odznak\u0105 Honorow\u0105 \u201eDzia\u0142acza opozycji antykomunistycznej lub osoby represjonowanej z powod\u00f3w politycznych\u201d.<\/p>\n","protected":false},"excerpt":{"rendered":"<p>Urodzi\u0142 si\u0119 2 marca 1955 roku w Okr\u0105g\u0142ej \u0141\u0105ce. W 1980 roku wst\u0105pi\u0142 do NSZZ \u201eSolidarno\u015b\u0107\u201d. Po wprowadzeniu stanu wojennego, w dniach 14 &#8211; 17 grudnia 1981 roku, bra\u0142 udzia\u0142 w strajku okupacyjnym w KGHM Zak\u0142ady G\u00f3rnicze Rudna. Zosta\u0142 zwolniony z pracy za dzia\u0142alno\u015b\u0107 zwi\u0105zkow\u0105. W latach 1982 \u2013 1989 dzia\u0142a\u0142 w nast\u0119puj\u0105cych struktur konspiracyjnych: [&hellip;]<\/p>\n","protected":false},"featured_media":906,"template":"","meta":[],"_links":{"self":[{"href":"http:\/\/ludzie.fundacja-pih.pl\/index.php\/wp-json\/wp\/v2\/product\/3376"}],"collection":[{"href":"http:\/\/ludzie.fundacja-pih.pl\/index.php\/wp-json\/wp\/v2\/product"}],"about":[{"href":"http:\/\/ludzie.fundacja-pih.pl\/index.php\/wp-json\/wp\/v2\/types\/product"}],"wp:featuredmedia":[{"embeddable":true,"href":"http:\/\/ludzie.fundacja-pih.pl\/index.php\/wp-json\/wp\/v2\/media\/906"}],"wp:attachment":[{"href":"http:\/\/ludzie.fundacja-pih.pl\/index.php\/wp-json\/wp\/v2\/media?parent=3376"}],"curies":[{"name":"wp","href":"https:\/\/api.w.org\/{rel}","templated":true}]}}